{"id":5544,"date":"2026-01-23T19:57:37","date_gmt":"2026-01-23T19:57:37","guid":{"rendered":"https:\/\/www.easyspanishtax.com\/?page_id=5544"},"modified":"2026-02-20T21:49:10","modified_gmt":"2026-02-20T21:49:10","slug":"tax-form","status":"publish","type":"page","link":"https:\/\/www.easyspanishtax.com\/sv\/tax-form\/","title":{"rendered":"Skatteblanketter"},"content":{"rendered":"<div data-elementor-type=\"wp-page\" data-elementor-id=\"5544\" class=\"elementor elementor-5544\" data-elementor-post-type=\"page\">\n\t\t\t\t<div class=\"elementor-element elementor-element-bf0dd7e e-flex e-con-boxed e-con e-parent\" data-id=\"bf0dd7e\" data-element_type=\"container\" data-e-type=\"container\" id=\"formmain\">\n\t\t\t\t\t<div class=\"e-con-inner\">\n\t\t\t\t<div class=\"elementor-element elementor-element-3e9c30f elementor-widget elementor-widget-shortcode\" data-id=\"3e9c30f\" data-element_type=\"widget\" data-e-type=\"widget\" id=\"center-section\" data-widget_type=\"shortcode.default\">\n\t\t\t\t\t\t\t<div class=\"elementor-shortcode\">        <div class=\"est-it-wrap\" data-prefill=\"0\" data-prefill-ok=\"0\" data-package=\"0\" data-owners=\"0\">\n            <div class=\"est-it-card\">\n                <h2 class=\"est-it-title\">Skatteformul\u00e4r<\/h2>\n\n                <div class=\"est-it-stepper\">\n                    <div class=\"est-it-step\" data-step=\"0\"><span>1<\/span> Paket<\/div>\n                    <div class=\"est-it-step\" data-step=\"1\"><span>2<\/span> Grundl\u00e4ggande<\/div>\n                    <div class=\"est-it-step\" data-step=\"2\"><span>3<\/span> <span class=\"est-it-step-label-2\">\u00c4gare<\/span><\/div>\n                    <div class=\"est-it-step\" data-step=\"3\"><span>4<\/span> Fastighet<\/div>\n                    <div class=\"est-it-step\" data-step=\"4\"><span>5<\/span> Detaljer<\/div>\n                    <div class=\"est-it-step\" data-step=\"5\"><span>6<\/span> F\u00f6rhandsgranskning<\/div>\n                    <div class=\"est-it-step\" data-step=\"6\"><span>7<\/span> Betalning<\/div>\n                <\/div>\n\n                <div id=\"est-it-messages\" class=\"est-it-messages\" style=\"display:none\"><\/div>\n\n                <form id=\"est-it-form\" novalidate action=\"\">\n                    <input type=\"hidden\" name=\"submission_id\" id=\"est_submission_id\" value=\"0\" \/>\n\n                    <!-- STEP 0 -->\n                    <section class=\"est-it-section\" data-step=\"0\">\n                        <h3>V\u00e4lj ett paket<\/h3>\n                        <div class=\"est-it-grid\" id=\"est-packages\"><\/div>\n                        <div class=\"est-it-actions\">\n                            <button type=\"button\" class=\"est-it-btn est-it-btn-primary est-it-next\">N\u00e4sta<\/button>\n                        <\/div>\n                    <\/section>\n\n                    <!-- STEP 1 -->\n                    <section class=\"est-it-section\" data-step=\"1\" style=\"display:none\">\n                        <h3>Beskattnings\u00e5r &amp; \u00e4gare<\/h3>\n                        <div class=\"est-it-field\">\n                            <label>Beskattnings\u00e5r <span class=\"req\">*<\/span><\/label>\n                            <select name=\"tax_year\" id=\"est_tax_year\" required><\/select>\n                        <\/div>\n                        <div class=\"est-it-field\">\n                            <label>Antal \u00e4gare <span class=\"req\">*<\/span><\/label>\n                            <select name=\"owners_count\" id=\"est_owners_count\" required>\n                                <option value=\"\">V\u00e4lj<\/option>\n                                <option value=\"1\">1<\/option>\n                                <option value=\"2\">2<\/option>\n                                <option value=\"3\">3<\/option>\n                                <option value=\"4\">4<\/option>\n                            <\/select>\n                        <\/div>\n                        <div class=\"est-it-actions\">\n                            <button type=\"button\" class=\"est-it-btn est-it-btn-ghost est-it-prev\">Tillbaka<\/button>\n                            <button type=\"button\" class=\"est-it-btn est-it-btn-primary est-it-next\">N\u00e4sta<\/button>\n                        <\/div>\n                    <\/section>\n\n                    <!-- STEP 2 -->\n<section class=\"est-it-section\" data-step=\"2\" style=\"display:none\">\n    <div id=\"est-step2-owner-block\">\n        <h3>Uppgifter om \u00e4garen<\/h3>\n        <div class=\"est-it-instructions\" data-instr=\"owners\"><\/div>\n\n        <div id=\"est-owners\"><\/div>\n    <\/div>\n\n    <h3 class=\"est-step2-contact-title\" style=\"margin-top:20px;\">Kontaktuppgifter<\/h3>\n    <div class=\"est-it-instructions\" data-instr=\"contact\"><\/div>\n\n    <div class=\"est-it-grid2\">\n        <div class=\"est-it-field\">\n            <label>E-post <span class=\"req\">*<\/span><\/label>\n            <input type=\"email\" name=\"contact_email\" id=\"est_contact_email\" required \/>\n            <div class=\"est-it-muted\">Vi skapar ditt konto automatiskt efter att du klickat p\u00e5 N\u00e4sta. Anv\u00e4ndarnamn = e-post. En s\u00e4ker l\u00e4nk f\u00f6r att konfigurera l\u00f6senordet skickas till din e-post.<\/div>\n        <\/div>\n        <div class=\"est-it-field\">\n            <label>Telefon<\/label>\n            <input type=\"text\" name=\"contact_phone\" id=\"est_contact_phone\" \/>\n        <\/div>\n    <\/div>\n\n    <div class=\"est-it-actions\">\n        <button type=\"button\" class=\"est-it-btn est-it-btn-ghost est-it-prev\">Tillbaka<\/button>\n        <button type=\"button\" class=\"est-it-btn est-it-btn-primary est-it-next\">N\u00e4sta<\/button>\n    <\/div>\n<\/section>\n\n<!-- STEP 3 -->\n\n<!-- STEP 3 -->\n                    <section class=\"est-it-section\" data-step=\"3\" style=\"display:none\">\n                        <h3>Uppgifter om fastigheten<\/h3>\n                        <p class=\"est-it-muted\">Dina fastighetsuppgifter i Spanien.<\/p>\n                        <div class=\"est-it-instructions\" data-instr=\"property\"><\/div>\n                        <div class=\"est-it-grid2\">\n                            <div class=\"est-it-field\">\n                                <label>Typ av fastighet <span class=\"req\">*<\/span><\/label>\n                                <select name=\"property_type\" id=\"est_property_type\" required>\n                                    <option value=\"\">V\u00e4lj<\/option>\n                                    <option value=\"Apartment\">L\u00e4genhet<\/option>\n                                    <option value=\"House\">Hus<\/option>\n                                    <option value=\"Garage\">Garage<\/option>\n                                    <option value=\"Storage\">F\u00f6rvaring<\/option>\n                                    <option value=\"Plot\">Tomt<\/option>\n                                <\/select>\n                            <\/div>\n                            <div class=\"est-it-field\">\n                                <label>Fastighetsadress <span class=\"req\">*<\/span><\/label>\n                                <input type=\"text\" name=\"property_address\" required \/>\n                            <\/div>\n                            <div class=\"est-it-field\">\n                                <label>Postnummer <span class=\"req\">*<\/span><\/label>\n                                <input type=\"text\" name=\"property_postal_code\" required \/>\n                            <\/div>\n                            <div class=\"est-it-field\">\n                                <label>Stad <span class=\"req\">*<\/span><\/label>\n                                <input type=\"text\" name=\"property_city\" required \/>\n                            <\/div>\n                            <div class=\"est-it-field\">\n                                <label>Provins <span class=\"req\">*<\/span><\/label>\n                                <input type=\"text\" name=\"property_province\" required \/>\n                            <\/div>\n                            <div class=\"est-it-field\">\n                                <label>Kadastral referens <span class=\"req\">*<\/span><\/label>\n                                <input type=\"text\" name=\"cadastral_reference\" required \/>\n                                <div class=\"est-it-help\">Kadastralreferens och kadastralt v\u00e4rde finns p\u00e5 ditt IBI-skattekvitto.<\/div>\n                            <\/div>\n                            <div class=\"est-it-field\">\n                                <label>Kadastralt v\u00e4rde (\u20ac)<\/label>\n                                <input type=\"number\" step=\"0.01\" min=\"0\" name=\"cadastral_value\" \/>\n                                <div class=\"est-it-help\">Kadastralreferens och kadastralt v\u00e4rde finns p\u00e5 ditt IBI-skattekvitto.<\/div>\n                            <\/div>\n                            <div class=\"est-it-field\">\n    <label>Fastighet \u00e4gd under hela \u00e5ret? <span class=\"req\">*<\/span><\/label>\n    <select name=\"owned_full_year\" id=\"est_owned_full_year\" required>\n        <option value=\"\">V\u00e4lj<\/option>\n        <option value=\"Yes\">Ja<\/option>\n        <option value=\"No\">Nej<\/option>\n    <\/select>\n<\/div>\n\n<div class=\"est-it-field\">\n    <label>S\u00e5lde eller k\u00f6pte du denna fastighet i <span id=\"est_sold_year\"><\/span>? <span class=\"req\">*<\/span><\/label>\n    <select name=\"sold_or_purchased\" id=\"est_sold_or_purchased\" required>\n        <option value=\"\">V\u00e4lj<\/option>\n        <option value=\"No\">Nej<\/option>\n        <option value=\"Yes\">Ja<\/option>\n    <\/select>\n<\/div>\n<\/div>\n                        <div class=\"est-it-actions\">\n                            <button type=\"button\" class=\"est-it-btn est-it-btn-ghost est-it-prev\">Tillbaka<\/button>\n                            <button type=\"button\" class=\"est-it-btn est-it-btn-primary est-it-next\">N\u00e4sta<\/button>\n                        <\/div>\n                    <\/section>\n\n                    <!-- STEP 4 -->\n                    <section class=\"est-it-section\" data-step=\"4\" style=\"display:none\">\n                        <h3 id=\"est-step4-title\">Detaljer<\/h3>\n\n                        <div id=\"est-days-owned-wrap\" class=\"est-it-field\" style=\"display:none\">\n                                <label>Antal \u00e4gda dagar under skatte\u00e5ret <span class=\"req\">*<\/span><\/label>\n                                <input type=\"number\" min=\"0\" max=\"366\" name=\"days_owned\" \/>\n                            <\/div>\n\n                        <div id=\"est-step4-rental\" style=\"display:none\">\n    <div class=\"est-it-instructions\" data-instr=\"rental\"><\/div>\n\n    <p class=\"est-it-help\"><strong>Hur m\u00e5nga dagar var din fastighet uthyrd under <span id=\"est_rental_year\"><\/span>?<\/strong><\/p>\n\n    <div class=\"est-it-grid2\">\n        <div class=\"est-it-field\">\n            <label>Hyrda dagar <span class=\"req\">*<\/span><\/label>\n            <input type=\"number\" min=\"0\" max=\"366\" name=\"rented_days\" required \/>\n        <\/div>\n\n        <div class=\"est-it-field\">\n            <label>Typ av uthyrning <span class=\"req\">*<\/span><\/label>\n            <select name=\"rental_type\" required>\n                <option value=\"\">V\u00e4lj<\/option>\n                <option value=\"Short term rental\">Korttidsuthyrning<\/option>\n                <option value=\"Long term rental\">L\u00e5ngtidsuthyrning<\/option>\n            <\/select>\n        <\/div>\n\n        <div class=\"est-it-field\">\n            <label>Hyresint\u00e4kter (\u20ac) <span class=\"req\">*<\/span><\/label>\n            <input type=\"number\" step=\"0.01\" min=\"0\" name=\"rental_income\" required \/>\n            <div class=\"est-it-help\">Ange den totala hyresint\u00e4kten som du gjorde under \u00e5ret.<\/div>\n        <\/div>\n    <\/div>\n\n    <h4 style=\"margin-top:18px;\">Hyreskostnader<\/h4>\n    <div class=\"est-it-muted\">Nedan finns en lista \u00f6ver utgifter som kan vara avdragsgilla enligt de spanska skattemyndigheterna. V\u00e4nligen ange endast beloppen f\u00f6r de utgifter du har. Om en kategori inte g\u00e4ller dig l\u00e4mnar du den bara tom.<\/div>\n\n    <div class=\"est-it-grid2\" style=\"margin-top:10px;\">\n        <div class=\"est-it-field\">\n            <label>Lokala skatter (\u20ac)<\/label>\n            <input type=\"number\" step=\"0.01\" min=\"0\" name=\"cost_local_taxes\" \/>\n            <div class=\"est-it-help\">De lokala skatterna \u00e4r IBI och soph\u00e4mtningsavgifter. Vid l\u00e5ngtidsuthyrning, l\u00e4gg till den totala IBI-kostnaden f\u00f6r \u00e5ret.<\/div>\n        <\/div>\n\n        <div class=\"est-it-field\">\n            <label>Gemenskapsavgifter (\u20ac)<\/label>\n            <input type=\"number\" step=\"0.01\" min=\"0\" name=\"cost_community_fees\" \/>\n            <div class=\"est-it-help\">Vid l\u00e5ngtidshyra, l\u00e4gg till den totala kostnaden f\u00f6r \u00e5ret. Vid korttidshyra, ber\u00e4kna f\u00f6r hyrd tid.<\/div>\n        <\/div>\n\n        <div class=\"est-it-field\">\n            <label>Allm\u00e4nnyttiga f\u00f6retag (\u20ac)<\/label>\n            <input type=\"number\" step=\"0.01\" min=\"0\" name=\"cost_utilities\" \/>\n            <div class=\"est-it-help\">Kostnader f\u00f6r vatten, el, internet och larm etc. Vid korttidsuthyrning, ber\u00e4kna f\u00f6r den hyrda tiden.<\/div>\n        <\/div>\n\n        <div class=\"est-it-field\">\n            <label>R\u00e4nta p\u00e5 hypoteksl\u00e5n (\u20ac)<\/label>\n            <input type=\"number\" step=\"0.01\" min=\"0\" name=\"cost_mortgage_interest\" \/>\n            <div class=\"est-it-help\">Vid korttidshyra, ber\u00e4kna f\u00f6r hyrd tid. Om l\u00e5ngtidsuthyrning, skriv in de totala kostnaderna f\u00f6r \u00e5ret.<\/div>\n        <\/div>\n\n        <div class=\"est-it-field\">\n            <label>Avgifter f\u00f6r fastighetsf\u00f6rvaltning (\u20ac)<\/label>\n            <input type=\"number\" step=\"0.01\" min=\"0\" name=\"cost_property_management\" \/>\n            <div class=\"est-it-help\">Kostnader f\u00f6r hyreshantering, st\u00e4dning, annonsering, internetportaler som VRBO, Booking och Airbnb etc.<\/div>\n        <\/div>\n\n        <div class=\"est-it-field\">\n            <label>Underh\u00e5lls- och reparationskostnader (\u20ac)<\/label>\n            <input type=\"number\" step=\"0.01\" min=\"0\" name=\"cost_maintenance_repair\" \/>\n            <div class=\"est-it-help\">Reparationsarbeten, m\u00e5lning och andra underh\u00e5llsarbeten.<\/div>\n        <\/div>\n\n        <div class=\"est-it-field\">\n            <label>Hemf\u00f6rs\u00e4kring (\u20ac)<\/label>\n            <input type=\"number\" step=\"0.01\" min=\"0\" name=\"cost_home_insurance\" \/>\n            <div class=\"est-it-help\">Vid korttidshyra, ber\u00e4kna f\u00f6rs\u00e4kringskostnaden f\u00f6r den hyrda tiden. Om l\u00e5ngtidsuthyrning, skriv in de totala kostnaderna f\u00f6r \u00e5ret.<\/div>\n        <\/div>\n\n        <div class=\"est-it-field\">\n            <label>\u00d6vriga kostnader (\u20ac)<\/label>\n            <input type=\"number\" step=\"0.01\" min=\"0\" name=\"cost_other_expenses\" \/>\n            <div class=\"est-it-help\">Allt som inte \u00e4r relaterat till uthyrning.<\/div>\n        <\/div>\n\n        <div class=\"est-it-field\">\n            <label>M\u00f6bler och vitvaror (\u20ac)<\/label>\n            <input type=\"number\" step=\"0.01\" min=\"0\" name=\"cost_furniture_appliances\" \/>\n            <div class=\"est-it-help\">Du kan dra av 10% \u00e5rligen av den totala kostnaden f\u00f6r m\u00f6bler och vitvaror.<\/div>\n        <\/div>\n\n        <div class=\"est-it-field\">\n            <label>Vill du ber\u00e4kna den avskrivningskostnad som ska dras av? <span class=\"req\">*<\/span><\/label>\n            <select name=\"want_depreciation\" id=\"est_want_depreciation\" required>\n                <option value=\"\">V\u00e4lj<\/option>\n                <option value=\"Yes\">Ja<\/option>\n                <option value=\"No\">Nej<\/option>\n            <\/select>\n        <\/div>\n    <\/div>\n\n    <div id=\"est-depr-section\" style=\"display:none; margin-top:18px;\">\n        <h4>Avskrivningar<\/h4>\n        <div class=\"est-it-muted\">Du kan dra av avskrivningen p\u00e5 fastigheten. Detta ber\u00e4knas som 3% per \u00e5r av det h\u00f6gre v\u00e4rdet mellan ink\u00f6pspriset eller kadastralv\u00e4rdet, exklusive v\u00e4rdet p\u00e5 marken.<\/div>\n\n        <div class=\"est-it-grid2\" style=\"margin-top:10px;\">\n            <div class=\"est-it-field\">\n                <label>Byggnation Kadastralt v\u00e4rde (\u20ac) <span class=\"req\">*<\/span><\/label>\n                <input type=\"number\" step=\"0.01\" min=\"0\" name=\"dep_construction_cadastral_value\" \/>\n                <div class=\"est-it-help\">Byggnadens taxeringsv\u00e4rde \u00e4r v\u00e4rdet p\u00e5 endast byggnaden, exklusive marken. Det anv\u00e4nds f\u00f6r skatteber\u00e4kningar och finns p\u00e5 din IBI-skattesedel.<\/div>\n            <\/div>\n\n            <div class=\"est-it-field\">\n                <label>F\u00f6rv\u00e4rvsv\u00e4rde (\u20ac) <span class=\"req\">*<\/span><\/label>\n                <input type=\"number\" step=\"0.01\" min=\"0\" name=\"dep_acquisition_value\" \/>\n                <div class=\"est-it-help\">Anskaffningsv\u00e4rdet \u00e4r den totala kostnaden f\u00f6r att k\u00f6pa din fastighet, inklusive k\u00f6peskillingen och ink\u00f6pskostnaderna. Det anv\u00e4nds f\u00f6r skatteber\u00e4kningar.<\/div>\n            <\/div>\n        <\/div>\n    <\/div>\n<\/div>\n\n<div id=\"est-step4-decl\" style=\"display:none\">\n                            <p>I detta paket anv\u00e4nds en enklare form (ingen \u00e4gare\/egendom).<\/p>\n                            <div class=\"est-it-grid2\">\n                                <div class=\"est-it-field\">\n                                    <label>F\u00f6rnamn <span class=\"req\">*<\/span><\/label>\n                                    <input type=\"text\" name=\"decl_first_name\" required \/>\n                                <\/div>\n                                <div class=\"est-it-field\">\n                                    <label>Efternamn <span class=\"req\">*<\/span><\/label>\n                                    <input type=\"text\" name=\"decl_last_name\" required \/>\n                                <\/div>\n                                <div class=\"est-it-field\">\n                                    <label>Adress till hemland <span class=\"req\">*<\/span><\/label>\n                                    <input type=\"text\" name=\"decl_address\" required \/>\n                                <\/div>\n                                <div class=\"est-it-field\">\n                                    <label>Postnummer <span class=\"req\">*<\/span><\/label>\n                                    <input type=\"text\" name=\"decl_postal_code\" required \/>\n                                <\/div>\n                                <div class=\"est-it-field\">\n                                    <label>Stad <span class=\"req\">*<\/span><\/label>\n                                    <input type=\"text\" name=\"decl_city\" required \/>\n                                <\/div>\n                                <div class=\"est-it-field\">\n                                    <label>Land <span class=\"req\">*<\/span><\/label>\n                                    <input type=\"text\" name=\"decl_country\" required \/>\n                                <\/div>\n                                <div class=\"est-it-field\">\n                                    <label>Skatteidentifikationsnummer (NIE \/ Pass \/ Skatte-ID) <span class=\"req\">*<\/span><\/label>\n                                    <input type=\"text\" name=\"decl_tax_id\" required \/>\n                                <\/div>\n                            <\/div>\n                        <\/div>\n\n                        <div class=\"est-it-actions\">\n                            <button type=\"button\" class=\"est-it-btn est-it-btn-ghost est-it-prev\">Tillbaka<\/button>\n                            <button type=\"button\" class=\"est-it-btn est-it-btn-primary est-it-next\">N\u00e4sta<\/button>\n                        <\/div>\n                    <\/section>\n\n                    <!-- STEP 5 -->\n<section class=\"est-it-section\" data-step=\"5\" style=\"display:none\">\n    <h3>Uppskattad ber\u00e4kning<\/h3>\n                        <div class=\"est-it-instructions\" data-instr=\"estimate\"><\/div>\n    <p class=\"est-it-muted\">Detta \u00e4r en uppskattad ber\u00e4kning baserad p\u00e5 dina inmatningar.<\/p>\n\n    <div id=\"est-calc-missing\" class=\"est-it-info\" style=\"display:none\">\n        Vi kan inte ber\u00e4kna den skatt som ska betalas eftersom kadastralv\u00e4rdet saknas.\n    <\/div>\n\n    <div id=\"est-calc-results\" style=\"display:none\">\n        <div class=\"est-it-calcbox\">\n            <div><strong>Skattebas:<\/strong> <span id=\"est_calc_base\">\u2014<\/span><\/div>\n            <div><strong>Skattesats:<\/strong> <span id=\"est_calc_rate\">\u2014<\/span><\/div>\n            <div><strong>Total skatt att betala (\u20ac):<\/strong> <span id=\"est_calc_total\">\u2014<\/span><\/div>\n        <\/div>\n\n        <div id=\"est-calc-extra\" class=\"est-it-calcbox\" style=\"margin-top:12px; display:none;\">\n            <div><strong>Hyresint\u00e4kter (\u20ac):<\/strong> <span id=\"est_calc_r_income\">\u2014<\/span><\/div>\n            <div><strong>Totala avdragsgilla kostnader (\u20ac):<\/strong> <span id=\"est_calc_r_costs\">\u2014<\/span><\/div>\n            <div><strong>Avskrivningar (\u20ac):<\/strong> <span id=\"est_calc_r_depr\">\u2014<\/span><\/div>\n            <div><strong>Beskattningsbar hyresint\u00e4kt (\u20ac):<\/strong> <span id=\"est_calc_r_taxable\">\u2014<\/span><\/div>\n        <\/div>\n\n        <h4 style=\"margin-top:16px;\">Skatt per \u00e4gare<\/h4>\n        <div class=\"est-it-tablewrap\">\n            <table class=\"est-it-table\" id=\"est_calc_per_owner\">\n                <thead>\n                    <tr>\n                        <th>\u00c4gare<\/th>\n                        <th>Bos\u00e4ttningsland<\/th>\n                        <th>\u00c4garf\u00f6rh\u00e5llanden %<\/th>\n                        <th>Skattesats<\/th>\n                        <th>Skatt att betala (\u20ac)<\/th>\n                    <\/tr>\n                <\/thead>\n                <tbody><\/tbody>\n            <\/table>\n        <\/div>\n\n        <h4 style=\"margin-top:16px;\">Betalningss\u00e4tt f\u00f6r skatten<\/h4>\n        <div class=\"est-it-muted\">Select how you prefer to pay the tax.<\/div>\n        <div class=\"est-it-grid2\" style=\"margin-top:10px;\">\n            <div class=\"est-it-field\">\n                <label><input type=\"radio\" name=\"tax_payment_alternative\" value=\"Direct Debit\" required> Direktdebitering<\/label>\n                <div class=\"est-it-help\">Vi hj\u00e4lper dig att s\u00e4tta upp autogiro.<\/div>\n            <\/div>\n            <div class=\"est-it-field\">\n                <label><input type=\"radio\" name=\"tax_payment_alternative\" value=\"Bank Transfer\"> Bank\u00f6verf\u00f6ring<\/label>\n                <div class=\"est-it-help\">Vi kommer att visa bankuppgifter och instruktioner.<\/div>\n            <\/div>\n            <div class=\"est-it-field\">\n                <label><input type=\"radio\" name=\"tax_payment_alternative\" value=\"Cash Payment\"> Kontant betalning<\/label>\n                <div class=\"est-it-help\">Vi kommer att visa stegen f\u00f6r att betala kontant.<\/div>\n            <\/div>\n        <\/div>\n    <\/div>\n\n    <div class=\"est-it-actions\">\n        <button type=\"button\" class=\"est-it-btn est-it-btn-ghost est-it-prev\">Tillbaka<\/button>\n        <button type=\"button\" class=\"est-it-btn est-it-btn-primary est-it-next\">Forts\u00e4tt till betalning<\/button>\n    <\/div>\n<\/section>\n\n<!-- STEP 6 -->\n\n\n                    <section class=\"est-it-section\" data-step=\"6\" style=\"display:none\">\n                        <h3>Betalning &amp; konto<\/h3>\n\n                        <div class=\"est-it-summary\">\n                            <div><strong>Serviceavgift:<\/strong> <span id=\"est_service_label\"><\/span><\/div>\n                            <div><strong>Pris:<\/strong> \u20ac<span id=\"est_service_price\"><\/span><\/div>\n                        <\/div>\n\n                        <div class=\"est-it-actions\">\n                            <button type=\"button\" class=\"est-it-btn est-it-btn-ghost est-it-prev\">Tillbaka<\/button>\n                            <button type=\"submit\" class=\"est-it-btn est-it-btn-primary\">Betala och skicka<\/button>\n                        <\/div>\n                    <\/section>\n\n                <input type=\"hidden\" name=\"trp-form-language\" value=\"sv\"\/><\/form>\n            <\/div>\n        <\/div>\n        <\/div>\n\t\t\t\t\t\t<\/div>\n\t\t\t\t\t<\/div>\n\t\t\t\t<\/div>\n\t\t\t\t<\/div>","protected":false},"excerpt":{"rendered":"","protected":false},"author":1,"featured_media":0,"parent":0,"menu_order":0,"comment_status":"closed","ping_status":"closed","template":"elementor_theme","meta":{"footnotes":""},"class_list":["post-5544","page","type-page","status-publish","hentry"],"aioseo_notices":[],"_links":{"self":[{"href":"https:\/\/www.easyspanishtax.com\/sv\/wp-json\/wp\/v2\/pages\/5544","targetHints":{"allow":["GET"]}}],"collection":[{"href":"https:\/\/www.easyspanishtax.com\/sv\/wp-json\/wp\/v2\/pages"}],"about":[{"href":"https:\/\/www.easyspanishtax.com\/sv\/wp-json\/wp\/v2\/types\/page"}],"author":[{"embeddable":true,"href":"https:\/\/www.easyspanishtax.com\/sv\/wp-json\/wp\/v2\/users\/1"}],"replies":[{"embeddable":true,"href":"https:\/\/www.easyspanishtax.com\/sv\/wp-json\/wp\/v2\/comments?post=5544"}],"version-history":[{"count":119,"href":"https:\/\/www.easyspanishtax.com\/sv\/wp-json\/wp\/v2\/pages\/5544\/revisions"}],"predecessor-version":[{"id":6830,"href":"https:\/\/www.easyspanishtax.com\/sv\/wp-json\/wp\/v2\/pages\/5544\/revisions\/6830"}],"wp:attachment":[{"href":"https:\/\/www.easyspanishtax.com\/sv\/wp-json\/wp\/v2\/media?parent=5544"}],"curies":[{"name":"wp","href":"https:\/\/api.w.org\/{rel}","templated":true}]}}