{"id":5544,"date":"2026-01-23T19:57:37","date_gmt":"2026-01-23T19:57:37","guid":{"rendered":"https:\/\/www.easyspanishtax.com\/?page_id=5544"},"modified":"2026-02-20T21:49:10","modified_gmt":"2026-02-20T21:49:10","slug":"tax-form","status":"publish","type":"page","link":"https:\/\/www.easyspanishtax.com\/ro\/tax-form\/","title":{"rendered":"Formulare fiscale"},"content":{"rendered":"<div data-elementor-type=\"wp-page\" data-elementor-id=\"5544\" class=\"elementor elementor-5544\" data-elementor-post-type=\"page\">\n\t\t\t\t<div class=\"elementor-element elementor-element-bf0dd7e e-flex e-con-boxed e-con e-parent\" data-id=\"bf0dd7e\" data-element_type=\"container\" data-e-type=\"container\" id=\"formmain\">\n\t\t\t\t\t<div class=\"e-con-inner\">\n\t\t\t\t<div class=\"elementor-element elementor-element-3e9c30f elementor-widget elementor-widget-shortcode\" data-id=\"3e9c30f\" data-element_type=\"widget\" data-e-type=\"widget\" id=\"center-section\" data-widget_type=\"shortcode.default\">\n\t\t\t\t\t\t\t<div class=\"elementor-shortcode\">        <div class=\"est-it-wrap\" data-prefill=\"0\" data-prefill-ok=\"0\" data-package=\"0\" data-owners=\"0\">\n            <div class=\"est-it-card\">\n                <h2 class=\"est-it-title\">Formular fiscal<\/h2>\n\n                <div class=\"est-it-stepper\">\n                    <div class=\"est-it-step\" data-step=\"0\"><span>1<\/span> Pachet<\/div>\n                    <div class=\"est-it-step\" data-step=\"1\"><span>2<\/span> De baz\u0103<\/div>\n                    <div class=\"est-it-step\" data-step=\"2\"><span>3<\/span> <span class=\"est-it-step-label-2\">Proprietari<\/span><\/div>\n                    <div class=\"est-it-step\" data-step=\"3\"><span>4<\/span> Proprietate<\/div>\n                    <div class=\"est-it-step\" data-step=\"4\"><span>5<\/span> Detalii<\/div>\n                    <div class=\"est-it-step\" data-step=\"5\"><span>6<\/span> Previzualizare<\/div>\n                    <div class=\"est-it-step\" data-step=\"6\"><span>7<\/span> Plata<\/div>\n                <\/div>\n\n                <div id=\"est-it-messages\" class=\"est-it-messages\" style=\"display:none\"><\/div>\n\n                <form id=\"est-it-form\" novalidate action=\"\">\n                    <input type=\"hidden\" name=\"submission_id\" id=\"est_submission_id\" value=\"0\" \/>\n\n                    <!-- STEP 0 -->\n                    <section class=\"est-it-section\" data-step=\"0\">\n                        <h3>Alege\u021bi un pachet<\/h3>\n                        <div class=\"est-it-grid\" id=\"est-packages\"><\/div>\n                        <div class=\"est-it-actions\">\n                            <button type=\"button\" class=\"est-it-btn est-it-btn-primary est-it-next\">Urm\u0103torul<\/button>\n                        <\/div>\n                    <\/section>\n\n                    <!-- STEP 1 -->\n                    <section class=\"est-it-section\" data-step=\"1\" style=\"display:none\">\n                        <h3>Anul fiscal \u0219i proprietarii<\/h3>\n                        <div class=\"est-it-field\">\n                            <label>Anul fiscal <span class=\"req\">*<\/span><\/label>\n                            <select name=\"tax_year\" id=\"est_tax_year\" required><\/select>\n                        <\/div>\n                        <div class=\"est-it-field\">\n                            <label>Num\u0103r de proprietari <span class=\"req\">*<\/span><\/label>\n                            <select name=\"owners_count\" id=\"est_owners_count\" required>\n                                <option value=\"\">Selecta\u021bi<\/option>\n                                <option value=\"1\">1<\/option>\n                                <option value=\"2\">2<\/option>\n                                <option value=\"3\">3<\/option>\n                                <option value=\"4\">4<\/option>\n                            <\/select>\n                        <\/div>\n                        <div class=\"est-it-actions\">\n                            <button type=\"button\" class=\"est-it-btn est-it-btn-ghost est-it-prev\">\u00cenapoi<\/button>\n                            <button type=\"button\" class=\"est-it-btn est-it-btn-primary est-it-next\">Urm\u0103torul<\/button>\n                        <\/div>\n                    <\/section>\n\n                    <!-- STEP 2 -->\n<section class=\"est-it-section\" data-step=\"2\" style=\"display:none\">\n    <div id=\"est-step2-owner-block\">\n        <h3>Detalii proprietar<\/h3>\n        <div class=\"est-it-instructions\" data-instr=\"owners\"><\/div>\n\n        <div id=\"est-owners\"><\/div>\n    <\/div>\n\n    <h3 class=\"est-step2-contact-title\" style=\"margin-top:20px;\">Date de contact<\/h3>\n    <div class=\"est-it-instructions\" data-instr=\"contact\"><\/div>\n\n    <div class=\"est-it-grid2\">\n        <div class=\"est-it-field\">\n            <label>E-mail <span class=\"req\">*<\/span><\/label>\n            <input type=\"email\" name=\"contact_email\" id=\"est_contact_email\" required \/>\n            <div class=\"est-it-muted\">V\u0103 vom crea contul automat dup\u0103 ce face\u021bi clic pe Urm\u0103torul. Nume de utilizator = e-mail. Un link securizat de configurare a parolei va fi trimis pe adresa dvs. de e-mail.<\/div>\n        <\/div>\n        <div class=\"est-it-field\">\n            <label>Telefon<\/label>\n            <input type=\"text\" name=\"contact_phone\" id=\"est_contact_phone\" \/>\n        <\/div>\n    <\/div>\n\n    <div class=\"est-it-actions\">\n        <button type=\"button\" class=\"est-it-btn est-it-btn-ghost est-it-prev\">\u00cenapoi<\/button>\n        <button type=\"button\" class=\"est-it-btn est-it-btn-primary est-it-next\">Urm\u0103torul<\/button>\n    <\/div>\n<\/section>\n\n<!-- STEP 3 -->\n\n<!-- STEP 3 -->\n                    <section class=\"est-it-section\" data-step=\"3\" style=\"display:none\">\n                        <h3>Detalii despre proprietate<\/h3>\n                        <p class=\"est-it-muted\">Detaliile propriet\u0103\u021bii dvs. \u00een Spania.<\/p>\n                        <div class=\"est-it-instructions\" data-instr=\"property\"><\/div>\n                        <div class=\"est-it-grid2\">\n                            <div class=\"est-it-field\">\n                                <label>Tipul de proprietate <span class=\"req\">*<\/span><\/label>\n                                <select name=\"property_type\" id=\"est_property_type\" required>\n                                    <option value=\"\">Selecta\u021bi<\/option>\n                                    <option value=\"Apartment\">Apartament<\/option>\n                                    <option value=\"House\">Casa<\/option>\n                                    <option value=\"Garage\">Garaj<\/option>\n                                    <option value=\"Storage\">Depozitare<\/option>\n                                    <option value=\"Plot\">Plot<\/option>\n                                <\/select>\n                            <\/div>\n                            <div class=\"est-it-field\">\n                                <label>Adresa propriet\u0103\u021bii <span class=\"req\">*<\/span><\/label>\n                                <input type=\"text\" name=\"property_address\" required \/>\n                            <\/div>\n                            <div class=\"est-it-field\">\n                                <label>Cod po\u0219tal <span class=\"req\">*<\/span><\/label>\n                                <input type=\"text\" name=\"property_postal_code\" required \/>\n                            <\/div>\n                            <div class=\"est-it-field\">\n                                <label>Ora\u0219 <span class=\"req\">*<\/span><\/label>\n                                <input type=\"text\" name=\"property_city\" required \/>\n                            <\/div>\n                            <div class=\"est-it-field\">\n                                <label>Provincie <span class=\"req\">*<\/span><\/label>\n                                <input type=\"text\" name=\"property_province\" required \/>\n                            <\/div>\n                            <div class=\"est-it-field\">\n                                <label>Referin\u021b\u0103 cadastral\u0103 <span class=\"req\">*<\/span><\/label>\n                                <input type=\"text\" name=\"cadastral_reference\" required \/>\n                                <div class=\"est-it-help\">Referin\u021ba cadastral\u0103 \u0219i valoarea cadastral\u0103 pot fi g\u0103site pe chitan\u021ba fiscal\u0103 IBI.<\/div>\n                            <\/div>\n                            <div class=\"est-it-field\">\n                                <label>Valoare cadastral\u0103 (\u20ac)<\/label>\n                                <input type=\"number\" step=\"0.01\" min=\"0\" name=\"cadastral_value\" \/>\n                                <div class=\"est-it-help\">Referin\u021ba cadastral\u0103 \u0219i valoarea cadastral\u0103 pot fi g\u0103site pe chitan\u021ba fiscal\u0103 IBI.<\/div>\n                            <\/div>\n                            <div class=\"est-it-field\">\n    <label>Proprietate de\u021binut\u0103 pe parcursul \u00eentregului an? <span class=\"req\">*<\/span><\/label>\n    <select name=\"owned_full_year\" id=\"est_owned_full_year\" required>\n        <option value=\"\">Selecta\u021bi<\/option>\n        <option value=\"Yes\">Da<\/option>\n        <option value=\"No\">Nu<\/option>\n    <\/select>\n<\/div>\n\n<div class=\"est-it-field\">\n    <label>A\u021bi v\u00e2ndut sau a\u021bi cump\u0103rat aceast\u0103 proprietate \u00een <span id=\"est_sold_year\"><\/span>? <span class=\"req\">*<\/span><\/label>\n    <select name=\"sold_or_purchased\" id=\"est_sold_or_purchased\" required>\n        <option value=\"\">Selecta\u021bi<\/option>\n        <option value=\"No\">Nu<\/option>\n        <option value=\"Yes\">Da<\/option>\n    <\/select>\n<\/div>\n<\/div>\n                        <div class=\"est-it-actions\">\n                            <button type=\"button\" class=\"est-it-btn est-it-btn-ghost est-it-prev\">\u00cenapoi<\/button>\n                            <button type=\"button\" class=\"est-it-btn est-it-btn-primary est-it-next\">Urm\u0103torul<\/button>\n                        <\/div>\n                    <\/section>\n\n                    <!-- STEP 4 -->\n                    <section class=\"est-it-section\" data-step=\"4\" style=\"display:none\">\n                        <h3 id=\"est-step4-title\">Detalii<\/h3>\n\n                        <div id=\"est-days-owned-wrap\" class=\"est-it-field\" style=\"display:none\">\n                                <label>Num\u0103rul de zile de\u021binute \u00een cursul anului fiscal <span class=\"req\">*<\/span><\/label>\n                                <input type=\"number\" min=\"0\" max=\"366\" name=\"days_owned\" \/>\n                            <\/div>\n\n                        <div id=\"est-step4-rental\" style=\"display:none\">\n    <div class=\"est-it-instructions\" data-instr=\"rental\"><\/div>\n\n    <p class=\"est-it-help\"><strong>C\u00e2te zile a fost \u00eenchiriat\u0103 proprietatea dvs. \u00een timpul <span id=\"est_rental_year\"><\/span>?<\/strong><\/p>\n\n    <div class=\"est-it-grid2\">\n        <div class=\"est-it-field\">\n            <label>Zile \u00eenchiriate <span class=\"req\">*<\/span><\/label>\n            <input type=\"number\" min=\"0\" max=\"366\" name=\"rented_days\" required \/>\n        <\/div>\n\n        <div class=\"est-it-field\">\n            <label>Tip de \u00eenchiriere <span class=\"req\">*<\/span><\/label>\n            <select name=\"rental_type\" required>\n                <option value=\"\">Selecta\u021bi<\/option>\n                <option value=\"Short term rental\">\u00cenchiriere pe termen scurt<\/option>\n                <option value=\"Long term rental\">\u00cenchiriere pe termen lung<\/option>\n            <\/select>\n        <\/div>\n\n        <div class=\"est-it-field\">\n            <label>Venituri din chirii (\u20ac) <span class=\"req\">*<\/span><\/label>\n            <input type=\"number\" step=\"0.01\" min=\"0\" name=\"rental_income\" required \/>\n            <div class=\"est-it-help\">Introduce\u021bi venitul total din chirii pe care l-a\u021bi realizat \u00een cursul anului.<\/div>\n        <\/div>\n    <\/div>\n\n    <h4 style=\"margin-top:18px;\">Costuri de \u00eenchiriere<\/h4>\n    <div class=\"est-it-muted\">Mai jos este o list\u0103 de cheltuieli care pot fi deductibile conform autorit\u0103\u021bilor fiscale spaniole. V\u0103 rug\u0103m s\u0103 introduce\u021bi sumele numai pentru cheltuielile pe care le ave\u021bi. Dac\u0103 o categorie nu vi se aplic\u0103, l\u0103sa\u021bi-o necompletat\u0103.<\/div>\n\n    <div class=\"est-it-grid2\" style=\"margin-top:10px;\">\n        <div class=\"est-it-field\">\n            <label>Taxe locale (\u20ac)<\/label>\n            <input type=\"number\" step=\"0.01\" min=\"0\" name=\"cost_local_taxes\" \/>\n            <div class=\"est-it-help\">Taxele locale sunt IBI \u0219i taxele de colectare a gunoiului. \u00cen cazul \u00eenchirierii pe termen lung, ad\u0103uga\u021bi costul IBI total al anului.<\/div>\n        <\/div>\n\n        <div class=\"est-it-field\">\n            <label>Taxe comunitare (\u20ac)<\/label>\n            <input type=\"number\" step=\"0.01\" min=\"0\" name=\"cost_community_fees\" \/>\n            <div class=\"est-it-help\">\u00cen cazul \u00eenchirierii pe termen lung, ad\u0103uga\u021bi costul total al anului. \u00cen cazul \u00eenchirierii pe termen scurt, calcula\u021bi pentru perioada \u00eenchiriat\u0103.<\/div>\n        <\/div>\n\n        <div class=\"est-it-field\">\n            <label>Utilit\u0103\u021bi (\u20ac)<\/label>\n            <input type=\"number\" step=\"0.01\" min=\"0\" name=\"cost_utilities\" \/>\n            <div class=\"est-it-help\">Cheltuieli pentru ap\u0103, electricitate, internet \u0219i alarm\u0103 etc.. \u00cen cazul \u00eenchirierii pe termen scurt, calcula\u021bi pentru perioada \u00eenchiriat\u0103.<\/div>\n        <\/div>\n\n        <div class=\"est-it-field\">\n            <label>Dob\u00e2nda ipotecar\u0103 (\u20ac)<\/label>\n            <input type=\"number\" step=\"0.01\" min=\"0\" name=\"cost_mortgage_interest\" \/>\n            <div class=\"est-it-help\">\u00cen cazul \u00eenchirierii pe termen scurt, calcula\u021bi pentru perioada \u00eenchiriat\u0103. \u00cen cazul \u00eenchirierii pe termen lung, tasta\u021bi costurile totale ale anului.<\/div>\n        <\/div>\n\n        <div class=\"est-it-field\">\n            <label>Taxe de administrare a propriet\u0103\u021bii (\u20ac)<\/label>\n            <input type=\"number\" step=\"0.01\" min=\"0\" name=\"cost_property_management\" \/>\n            <div class=\"est-it-help\">Costuri pentru gestionarea \u00eenchirierii, cur\u0103\u021benie, publicitate, portaluri de internet precum VRBO, Booking \u0219i Airbnb etc..<\/div>\n        <\/div>\n\n        <div class=\"est-it-field\">\n            <label>Costuri de \u00eentre\u021binere \u0219i repara\u021bii (\u20ac)<\/label>\n            <input type=\"number\" step=\"0.01\" min=\"0\" name=\"cost_maintenance_repair\" \/>\n            <div class=\"est-it-help\">Lucr\u0103ri de repara\u021bii, vopsire \u0219i alte lucr\u0103ri de \u00eentre\u021binere.<\/div>\n        <\/div>\n\n        <div class=\"est-it-field\">\n            <label>Asigurare de locuin\u021b\u0103 (\u20ac)<\/label>\n            <input type=\"number\" step=\"0.01\" min=\"0\" name=\"cost_home_insurance\" \/>\n            <div class=\"est-it-help\">\u00cen cazul \u00eenchirierii pe termen scurt, calcula\u021bi costul asigur\u0103rii pentru perioada \u00eenchiriat\u0103. \u00cen cazul \u00eenchirierii pe termen lung, introduce\u021bi costurile totale ale anului.<\/div>\n        <\/div>\n\n        <div class=\"est-it-field\">\n            <label>Alte cheltuieli (\u20ac)<\/label>\n            <input type=\"number\" step=\"0.01\" min=\"0\" name=\"cost_other_expenses\" \/>\n            <div class=\"est-it-help\">Orice altceva mai pu\u021bin legat de \u00eenchiriere.<\/div>\n        <\/div>\n\n        <div class=\"est-it-field\">\n            <label>Mobilier \u0219i aparatur\u0103 electrocasnic\u0103 (\u20ac)<\/label>\n            <input type=\"number\" step=\"0.01\" min=\"0\" name=\"cost_furniture_appliances\" \/>\n            <div class=\"est-it-help\">Pute\u021bi deduce 10% anual din costul total pentru mobilier \u0219i aparate.<\/div>\n        <\/div>\n\n        <div class=\"est-it-field\">\n            <label>Dori\u021bi s\u0103 calcula\u021bi costul amortiz\u0103rii pentru deducere? <span class=\"req\">*<\/span><\/label>\n            <select name=\"want_depreciation\" id=\"est_want_depreciation\" required>\n                <option value=\"\">Selecta\u021bi<\/option>\n                <option value=\"Yes\">Da<\/option>\n                <option value=\"No\">Nu<\/option>\n            <\/select>\n        <\/div>\n    <\/div>\n\n    <div id=\"est-depr-section\" style=\"display:none; margin-top:18px;\">\n        <h4>Depreciere<\/h4>\n        <div class=\"est-it-muted\">Pute\u021bi deduce amortizarea propriet\u0103\u021bii. Aceasta se calculeaz\u0103 ca 3% pe an din valoarea cea mai mare dintre pre\u021bul de cump\u0103rare sau valoarea cadastral\u0103, cu excep\u021bia valorii terenului.<\/div>\n\n        <div class=\"est-it-grid2\" style=\"margin-top:10px;\">\n            <div class=\"est-it-field\">\n                <label>Valoarea cadastral\u0103 a construc\u021biei (\u20ac) <span class=\"req\">*<\/span><\/label>\n                <input type=\"number\" step=\"0.01\" min=\"0\" name=\"dep_construction_cadastral_value\" \/>\n                <div class=\"est-it-help\">Valoarea cadastral\u0103 a construc\u021biei este valoarea cl\u0103dirii, excluz\u00e2nd terenul. Aceasta este utilizat\u0103 pentru calcularea impozitelor \u0219i poate fi g\u0103sit\u0103 pe factura fiscal\u0103 IBI.<\/div>\n            <\/div>\n\n            <div class=\"est-it-field\">\n                <label>Valoarea de achizi\u021bie (\u20ac) <span class=\"req\">*<\/span><\/label>\n                <input type=\"number\" step=\"0.01\" min=\"0\" name=\"dep_acquisition_value\" \/>\n                <div class=\"est-it-help\">Valoarea de achizi\u021bie este costul total al achizi\u021bion\u0103rii propriet\u0103\u021bii, inclusiv pre\u021bul de achizi\u021bie \u0219i costurile de cump\u0103rare. Aceasta este utilizat\u0103 pentru calcularea impozitelor.<\/div>\n            <\/div>\n        <\/div>\n    <\/div>\n<\/div>\n\n<div id=\"est-step4-decl\" style=\"display:none\">\n                            <p>Acest pachet utilizeaz\u0103 o form\u0103 mai simpl\u0103 (f\u0103r\u0103 proprietari\/proprietate).<\/p>\n                            <div class=\"est-it-grid2\">\n                                <div class=\"est-it-field\">\n                                    <label>Numele \u0219i prenumele <span class=\"req\">*<\/span><\/label>\n                                    <input type=\"text\" name=\"decl_first_name\" required \/>\n                                <\/div>\n                                <div class=\"est-it-field\">\n                                    <label>Numele de familie <span class=\"req\">*<\/span><\/label>\n                                    <input type=\"text\" name=\"decl_last_name\" required \/>\n                                <\/div>\n                                <div class=\"est-it-field\">\n                                    <label>Adresa \u021b\u0103rii de origine <span class=\"req\">*<\/span><\/label>\n                                    <input type=\"text\" name=\"decl_address\" required \/>\n                                <\/div>\n                                <div class=\"est-it-field\">\n                                    <label>Cod po\u0219tal <span class=\"req\">*<\/span><\/label>\n                                    <input type=\"text\" name=\"decl_postal_code\" required \/>\n                                <\/div>\n                                <div class=\"est-it-field\">\n                                    <label>Ora\u0219 <span class=\"req\">*<\/span><\/label>\n                                    <input type=\"text\" name=\"decl_city\" required \/>\n                                <\/div>\n                                <div class=\"est-it-field\">\n                                    <label>\u021aara <span class=\"req\">*<\/span><\/label>\n                                    <input type=\"text\" name=\"decl_country\" required \/>\n                                <\/div>\n                                <div class=\"est-it-field\">\n                                    <label>Num\u0103rul de identificare fiscal\u0103 (NIE \/ Pa\u0219aport \/ ID fiscal) <span class=\"req\">*<\/span><\/label>\n                                    <input type=\"text\" name=\"decl_tax_id\" required \/>\n                                <\/div>\n                            <\/div>\n                        <\/div>\n\n                        <div class=\"est-it-actions\">\n                            <button type=\"button\" class=\"est-it-btn est-it-btn-ghost est-it-prev\">\u00cenapoi<\/button>\n                            <button type=\"button\" class=\"est-it-btn est-it-btn-primary est-it-next\">Urm\u0103torul<\/button>\n                        <\/div>\n                    <\/section>\n\n                    <!-- STEP 5 -->\n<section class=\"est-it-section\" data-step=\"5\" style=\"display:none\">\n    <h3>Calcul estimativ<\/h3>\n                        <div class=\"est-it-instructions\" data-instr=\"estimate\"><\/div>\n    <p class=\"est-it-muted\">Acesta este un calcul estimativ bazat pe intr\u0103rile dvs.<\/p>\n\n    <div id=\"est-calc-missing\" class=\"est-it-info\" style=\"display:none\">\n        Nu putem calcula impozitul datorat deoarece lipse\u0219te valoarea cadastral\u0103.\n    <\/div>\n\n    <div id=\"est-calc-results\" style=\"display:none\">\n        <div class=\"est-it-calcbox\">\n            <div><strong>Baza fiscal\u0103:<\/strong> <span id=\"est_calc_base\">\u2014<\/span><\/div>\n            <div><strong>Rata de impozitare:<\/strong> <span id=\"est_calc_rate\">\u2014<\/span><\/div>\n            <div><strong>Impozitul total datorat (\u20ac):<\/strong> <span id=\"est_calc_total\">\u2014<\/span><\/div>\n        <\/div>\n\n        <div id=\"est-calc-extra\" class=\"est-it-calcbox\" style=\"margin-top:12px; display:none;\">\n            <div><strong>Venituri din chirii (\u20ac):<\/strong> <span id=\"est_calc_r_income\">\u2014<\/span><\/div>\n            <div><strong>Costuri deductibile totale (\u20ac):<\/strong> <span id=\"est_calc_r_costs\">\u2014<\/span><\/div>\n            <div><strong>Depreciere (\u20ac):<\/strong> <span id=\"est_calc_r_depr\">\u2014<\/span><\/div>\n            <div><strong>Venituri impozabile din chirii (\u20ac):<\/strong> <span id=\"est_calc_r_taxable\">\u2014<\/span><\/div>\n        <\/div>\n\n        <h4 style=\"margin-top:16px;\">Impozit pe proprietar<\/h4>\n        <div class=\"est-it-tablewrap\">\n            <table class=\"est-it-table\" id=\"est_calc_per_owner\">\n                <thead>\n                    <tr>\n                        <th>Proprietar<\/th>\n                        <th>\u021aara de re\u0219edin\u021b\u0103<\/th>\n                        <th>Proprietate %<\/th>\n                        <th>Rata impozitului<\/th>\n                        <th>Impozit datorat (\u20ac)<\/th>\n                    <\/tr>\n                <\/thead>\n                <tbody><\/tbody>\n            <\/table>\n        <\/div>\n\n        <h4 style=\"margin-top:16px;\">Modalitatea de plat\u0103 a taxei<\/h4>\n        <div class=\"est-it-muted\">Select how you prefer to pay the tax.<\/div>\n        <div class=\"est-it-grid2\" style=\"margin-top:10px;\">\n            <div class=\"est-it-field\">\n                <label><input type=\"radio\" name=\"tax_payment_alternative\" value=\"Direct Debit\" required> Debit direct<\/label>\n                <div class=\"est-it-help\">V\u0103 vom \u00eendruma s\u0103 configura\u021bi debitul direct.<\/div>\n            <\/div>\n            <div class=\"est-it-field\">\n                <label><input type=\"radio\" name=\"tax_payment_alternative\" value=\"Bank Transfer\"> Transfer bancar<\/label>\n                <div class=\"est-it-help\">V\u0103 vom ar\u0103ta detaliile bancare \u0219i instruc\u021biunile.<\/div>\n            <\/div>\n            <div class=\"est-it-field\">\n                <label><input type=\"radio\" name=\"tax_payment_alternative\" value=\"Cash Payment\"> Plat\u0103 \u00een numerar<\/label>\n                <div class=\"est-it-help\">V\u0103 vom ar\u0103ta pa\u0219ii de urmat pentru a pl\u0103ti \u00een numerar.<\/div>\n            <\/div>\n        <\/div>\n    <\/div>\n\n    <div class=\"est-it-actions\">\n        <button type=\"button\" class=\"est-it-btn est-it-btn-ghost est-it-prev\">\u00cenapoi<\/button>\n        <button type=\"button\" class=\"est-it-btn est-it-btn-primary est-it-next\">Proceda\u021bi la plat\u0103<\/button>\n    <\/div>\n<\/section>\n\n<!-- STEP 6 -->\n\n\n                    <section class=\"est-it-section\" data-step=\"6\" style=\"display:none\">\n                        <h3>Plat\u0103 \u0219i cont<\/h3>\n\n                        <div class=\"est-it-summary\">\n                            <div><strong>Tax\u0103 de serviciu:<\/strong> <span id=\"est_service_label\"><\/span><\/div>\n                            <div><strong>Pre\u021b:<\/strong> \u20ac<span id=\"est_service_price\"><\/span><\/div>\n                        <\/div>\n\n                        <div class=\"est-it-actions\">\n                            <button type=\"button\" class=\"est-it-btn est-it-btn-ghost est-it-prev\">\u00cenapoi<\/button>\n                            <button type=\"submit\" class=\"est-it-btn est-it-btn-primary\">Pl\u0103ti\u021bi \u0219i trimite\u021bi<\/button>\n                        <\/div>\n                    <\/section>\n\n                <input type=\"hidden\" name=\"trp-form-language\" value=\"ro\"\/><\/form>\n            <\/div>\n        <\/div>\n        <\/div>\n\t\t\t\t\t\t<\/div>\n\t\t\t\t\t<\/div>\n\t\t\t\t<\/div>\n\t\t\t\t<\/div>","protected":false},"excerpt":{"rendered":"","protected":false},"author":1,"featured_media":0,"parent":0,"menu_order":0,"comment_status":"closed","ping_status":"closed","template":"elementor_theme","meta":{"footnotes":""},"class_list":["post-5544","page","type-page","status-publish","hentry"],"aioseo_notices":[],"_links":{"self":[{"href":"https:\/\/www.easyspanishtax.com\/ro\/wp-json\/wp\/v2\/pages\/5544","targetHints":{"allow":["GET"]}}],"collection":[{"href":"https:\/\/www.easyspanishtax.com\/ro\/wp-json\/wp\/v2\/pages"}],"about":[{"href":"https:\/\/www.easyspanishtax.com\/ro\/wp-json\/wp\/v2\/types\/page"}],"author":[{"embeddable":true,"href":"https:\/\/www.easyspanishtax.com\/ro\/wp-json\/wp\/v2\/users\/1"}],"replies":[{"embeddable":true,"href":"https:\/\/www.easyspanishtax.com\/ro\/wp-json\/wp\/v2\/comments?post=5544"}],"version-history":[{"count":119,"href":"https:\/\/www.easyspanishtax.com\/ro\/wp-json\/wp\/v2\/pages\/5544\/revisions"}],"predecessor-version":[{"id":6830,"href":"https:\/\/www.easyspanishtax.com\/ro\/wp-json\/wp\/v2\/pages\/5544\/revisions\/6830"}],"wp:attachment":[{"href":"https:\/\/www.easyspanishtax.com\/ro\/wp-json\/wp\/v2\/media?parent=5544"}],"curies":[{"name":"wp","href":"https:\/\/api.w.org\/{rel}","templated":true}]}}