{"id":5544,"date":"2026-01-23T19:57:37","date_gmt":"2026-01-23T19:57:37","guid":{"rendered":"https:\/\/www.easyspanishtax.com\/?page_id=5544"},"modified":"2026-02-20T21:49:10","modified_gmt":"2026-02-20T21:49:10","slug":"tax-form","status":"publish","type":"page","link":"https:\/\/www.easyspanishtax.com\/pt\/tax-form\/","title":{"rendered":"Formul\u00e1rios fiscais"},"content":{"rendered":"<div data-elementor-type=\"wp-page\" data-elementor-id=\"5544\" class=\"elementor elementor-5544\" data-elementor-post-type=\"page\">\n\t\t\t\t<div class=\"elementor-element elementor-element-bf0dd7e e-flex e-con-boxed e-con e-parent\" data-id=\"bf0dd7e\" data-element_type=\"container\" data-e-type=\"container\" id=\"formmain\">\n\t\t\t\t\t<div class=\"e-con-inner\">\n\t\t\t\t<div class=\"elementor-element elementor-element-3e9c30f elementor-widget elementor-widget-shortcode\" data-id=\"3e9c30f\" data-element_type=\"widget\" data-e-type=\"widget\" id=\"center-section\" data-widget_type=\"shortcode.default\">\n\t\t\t\t\t\t\t<div class=\"elementor-shortcode\">        <div class=\"est-it-wrap\" data-prefill=\"0\" data-prefill-ok=\"0\" data-package=\"0\" data-owners=\"0\">\n            <div class=\"est-it-card\">\n                <h2 class=\"est-it-title\">Formul\u00e1rio de imposto<\/h2>\n\n                <div class=\"est-it-stepper\">\n                    <div class=\"est-it-step\" data-step=\"0\"><span>1<\/span> Embalagem<\/div>\n                    <div class=\"est-it-step\" data-step=\"1\"><span>2<\/span> B\u00e1sico<\/div>\n                    <div class=\"est-it-step\" data-step=\"2\"><span>3<\/span> <span class=\"est-it-step-label-2\">Propriet\u00e1rios<\/span><\/div>\n                    <div class=\"est-it-step\" data-step=\"3\"><span>4<\/span> Im\u00f3veis<\/div>\n                    <div class=\"est-it-step\" data-step=\"4\"><span>5<\/span> Detalhes<\/div>\n                    <div class=\"est-it-step\" data-step=\"5\"><span>6<\/span> Pr\u00e9-visualiza\u00e7\u00e3o<\/div>\n                    <div class=\"est-it-step\" data-step=\"6\"><span>7<\/span> Pagamento<\/div>\n                <\/div>\n\n                <div id=\"est-it-messages\" class=\"est-it-messages\" style=\"display:none\"><\/div>\n\n                <form id=\"est-it-form\" novalidate action=\"\">\n                    <input type=\"hidden\" name=\"submission_id\" id=\"est_submission_id\" value=\"0\" \/>\n\n                    <!-- STEP 0 -->\n                    <section class=\"est-it-section\" data-step=\"0\">\n                        <h3>Escolher um pacote<\/h3>\n                        <div class=\"est-it-grid\" id=\"est-packages\"><\/div>\n                        <div class=\"est-it-actions\">\n                            <button type=\"button\" class=\"est-it-btn est-it-btn-primary est-it-next\">Seguinte<\/button>\n                        <\/div>\n                    <\/section>\n\n                    <!-- STEP 1 -->\n                    <section class=\"est-it-section\" data-step=\"1\" style=\"display:none\">\n                        <h3>Ano fiscal e propriet\u00e1rios<\/h3>\n                        <div class=\"est-it-field\">\n                            <label>Ano fiscal <span class=\"req\">*<\/span><\/label>\n                            <select name=\"tax_year\" id=\"est_tax_year\" required><\/select>\n                        <\/div>\n                        <div class=\"est-it-field\">\n                            <label>N\u00famero de propriet\u00e1rios <span class=\"req\">*<\/span><\/label>\n                            <select name=\"owners_count\" id=\"est_owners_count\" required>\n                                <option value=\"\">Selecionar<\/option>\n                                <option value=\"1\">1<\/option>\n                                <option value=\"2\">2<\/option>\n                                <option value=\"3\">3<\/option>\n                                <option value=\"4\">4<\/option>\n                            <\/select>\n                        <\/div>\n                        <div class=\"est-it-actions\">\n                            <button type=\"button\" class=\"est-it-btn est-it-btn-ghost est-it-prev\">Voltar<\/button>\n                            <button type=\"button\" class=\"est-it-btn est-it-btn-primary est-it-next\">Seguinte<\/button>\n                        <\/div>\n                    <\/section>\n\n                    <!-- STEP 2 -->\n<section class=\"est-it-section\" data-step=\"2\" style=\"display:none\">\n    <div id=\"est-step2-owner-block\">\n        <h3>Detalhes do propriet\u00e1rio<\/h3>\n        <div class=\"est-it-instructions\" data-instr=\"owners\"><\/div>\n\n        <div id=\"est-owners\"><\/div>\n    <\/div>\n\n    <h3 class=\"est-step2-contact-title\" style=\"margin-top:20px;\">Dados de contacto<\/h3>\n    <div class=\"est-it-instructions\" data-instr=\"contact\"><\/div>\n\n    <div class=\"est-it-grid2\">\n        <div class=\"est-it-field\">\n            <label>Correio eletr\u00f3nico <span class=\"req\">*<\/span><\/label>\n            <input type=\"email\" name=\"contact_email\" id=\"est_contact_email\" required \/>\n            <div class=\"est-it-muted\">A sua conta ser\u00e1 criada automaticamente depois de clicar em Seguinte. Nome de utilizador = e-mail. Ser\u00e1 enviada para o seu e-mail uma liga\u00e7\u00e3o de configura\u00e7\u00e3o de palavra-passe segura.<\/div>\n        <\/div>\n        <div class=\"est-it-field\">\n            <label>Telefone<\/label>\n            <input type=\"text\" name=\"contact_phone\" id=\"est_contact_phone\" \/>\n        <\/div>\n    <\/div>\n\n    <div class=\"est-it-actions\">\n        <button type=\"button\" class=\"est-it-btn est-it-btn-ghost est-it-prev\">Voltar<\/button>\n        <button type=\"button\" class=\"est-it-btn est-it-btn-primary est-it-next\">Seguinte<\/button>\n    <\/div>\n<\/section>\n\n<!-- STEP 3 -->\n\n<!-- STEP 3 -->\n                    <section class=\"est-it-section\" data-step=\"3\" style=\"display:none\">\n                        <h3>Detalhes do im\u00f3vel<\/h3>\n                        <p class=\"est-it-muted\">Detalhes do seu im\u00f3vel em Espanha.<\/p>\n                        <div class=\"est-it-instructions\" data-instr=\"property\"><\/div>\n                        <div class=\"est-it-grid2\">\n                            <div class=\"est-it-field\">\n                                <label>Tipo de propriedade <span class=\"req\">*<\/span><\/label>\n                                <select name=\"property_type\" id=\"est_property_type\" required>\n                                    <option value=\"\">Selecionar<\/option>\n                                    <option value=\"Apartment\">Apartamento<\/option>\n                                    <option value=\"House\">Casa<\/option>\n                                    <option value=\"Garage\">Garagem<\/option>\n                                    <option value=\"Storage\">Armazenamento<\/option>\n                                    <option value=\"Plot\">Lote<\/option>\n                                <\/select>\n                            <\/div>\n                            <div class=\"est-it-field\">\n                                <label>Endere\u00e7o do im\u00f3vel <span class=\"req\">*<\/span><\/label>\n                                <input type=\"text\" name=\"property_address\" required \/>\n                            <\/div>\n                            <div class=\"est-it-field\">\n                                <label>C\u00f3digo postal <span class=\"req\">*<\/span><\/label>\n                                <input type=\"text\" name=\"property_postal_code\" required \/>\n                            <\/div>\n                            <div class=\"est-it-field\">\n                                <label>Cidade <span class=\"req\">*<\/span><\/label>\n                                <input type=\"text\" name=\"property_city\" required \/>\n                            <\/div>\n                            <div class=\"est-it-field\">\n                                <label>Prov\u00edncia <span class=\"req\">*<\/span><\/label>\n                                <input type=\"text\" name=\"property_province\" required \/>\n                            <\/div>\n                            <div class=\"est-it-field\">\n                                <label>Refer\u00eancia cadastral <span class=\"req\">*<\/span><\/label>\n                                <input type=\"text\" name=\"cadastral_reference\" required \/>\n                                <div class=\"est-it-help\">A refer\u00eancia cadastral e o valor cadastral constam do seu recibo de imposto IBI.<\/div>\n                            <\/div>\n                            <div class=\"est-it-field\">\n                                <label>Valor cadastral (\u20ac)<\/label>\n                                <input type=\"number\" step=\"0.01\" min=\"0\" name=\"cadastral_value\" \/>\n                                <div class=\"est-it-help\">A refer\u00eancia cadastral e o valor cadastral constam do seu recibo de imposto IBI.<\/div>\n                            <\/div>\n                            <div class=\"est-it-field\">\n    <label>Propriedade durante um ano inteiro? <span class=\"req\">*<\/span><\/label>\n    <select name=\"owned_full_year\" id=\"est_owned_full_year\" required>\n        <option value=\"\">Selecionar<\/option>\n        <option value=\"Yes\">Sim<\/option>\n        <option value=\"No\">N\u00e3o<\/option>\n    <\/select>\n<\/div>\n\n<div class=\"est-it-field\">\n    <label>Vendeu ou comprou este im\u00f3vel em <span id=\"est_sold_year\"><\/span>? <span class=\"req\">*<\/span><\/label>\n    <select name=\"sold_or_purchased\" id=\"est_sold_or_purchased\" required>\n        <option value=\"\">Selecionar<\/option>\n        <option value=\"No\">N\u00e3o<\/option>\n        <option value=\"Yes\">Sim<\/option>\n    <\/select>\n<\/div>\n<\/div>\n                        <div class=\"est-it-actions\">\n                            <button type=\"button\" class=\"est-it-btn est-it-btn-ghost est-it-prev\">Voltar<\/button>\n                            <button type=\"button\" class=\"est-it-btn est-it-btn-primary est-it-next\">Seguinte<\/button>\n                        <\/div>\n                    <\/section>\n\n                    <!-- STEP 4 -->\n                    <section class=\"est-it-section\" data-step=\"4\" style=\"display:none\">\n                        <h3 id=\"est-step4-title\">Detalhes<\/h3>\n\n                        <div id=\"est-days-owned-wrap\" class=\"est-it-field\" style=\"display:none\">\n                                <label>N\u00famero de dias de propriedade durante o ano fiscal <span class=\"req\">*<\/span><\/label>\n                                <input type=\"number\" min=\"0\" max=\"366\" name=\"days_owned\" \/>\n                            <\/div>\n\n                        <div id=\"est-step4-rental\" style=\"display:none\">\n    <div class=\"est-it-instructions\" data-instr=\"rental\"><\/div>\n\n    <p class=\"est-it-help\"><strong>Quantos dias esteve o seu im\u00f3vel arrendado durante <span id=\"est_rental_year\"><\/span>?<\/strong><\/p>\n\n    <div class=\"est-it-grid2\">\n        <div class=\"est-it-field\">\n            <label>Dias alugados <span class=\"req\">*<\/span><\/label>\n            <input type=\"number\" min=\"0\" max=\"366\" name=\"rented_days\" required \/>\n        <\/div>\n\n        <div class=\"est-it-field\">\n            <label>Tipo de aluguer <span class=\"req\">*<\/span><\/label>\n            <select name=\"rental_type\" required>\n                <option value=\"\">Selecionar<\/option>\n                <option value=\"Short term rental\">Aluguer de curta dura\u00e7\u00e3o<\/option>\n                <option value=\"Long term rental\">Aluguer de longa dura\u00e7\u00e3o<\/option>\n            <\/select>\n        <\/div>\n\n        <div class=\"est-it-field\">\n            <label>Rendimento de rendas (\u20ac) <span class=\"req\">*<\/span><\/label>\n            <input type=\"number\" step=\"0.01\" min=\"0\" name=\"rental_income\" required \/>\n            <div class=\"est-it-help\">Indique o total dos rendimentos de aluguer obtidos durante o ano.<\/div>\n        <\/div>\n    <\/div>\n\n    <h4 style=\"margin-top:18px;\">Custos de aluguer<\/h4>\n    <div class=\"est-it-muted\">Segue-se uma lista de despesas suscept\u00edveis de serem deduzidas de acordo com as autoridades fiscais espanholas. Introduza apenas os montantes relativos \u00e0s despesas que tem. Se uma categoria n\u00e3o se aplicar a si, basta deix\u00e1-la em branco.<\/div>\n\n    <div class=\"est-it-grid2\" style=\"margin-top:10px;\">\n        <div class=\"est-it-field\">\n            <label>Impostos locais (\u20ac)<\/label>\n            <input type=\"number\" step=\"0.01\" min=\"0\" name=\"cost_local_taxes\" \/>\n            <div class=\"est-it-help\">Os impostos locais s\u00e3o o IBI e as taxas de recolha de lixo. Se o aluguer for de longa dura\u00e7\u00e3o, adicionar o custo total do IBI do ano.<\/div>\n        <\/div>\n\n        <div class=\"est-it-field\">\n            <label>Taxas comunit\u00e1rias (\u20ac)<\/label>\n            <input type=\"number\" step=\"0.01\" min=\"0\" name=\"cost_community_fees\" \/>\n            <div class=\"est-it-help\">Se o aluguer for de longa dura\u00e7\u00e3o, adicionar o custo total do ano. Se o aluguer for de curta dura\u00e7\u00e3o, calcular pelo tempo alugado.<\/div>\n        <\/div>\n\n        <div class=\"est-it-field\">\n            <label>Servi\u00e7os p\u00fablicos (\u20ac)<\/label>\n            <input type=\"number\" step=\"0.01\" min=\"0\" name=\"cost_utilities\" \/>\n            <div class=\"est-it-help\">Despesas de \u00e1gua, eletricidade, Internet, alarme, etc. Em caso de aluguer de curta dura\u00e7\u00e3o, calcular para o tempo de aluguer.<\/div>\n        <\/div>\n\n        <div class=\"est-it-field\">\n            <label>Juros hipotec\u00e1rios (\u20ac)<\/label>\n            <input type=\"number\" step=\"0.01\" min=\"0\" name=\"cost_mortgage_interest\" \/>\n            <div class=\"est-it-help\">Se o aluguer for de curta dura\u00e7\u00e3o, calcular o tempo de aluguer. Se for um aluguer de longa dura\u00e7\u00e3o, digite os custos totais do ano.<\/div>\n        <\/div>\n\n        <div class=\"est-it-field\">\n            <label>Taxas de gest\u00e3o de propriedades (\u20ac)<\/label>\n            <input type=\"number\" step=\"0.01\" min=\"0\" name=\"cost_property_management\" \/>\n            <div class=\"est-it-help\">Custos de gest\u00e3o do aluguer, limpeza, publicidade, portais de Internet como o VRBO, Booking e Airbnb, etc.<\/div>\n        <\/div>\n\n        <div class=\"est-it-field\">\n            <label>Custos de manuten\u00e7\u00e3o e repara\u00e7\u00e3o (\u20ac)<\/label>\n            <input type=\"number\" step=\"0.01\" min=\"0\" name=\"cost_maintenance_repair\" \/>\n            <div class=\"est-it-help\">Trabalhos de repara\u00e7\u00e3o, pintura e outros trabalhos de manuten\u00e7\u00e3o.<\/div>\n        <\/div>\n\n        <div class=\"est-it-field\">\n            <label>Seguro de habita\u00e7\u00e3o (\u20ac)<\/label>\n            <input type=\"number\" step=\"0.01\" min=\"0\" name=\"cost_home_insurance\" \/>\n            <div class=\"est-it-help\">Se o aluguer for de curta dura\u00e7\u00e3o, calcule o custo do seguro para o tempo alugado. Se for um aluguer de longa dura\u00e7\u00e3o, digite os custos totais do ano.<\/div>\n        <\/div>\n\n        <div class=\"est-it-field\">\n            <label>Outras despesas (\u20ac)<\/label>\n            <input type=\"number\" step=\"0.01\" min=\"0\" name=\"cost_other_expenses\" \/>\n            <div class=\"est-it-help\">Tudo o que estiver menos relacionado com o aluguer.<\/div>\n        <\/div>\n\n        <div class=\"est-it-field\">\n            <label>Mobili\u00e1rio e electrodom\u00e9sticos (\u20ac)<\/label>\n            <input type=\"number\" step=\"0.01\" min=\"0\" name=\"cost_furniture_appliances\" \/>\n            <div class=\"est-it-help\">Pode deduzir anualmente 10% do custo total dos m\u00f3veis e electrodom\u00e9sticos.<\/div>\n        <\/div>\n\n        <div class=\"est-it-field\">\n            <label>Pretende calcular o custo de amortiza\u00e7\u00e3o a deduzir? <span class=\"req\">*<\/span><\/label>\n            <select name=\"want_depreciation\" id=\"est_want_depreciation\" required>\n                <option value=\"\">Selecionar<\/option>\n                <option value=\"Yes\">Sim<\/option>\n                <option value=\"No\">N\u00e3o<\/option>\n            <\/select>\n        <\/div>\n    <\/div>\n\n    <div id=\"est-depr-section\" style=\"display:none; margin-top:18px;\">\n        <h4>Deprecia\u00e7\u00e3o<\/h4>\n        <div class=\"est-it-muted\">Pode deduzir a deprecia\u00e7\u00e3o do im\u00f3vel. Esta \u00e9 calculada em 3% por ano do valor mais elevado entre o pre\u00e7o de compra e o valor cadastral, excluindo o valor do terreno.<\/div>\n\n        <div class=\"est-it-grid2\" style=\"margin-top:10px;\">\n            <div class=\"est-it-field\">\n                <label>Valor cadastral da constru\u00e7\u00e3o (\u20ac) <span class=\"req\">*<\/span><\/label>\n                <input type=\"number\" step=\"0.01\" min=\"0\" name=\"dep_construction_cadastral_value\" \/>\n                <div class=\"est-it-help\">O valor cadastral da constru\u00e7\u00e3o \u00e9 o valor do edif\u00edcio apenas, excluindo o terreno. \u00c9 utilizado para o c\u00e1lculo dos impostos e pode ser consultado na fatura fiscal do IBI.<\/div>\n            <\/div>\n\n            <div class=\"est-it-field\">\n                <label>Valor de aquisi\u00e7\u00e3o (\u20ac) <span class=\"req\">*<\/span><\/label>\n                <input type=\"number\" step=\"0.01\" min=\"0\" name=\"dep_acquisition_value\" \/>\n                <div class=\"est-it-help\">O valor de aquisi\u00e7\u00e3o \u00e9 o custo total da compra do seu im\u00f3vel, incluindo o pre\u00e7o de compra e os custos de aquisi\u00e7\u00e3o. \u00c9 utilizado para o c\u00e1lculo dos impostos.<\/div>\n            <\/div>\n        <\/div>\n    <\/div>\n<\/div>\n\n<div id=\"est-step4-decl\" style=\"display:none\">\n                            <p>Este pacote utiliza uma forma mais simples (sem propriet\u00e1rios\/propriedades).<\/p>\n                            <div class=\"est-it-grid2\">\n                                <div class=\"est-it-field\">\n                                    <label>Nome pr\u00f3prio <span class=\"req\">*<\/span><\/label>\n                                    <input type=\"text\" name=\"decl_first_name\" required \/>\n                                <\/div>\n                                <div class=\"est-it-field\">\n                                    <label>Apelido <span class=\"req\">*<\/span><\/label>\n                                    <input type=\"text\" name=\"decl_last_name\" required \/>\n                                <\/div>\n                                <div class=\"est-it-field\">\n                                    <label>Endere\u00e7o do pa\u00eds de origem <span class=\"req\">*<\/span><\/label>\n                                    <input type=\"text\" name=\"decl_address\" required \/>\n                                <\/div>\n                                <div class=\"est-it-field\">\n                                    <label>C\u00f3digo postal <span class=\"req\">*<\/span><\/label>\n                                    <input type=\"text\" name=\"decl_postal_code\" required \/>\n                                <\/div>\n                                <div class=\"est-it-field\">\n                                    <label>Cidade <span class=\"req\">*<\/span><\/label>\n                                    <input type=\"text\" name=\"decl_city\" required \/>\n                                <\/div>\n                                <div class=\"est-it-field\">\n                                    <label>Pa\u00eds <span class=\"req\">*<\/span><\/label>\n                                    <input type=\"text\" name=\"decl_country\" required \/>\n                                <\/div>\n                                <div class=\"est-it-field\">\n                                    <label>N\u00famero de identifica\u00e7\u00e3o fiscal (NIE \/ Passaporte \/ NIF) <span class=\"req\">*<\/span><\/label>\n                                    <input type=\"text\" name=\"decl_tax_id\" required \/>\n                                <\/div>\n                            <\/div>\n                        <\/div>\n\n                        <div class=\"est-it-actions\">\n                            <button type=\"button\" class=\"est-it-btn est-it-btn-ghost est-it-prev\">Voltar<\/button>\n                            <button type=\"button\" class=\"est-it-btn est-it-btn-primary est-it-next\">Seguinte<\/button>\n                        <\/div>\n                    <\/section>\n\n                    <!-- STEP 5 -->\n<section class=\"est-it-section\" data-step=\"5\" style=\"display:none\">\n    <h3>C\u00e1lculo estimado<\/h3>\n                        <div class=\"est-it-instructions\" data-instr=\"estimate\"><\/div>\n    <p class=\"est-it-muted\">Este \u00e9 um c\u00e1lculo estimado com base nos seus dados.<\/p>\n\n    <div id=\"est-calc-missing\" class=\"est-it-info\" style=\"display:none\">\n        N\u00e3o podemos calcular o imposto devido porque falta o valor cadastral.\n    <\/div>\n\n    <div id=\"est-calc-results\" style=\"display:none\">\n        <div class=\"est-it-calcbox\">\n            <div><strong>Base fiscal:<\/strong> <span id=\"est_calc_base\">\u2014<\/span><\/div>\n            <div><strong>Taxa de imposto:<\/strong> <span id=\"est_calc_rate\">\u2014<\/span><\/div>\n            <div><strong>Total do imposto devido (\u20ac):<\/strong> <span id=\"est_calc_total\">\u2014<\/span><\/div>\n        <\/div>\n\n        <div id=\"est-calc-extra\" class=\"est-it-calcbox\" style=\"margin-top:12px; display:none;\">\n            <div><strong>Rendimento de rendas (\u20ac):<\/strong> <span id=\"est_calc_r_income\">\u2014<\/span><\/div>\n            <div><strong>Custos totais dedut\u00edveis (\u20ac):<\/strong> <span id=\"est_calc_r_costs\">\u2014<\/span><\/div>\n            <div><strong>Amortiza\u00e7\u00f5es (\u20ac):<\/strong> <span id=\"est_calc_r_depr\">\u2014<\/span><\/div>\n            <div><strong>Rendimento tribut\u00e1vel das rendas (\u20ac):<\/strong> <span id=\"est_calc_r_taxable\">\u2014<\/span><\/div>\n        <\/div>\n\n        <h4 style=\"margin-top:16px;\">Imposto por propriet\u00e1rio<\/h4>\n        <div class=\"est-it-tablewrap\">\n            <table class=\"est-it-table\" id=\"est_calc_per_owner\">\n                <thead>\n                    <tr>\n                        <th>Propriet\u00e1rio<\/th>\n                        <th>Pa\u00eds de resid\u00eancia<\/th>\n                        <th>Propriedade %<\/th>\n                        <th>Taxa de imposto<\/th>\n                        <th>Imposto devido (\u20ac)<\/th>\n                    <\/tr>\n                <\/thead>\n                <tbody><\/tbody>\n            <\/table>\n        <\/div>\n\n        <h4 style=\"margin-top:16px;\">Modo de pagamento do imposto<\/h4>\n        <div class=\"est-it-muted\">Select how you prefer to pay the tax.<\/div>\n        <div class=\"est-it-grid2\" style=\"margin-top:10px;\">\n            <div class=\"est-it-field\">\n                <label><input type=\"radio\" name=\"tax_payment_alternative\" value=\"Direct Debit\" required> D\u00e9bito direto<\/label>\n                <div class=\"est-it-help\">Iremos orient\u00e1-lo na cria\u00e7\u00e3o do d\u00e9bito direto.<\/div>\n            <\/div>\n            <div class=\"est-it-field\">\n                <label><input type=\"radio\" name=\"tax_payment_alternative\" value=\"Bank Transfer\"> Transfer\u00eancia banc\u00e1ria<\/label>\n                <div class=\"est-it-help\">Indicar-lhe-emos os dados banc\u00e1rios e as instru\u00e7\u00f5es.<\/div>\n            <\/div>\n            <div class=\"est-it-field\">\n                <label><input type=\"radio\" name=\"tax_payment_alternative\" value=\"Cash Payment\"> Pagamento em numer\u00e1rio<\/label>\n                <div class=\"est-it-help\">Mostraremos os passos a seguir para pagar em dinheiro.<\/div>\n            <\/div>\n        <\/div>\n    <\/div>\n\n    <div class=\"est-it-actions\">\n        <button type=\"button\" class=\"est-it-btn est-it-btn-ghost est-it-prev\">Voltar<\/button>\n        <button type=\"button\" class=\"est-it-btn est-it-btn-primary est-it-next\">Proceder ao pagamento<\/button>\n    <\/div>\n<\/section>\n\n<!-- STEP 6 -->\n\n\n                    <section class=\"est-it-section\" data-step=\"6\" style=\"display:none\">\n                        <h3>Pagamento e conta<\/h3>\n\n                        <div class=\"est-it-summary\">\n                            <div><strong>Taxa de servi\u00e7o:<\/strong> <span id=\"est_service_label\"><\/span><\/div>\n                            <div><strong>Pre\u00e7o:<\/strong> \u20ac<span id=\"est_service_price\"><\/span><\/div>\n                        <\/div>\n\n                        <div class=\"est-it-actions\">\n                            <button type=\"button\" class=\"est-it-btn est-it-btn-ghost est-it-prev\">Voltar<\/button>\n                            <button type=\"submit\" class=\"est-it-btn est-it-btn-primary\">Pagar e enviar<\/button>\n                        <\/div>\n                    <\/section>\n\n                <input type=\"hidden\" name=\"trp-form-language\" value=\"pt\"\/><\/form>\n            <\/div>\n        <\/div>\n        <\/div>\n\t\t\t\t\t\t<\/div>\n\t\t\t\t\t<\/div>\n\t\t\t\t<\/div>\n\t\t\t\t<\/div>","protected":false},"excerpt":{"rendered":"","protected":false},"author":1,"featured_media":0,"parent":0,"menu_order":0,"comment_status":"closed","ping_status":"closed","template":"elementor_theme","meta":{"footnotes":""},"class_list":["post-5544","page","type-page","status-publish","hentry"],"aioseo_notices":[],"_links":{"self":[{"href":"https:\/\/www.easyspanishtax.com\/pt\/wp-json\/wp\/v2\/pages\/5544","targetHints":{"allow":["GET"]}}],"collection":[{"href":"https:\/\/www.easyspanishtax.com\/pt\/wp-json\/wp\/v2\/pages"}],"about":[{"href":"https:\/\/www.easyspanishtax.com\/pt\/wp-json\/wp\/v2\/types\/page"}],"author":[{"embeddable":true,"href":"https:\/\/www.easyspanishtax.com\/pt\/wp-json\/wp\/v2\/users\/1"}],"replies":[{"embeddable":true,"href":"https:\/\/www.easyspanishtax.com\/pt\/wp-json\/wp\/v2\/comments?post=5544"}],"version-history":[{"count":119,"href":"https:\/\/www.easyspanishtax.com\/pt\/wp-json\/wp\/v2\/pages\/5544\/revisions"}],"predecessor-version":[{"id":6830,"href":"https:\/\/www.easyspanishtax.com\/pt\/wp-json\/wp\/v2\/pages\/5544\/revisions\/6830"}],"wp:attachment":[{"href":"https:\/\/www.easyspanishtax.com\/pt\/wp-json\/wp\/v2\/media?parent=5544"}],"curies":[{"name":"wp","href":"https:\/\/api.w.org\/{rel}","templated":true}]}}