{"id":5544,"date":"2026-01-23T19:57:37","date_gmt":"2026-01-23T19:57:37","guid":{"rendered":"https:\/\/www.easyspanishtax.com\/?page_id=5544"},"modified":"2026-02-20T21:49:10","modified_gmt":"2026-02-20T21:49:10","slug":"tax-form","status":"publish","type":"page","link":"https:\/\/www.easyspanishtax.com\/pl\/tax-form\/","title":{"rendered":"Formularze podatkowe"},"content":{"rendered":"<div data-elementor-type=\"wp-page\" data-elementor-id=\"5544\" class=\"elementor elementor-5544\" data-elementor-post-type=\"page\">\n\t\t\t\t<div class=\"elementor-element elementor-element-bf0dd7e e-flex e-con-boxed e-con e-parent\" data-id=\"bf0dd7e\" data-element_type=\"container\" data-e-type=\"container\" id=\"formmain\">\n\t\t\t\t\t<div class=\"e-con-inner\">\n\t\t\t\t<div class=\"elementor-element elementor-element-3e9c30f elementor-widget elementor-widget-shortcode\" data-id=\"3e9c30f\" data-element_type=\"widget\" data-e-type=\"widget\" id=\"center-section\" data-widget_type=\"shortcode.default\">\n\t\t\t\t\t\t\t<div class=\"elementor-shortcode\">        <div class=\"est-it-wrap\" data-prefill=\"0\" data-prefill-ok=\"0\" data-package=\"0\" data-owners=\"0\">\n            <div class=\"est-it-card\">\n                <h2 class=\"est-it-title\">Formularz podatkowy<\/h2>\n\n                <div class=\"est-it-stepper\">\n                    <div class=\"est-it-step\" data-step=\"0\"><span>1<\/span> Pakiet<\/div>\n                    <div class=\"est-it-step\" data-step=\"1\"><span>2<\/span> Podstawowy<\/div>\n                    <div class=\"est-it-step\" data-step=\"2\"><span>3<\/span> <span class=\"est-it-step-label-2\">W\u0142a\u015bciciele<\/span><\/div>\n                    <div class=\"est-it-step\" data-step=\"3\"><span>4<\/span> Nieruchomo\u015b\u0107<\/div>\n                    <div class=\"est-it-step\" data-step=\"4\"><span>5<\/span> Szczeg\u00f3\u0142y<\/div>\n                    <div class=\"est-it-step\" data-step=\"5\"><span>6<\/span> Podgl\u0105d<\/div>\n                    <div class=\"est-it-step\" data-step=\"6\"><span>7<\/span> P\u0142atno\u015b\u0107<\/div>\n                <\/div>\n\n                <div id=\"est-it-messages\" class=\"est-it-messages\" style=\"display:none\"><\/div>\n\n                <form id=\"est-it-form\" novalidate action=\"\">\n                    <input type=\"hidden\" name=\"submission_id\" id=\"est_submission_id\" value=\"0\" \/>\n\n                    <!-- STEP 0 -->\n                    <section class=\"est-it-section\" data-step=\"0\">\n                        <h3>Wybierz pakiet<\/h3>\n                        <div class=\"est-it-grid\" id=\"est-packages\"><\/div>\n                        <div class=\"est-it-actions\">\n                            <button type=\"button\" class=\"est-it-btn est-it-btn-primary est-it-next\">Nast\u0119pny<\/button>\n                        <\/div>\n                    <\/section>\n\n                    <!-- STEP 1 -->\n                    <section class=\"est-it-section\" data-step=\"1\" style=\"display:none\">\n                        <h3>Rok podatkowy i w\u0142a\u015bciciele<\/h3>\n                        <div class=\"est-it-field\">\n                            <label>Rok podatkowy <span class=\"req\">*<\/span><\/label>\n                            <select name=\"tax_year\" id=\"est_tax_year\" required><\/select>\n                        <\/div>\n                        <div class=\"est-it-field\">\n                            <label>Liczba w\u0142a\u015bcicieli <span class=\"req\">*<\/span><\/label>\n                            <select name=\"owners_count\" id=\"est_owners_count\" required>\n                                <option value=\"\">Wybierz<\/option>\n                                <option value=\"1\">1<\/option>\n                                <option value=\"2\">2<\/option>\n                                <option value=\"3\">3<\/option>\n                                <option value=\"4\">4<\/option>\n                            <\/select>\n                        <\/div>\n                        <div class=\"est-it-actions\">\n                            <button type=\"button\" class=\"est-it-btn est-it-btn-ghost est-it-prev\">Powr\u00f3t<\/button>\n                            <button type=\"button\" class=\"est-it-btn est-it-btn-primary est-it-next\">Nast\u0119pny<\/button>\n                        <\/div>\n                    <\/section>\n\n                    <!-- STEP 2 -->\n<section class=\"est-it-section\" data-step=\"2\" style=\"display:none\">\n    <div id=\"est-step2-owner-block\">\n        <h3>Dane w\u0142a\u015bciciela<\/h3>\n        <div class=\"est-it-instructions\" data-instr=\"owners\"><\/div>\n\n        <div id=\"est-owners\"><\/div>\n    <\/div>\n\n    <h3 class=\"est-step2-contact-title\" style=\"margin-top:20px;\">Dane kontaktowe<\/h3>\n    <div class=\"est-it-instructions\" data-instr=\"contact\"><\/div>\n\n    <div class=\"est-it-grid2\">\n        <div class=\"est-it-field\">\n            <label>E-mail <span class=\"req\">*<\/span><\/label>\n            <input type=\"email\" name=\"contact_email\" id=\"est_contact_email\" required \/>\n            <div class=\"est-it-muted\">Konto zostanie utworzone automatycznie po klikni\u0119ciu przycisku Dalej. Nazwa u\u017cytkownika = e-mail. Bezpieczny link do konfiguracji has\u0142a zostanie wys\u0142any na Tw\u00f3j adres e-mail.<\/div>\n        <\/div>\n        <div class=\"est-it-field\">\n            <label>Telefon<\/label>\n            <input type=\"text\" name=\"contact_phone\" id=\"est_contact_phone\" \/>\n        <\/div>\n    <\/div>\n\n    <div class=\"est-it-actions\">\n        <button type=\"button\" class=\"est-it-btn est-it-btn-ghost est-it-prev\">Powr\u00f3t<\/button>\n        <button type=\"button\" class=\"est-it-btn est-it-btn-primary est-it-next\">Nast\u0119pny<\/button>\n    <\/div>\n<\/section>\n\n<!-- STEP 3 -->\n\n<!-- STEP 3 -->\n                    <section class=\"est-it-section\" data-step=\"3\" style=\"display:none\">\n                        <h3>Szczeg\u00f3\u0142y nieruchomo\u015bci<\/h3>\n                        <p class=\"est-it-muted\">Szczeg\u00f3\u0142y dotycz\u0105ce nieruchomo\u015bci w Hiszpanii.<\/p>\n                        <div class=\"est-it-instructions\" data-instr=\"property\"><\/div>\n                        <div class=\"est-it-grid2\">\n                            <div class=\"est-it-field\">\n                                <label>Typ nieruchomo\u015bci <span class=\"req\">*<\/span><\/label>\n                                <select name=\"property_type\" id=\"est_property_type\" required>\n                                    <option value=\"\">Wybierz<\/option>\n                                    <option value=\"Apartment\">Apartament<\/option>\n                                    <option value=\"House\">Dom<\/option>\n                                    <option value=\"Garage\">Gara\u017c<\/option>\n                                    <option value=\"Storage\">Przechowywanie<\/option>\n                                    <option value=\"Plot\">Dzia\u0142ka<\/option>\n                                <\/select>\n                            <\/div>\n                            <div class=\"est-it-field\">\n                                <label>Adres nieruchomo\u015bci <span class=\"req\">*<\/span><\/label>\n                                <input type=\"text\" name=\"property_address\" required \/>\n                            <\/div>\n                            <div class=\"est-it-field\">\n                                <label>Kod pocztowy <span class=\"req\">*<\/span><\/label>\n                                <input type=\"text\" name=\"property_postal_code\" required \/>\n                            <\/div>\n                            <div class=\"est-it-field\">\n                                <label>Miasto <span class=\"req\">*<\/span><\/label>\n                                <input type=\"text\" name=\"property_city\" required \/>\n                            <\/div>\n                            <div class=\"est-it-field\">\n                                <label>Prowincja <span class=\"req\">*<\/span><\/label>\n                                <input type=\"text\" name=\"property_province\" required \/>\n                            <\/div>\n                            <div class=\"est-it-field\">\n                                <label>Odniesienie katastralne <span class=\"req\">*<\/span><\/label>\n                                <input type=\"text\" name=\"cadastral_reference\" required \/>\n                                <div class=\"est-it-help\">Numer katastralny i warto\u015b\u0107 katastralna znajduj\u0105 si\u0119 na pokwitowaniu podatkowym IBI.<\/div>\n                            <\/div>\n                            <div class=\"est-it-field\">\n                                <label>Warto\u015b\u0107 katastralna (\u20ac)<\/label>\n                                <input type=\"number\" step=\"0.01\" min=\"0\" name=\"cadastral_value\" \/>\n                                <div class=\"est-it-help\">Numer katastralny i warto\u015b\u0107 katastralna znajduj\u0105 si\u0119 na pokwitowaniu podatkowym IBI.<\/div>\n                            <\/div>\n                            <div class=\"est-it-field\">\n    <label>Nieruchomo\u015b\u0107 posiadana przez ca\u0142y rok? <span class=\"req\">*<\/span><\/label>\n    <select name=\"owned_full_year\" id=\"est_owned_full_year\" required>\n        <option value=\"\">Wybierz<\/option>\n        <option value=\"Yes\">Tak<\/option>\n        <option value=\"No\">Nie<\/option>\n    <\/select>\n<\/div>\n\n<div class=\"est-it-field\">\n    <label>Czy sprzeda\u0142e\u015b lub kupi\u0142e\u015b t\u0119 nieruchomo\u015b\u0107 w <span id=\"est_sold_year\"><\/span>? <span class=\"req\">*<\/span><\/label>\n    <select name=\"sold_or_purchased\" id=\"est_sold_or_purchased\" required>\n        <option value=\"\">Wybierz<\/option>\n        <option value=\"No\">Nie<\/option>\n        <option value=\"Yes\">Tak<\/option>\n    <\/select>\n<\/div>\n<\/div>\n                        <div class=\"est-it-actions\">\n                            <button type=\"button\" class=\"est-it-btn est-it-btn-ghost est-it-prev\">Powr\u00f3t<\/button>\n                            <button type=\"button\" class=\"est-it-btn est-it-btn-primary est-it-next\">Nast\u0119pny<\/button>\n                        <\/div>\n                    <\/section>\n\n                    <!-- STEP 4 -->\n                    <section class=\"est-it-section\" data-step=\"4\" style=\"display:none\">\n                        <h3 id=\"est-step4-title\">Szczeg\u00f3\u0142y<\/h3>\n\n                        <div id=\"est-days-owned-wrap\" class=\"est-it-field\" style=\"display:none\">\n                                <label>Liczba posiadanych dni w roku podatkowym <span class=\"req\">*<\/span><\/label>\n                                <input type=\"number\" min=\"0\" max=\"366\" name=\"days_owned\" \/>\n                            <\/div>\n\n                        <div id=\"est-step4-rental\" style=\"display:none\">\n    <div class=\"est-it-instructions\" data-instr=\"rental\"><\/div>\n\n    <p class=\"est-it-help\"><strong>Przez ile dni nieruchomo\u015b\u0107 by\u0142a wynajmowana <span id=\"est_rental_year\"><\/span>?<\/strong><\/p>\n\n    <div class=\"est-it-grid2\">\n        <div class=\"est-it-field\">\n            <label>Wynaj\u0119te dni <span class=\"req\">*<\/span><\/label>\n            <input type=\"number\" min=\"0\" max=\"366\" name=\"rented_days\" required \/>\n        <\/div>\n\n        <div class=\"est-it-field\">\n            <label>Rodzaj wynajmu <span class=\"req\">*<\/span><\/label>\n            <select name=\"rental_type\" required>\n                <option value=\"\">Wybierz<\/option>\n                <option value=\"Short term rental\">Wynajem kr\u00f3tkoterminowy<\/option>\n                <option value=\"Long term rental\">Wynajem d\u0142ugoterminowy<\/option>\n            <\/select>\n        <\/div>\n\n        <div class=\"est-it-field\">\n            <label>Doch\u00f3d z wynajmu (\u20ac) <span class=\"req\">*<\/span><\/label>\n            <input type=\"number\" step=\"0.01\" min=\"0\" name=\"rental_income\" required \/>\n            <div class=\"est-it-help\">Wpisz ca\u0142kowity doch\u00f3d z wynajmu uzyskany w ci\u0105gu roku.<\/div>\n        <\/div>\n    <\/div>\n\n    <h4 style=\"margin-top:18px;\">Koszty wynajmu<\/h4>\n    <div class=\"est-it-muted\">Poni\u017cej znajduje si\u0119 lista wydatk\u00f3w, kt\u00f3re mog\u0105 podlega\u0107 odliczeniu wed\u0142ug hiszpa\u0144skich organ\u00f3w podatkowych. Wprowad\u017a kwoty tylko dla wydatk\u00f3w, kt\u00f3re posiadasz. Je\u015bli dana kategoria Ci\u0119 nie dotyczy, pozostaw j\u0105 pust\u0105.<\/div>\n\n    <div class=\"est-it-grid2\" style=\"margin-top:10px;\">\n        <div class=\"est-it-field\">\n            <label>Podatki lokalne (\u20ac)<\/label>\n            <input type=\"number\" step=\"0.01\" min=\"0\" name=\"cost_local_taxes\" \/>\n            <div class=\"est-it-help\">Podatki lokalne to IBI i op\u0142aty za wyw\u00f3z \u015bmieci. W przypadku wynajmu d\u0142ugoterminowego nale\u017cy doda\u0107 ca\u0142kowity roczny koszt IBI.<\/div>\n        <\/div>\n\n        <div class=\"est-it-field\">\n            <label>Op\u0142aty wsp\u00f3lnotowe (\u20ac)<\/label>\n            <input type=\"number\" step=\"0.01\" min=\"0\" name=\"cost_community_fees\" \/>\n            <div class=\"est-it-help\">W przypadku wynajmu d\u0142ugoterminowego nale\u017cy doda\u0107 ca\u0142kowity koszt roczny. W przypadku wynajmu kr\u00f3tkoterminowego nale\u017cy obliczy\u0107 czas wynajmu.<\/div>\n        <\/div>\n\n        <div class=\"est-it-field\">\n            <label>Media (\u20ac)<\/label>\n            <input type=\"number\" step=\"0.01\" min=\"0\" name=\"cost_utilities\" \/>\n            <div class=\"est-it-help\">Wydatki na wod\u0119, pr\u0105d, internet, alarm itp. W przypadku wynajmu kr\u00f3tkoterminowego nale\u017cy obliczy\u0107 czas wynajmu.<\/div>\n        <\/div>\n\n        <div class=\"est-it-field\">\n            <label>Odsetki hipoteczne (\u20ac)<\/label>\n            <input type=\"number\" step=\"0.01\" min=\"0\" name=\"cost_mortgage_interest\" \/>\n            <div class=\"est-it-help\">W przypadku wynajmu kr\u00f3tkoterminowego oblicz dla wynajmowanego czasu. W przypadku wynajmu d\u0142ugoterminowego wpisz ca\u0142kowite koszty za rok.<\/div>\n        <\/div>\n\n        <div class=\"est-it-field\">\n            <label>Op\u0142aty za zarz\u0105dzanie nieruchomo\u015bci\u0105 (\u20ac)<\/label>\n            <input type=\"number\" step=\"0.01\" min=\"0\" name=\"cost_property_management\" \/>\n            <div class=\"est-it-help\">Koszty zarz\u0105dzania wynajmem, sprz\u0105tania, reklamy, portali internetowych takich jak VRBO, Booking i Airbnb itp.<\/div>\n        <\/div>\n\n        <div class=\"est-it-field\">\n            <label>Koszty konserwacji i napraw (\u20ac)<\/label>\n            <input type=\"number\" step=\"0.01\" min=\"0\" name=\"cost_maintenance_repair\" \/>\n            <div class=\"est-it-help\">Prace naprawcze, malowanie i inne prace konserwacyjne.<\/div>\n        <\/div>\n\n        <div class=\"est-it-field\">\n            <label>Ubezpieczenie domu (\u20ac)<\/label>\n            <input type=\"number\" step=\"0.01\" min=\"0\" name=\"cost_home_insurance\" \/>\n            <div class=\"est-it-help\">W przypadku wynajmu kr\u00f3tkoterminowego oblicz koszt ubezpieczenia na czas wynajmu. W przypadku wynajmu d\u0142ugoterminowego wpisz ca\u0142kowite koszty roczne.<\/div>\n        <\/div>\n\n        <div class=\"est-it-field\">\n            <label>Inne wydatki (\u20ac)<\/label>\n            <input type=\"number\" step=\"0.01\" min=\"0\" name=\"cost_other_expenses\" \/>\n            <div class=\"est-it-help\">Wszystko mniej zwi\u0105zane z wynajmem.<\/div>\n        <\/div>\n\n        <div class=\"est-it-field\">\n            <label>Meble i urz\u0105dzenia (\u20ac)<\/label>\n            <input type=\"number\" step=\"0.01\" min=\"0\" name=\"cost_furniture_appliances\" \/>\n            <div class=\"est-it-help\">Mo\u017cesz odliczy\u0107 10% rocznie ca\u0142kowitego kosztu mebli i urz\u0105dze\u0144.<\/div>\n        <\/div>\n\n        <div class=\"est-it-field\">\n            <label>Czy chcesz obliczy\u0107 koszt amortyzacji do odliczenia? <span class=\"req\">*<\/span><\/label>\n            <select name=\"want_depreciation\" id=\"est_want_depreciation\" required>\n                <option value=\"\">Wybierz<\/option>\n                <option value=\"Yes\">Tak<\/option>\n                <option value=\"No\">Nie<\/option>\n            <\/select>\n        <\/div>\n    <\/div>\n\n    <div id=\"est-depr-section\" style=\"display:none; margin-top:18px;\">\n        <h4>Amortyzacja<\/h4>\n        <div class=\"est-it-muted\">Mo\u017cna odliczy\u0107 amortyzacj\u0119 nieruchomo\u015bci. Jest ona obliczana jako 3% rocznie wy\u017cszej warto\u015bci mi\u0119dzy cen\u0105 zakupu a warto\u015bci\u0105 katastraln\u0105, z wy\u0142\u0105czeniem warto\u015bci gruntu.<\/div>\n\n        <div class=\"est-it-grid2\" style=\"margin-top:10px;\">\n            <div class=\"est-it-field\">\n                <label>Budowlana warto\u015b\u0107 katastralna (\u20ac) <span class=\"req\">*<\/span><\/label>\n                <input type=\"number\" step=\"0.01\" min=\"0\" name=\"dep_construction_cadastral_value\" \/>\n                <div class=\"est-it-help\">Warto\u015b\u0107 katastralna budynku to warto\u015b\u0107 samego budynku, z wy\u0142\u0105czeniem gruntu. Jest ona wykorzystywana do oblicze\u0144 podatkowych i mo\u017cna j\u0105 znale\u017a\u0107 na rachunku podatkowym IBI.<\/div>\n            <\/div>\n\n            <div class=\"est-it-field\">\n                <label>Warto\u015b\u0107 nabycia (\u20ac) <span class=\"req\">*<\/span><\/label>\n                <input type=\"number\" step=\"0.01\" min=\"0\" name=\"dep_acquisition_value\" \/>\n                <div class=\"est-it-help\">Warto\u015b\u0107 nabycia to ca\u0142kowity koszt zakupu nieruchomo\u015bci, w tym cena zakupu i koszty zakupu. Jest ona wykorzystywana do oblicze\u0144 podatkowych.<\/div>\n            <\/div>\n        <\/div>\n    <\/div>\n<\/div>\n\n<div id=\"est-step4-decl\" style=\"display:none\">\n                            <p>Ten pakiet u\u017cywa prostszej formy (bez w\u0142a\u015bcicieli\/w\u0142asno\u015bci).<\/p>\n                            <div class=\"est-it-grid2\">\n                                <div class=\"est-it-field\">\n                                    <label>Imi\u0119 <span class=\"req\">*<\/span><\/label>\n                                    <input type=\"text\" name=\"decl_first_name\" required \/>\n                                <\/div>\n                                <div class=\"est-it-field\">\n                                    <label>Nazwisko <span class=\"req\">*<\/span><\/label>\n                                    <input type=\"text\" name=\"decl_last_name\" required \/>\n                                <\/div>\n                                <div class=\"est-it-field\">\n                                    <label>Adres kraju pochodzenia <span class=\"req\">*<\/span><\/label>\n                                    <input type=\"text\" name=\"decl_address\" required \/>\n                                <\/div>\n                                <div class=\"est-it-field\">\n                                    <label>Kod pocztowy <span class=\"req\">*<\/span><\/label>\n                                    <input type=\"text\" name=\"decl_postal_code\" required \/>\n                                <\/div>\n                                <div class=\"est-it-field\">\n                                    <label>Miasto <span class=\"req\">*<\/span><\/label>\n                                    <input type=\"text\" name=\"decl_city\" required \/>\n                                <\/div>\n                                <div class=\"est-it-field\">\n                                    <label>Kraj <span class=\"req\">*<\/span><\/label>\n                                    <input type=\"text\" name=\"decl_country\" required \/>\n                                <\/div>\n                                <div class=\"est-it-field\">\n                                    <label>Numer identyfikacji podatkowej (NIE\/paszport\/identyfikator podatkowy) <span class=\"req\">*<\/span><\/label>\n                                    <input type=\"text\" name=\"decl_tax_id\" required \/>\n                                <\/div>\n                            <\/div>\n                        <\/div>\n\n                        <div class=\"est-it-actions\">\n                            <button type=\"button\" class=\"est-it-btn est-it-btn-ghost est-it-prev\">Powr\u00f3t<\/button>\n                            <button type=\"button\" class=\"est-it-btn est-it-btn-primary est-it-next\">Nast\u0119pny<\/button>\n                        <\/div>\n                    <\/section>\n\n                    <!-- STEP 5 -->\n<section class=\"est-it-section\" data-step=\"5\" style=\"display:none\">\n    <h3>Szacunkowe obliczenia<\/h3>\n                        <div class=\"est-it-instructions\" data-instr=\"estimate\"><\/div>\n    <p class=\"est-it-muted\">Jest to szacunkowe obliczenie oparte na danych wej\u015bciowych.<\/p>\n\n    <div id=\"est-calc-missing\" class=\"est-it-info\" style=\"display:none\">\n        Nie mo\u017cemy obliczy\u0107 nale\u017cnego podatku, poniewa\u017c brakuje warto\u015bci katastralnej.\n    <\/div>\n\n    <div id=\"est-calc-results\" style=\"display:none\">\n        <div class=\"est-it-calcbox\">\n            <div><strong>Podstawa opodatkowania:<\/strong> <span id=\"est_calc_base\">\u2014<\/span><\/div>\n            <div><strong>Stawka podatku:<\/strong> <span id=\"est_calc_rate\">\u2014<\/span><\/div>\n            <div><strong>Ca\u0142kowity nale\u017cny podatek (\u20ac):<\/strong> <span id=\"est_calc_total\">\u2014<\/span><\/div>\n        <\/div>\n\n        <div id=\"est-calc-extra\" class=\"est-it-calcbox\" style=\"margin-top:12px; display:none;\">\n            <div><strong>Przychody z wynajmu (\u20ac):<\/strong> <span id=\"est_calc_r_income\">\u2014<\/span><\/div>\n            <div><strong>Ca\u0142kowite koszty podlegaj\u0105ce odliczeniu (\u20ac):<\/strong> <span id=\"est_calc_r_costs\">\u2014<\/span><\/div>\n            <div><strong>Amortyzacja (\u20ac):<\/strong> <span id=\"est_calc_r_depr\">\u2014<\/span><\/div>\n            <div><strong>Doch\u00f3d z wynajmu podlegaj\u0105cy opodatkowaniu (\u20ac):<\/strong> <span id=\"est_calc_r_taxable\">\u2014<\/span><\/div>\n        <\/div>\n\n        <h4 style=\"margin-top:16px;\">Podatek za w\u0142a\u015bciciela<\/h4>\n        <div class=\"est-it-tablewrap\">\n            <table class=\"est-it-table\" id=\"est_calc_per_owner\">\n                <thead>\n                    <tr>\n                        <th>W\u0142a\u015bciciel<\/th>\n                        <th>Kraj zamieszkania<\/th>\n                        <th>W\u0142asno\u015b\u0107 %<\/th>\n                        <th>Stawka podatku<\/th>\n                        <th>Nale\u017cny podatek (\u20ac)<\/th>\n                    <\/tr>\n                <\/thead>\n                <tbody><\/tbody>\n            <\/table>\n        <\/div>\n\n        <h4 style=\"margin-top:16px;\">Tryb p\u0142atno\u015bci podatku<\/h4>\n        <div class=\"est-it-muted\">Select how you prefer to pay the tax.<\/div>\n        <div class=\"est-it-grid2\" style=\"margin-top:10px;\">\n            <div class=\"est-it-field\">\n                <label><input type=\"radio\" name=\"tax_payment_alternative\" value=\"Direct Debit\" required> Polecenie zap\u0142aty<\/label>\n                <div class=\"est-it-help\">Pomo\u017cemy Ci skonfigurowa\u0107 polecenie zap\u0142aty.<\/div>\n            <\/div>\n            <div class=\"est-it-field\">\n                <label><input type=\"radio\" name=\"tax_payment_alternative\" value=\"Bank Transfer\"> Przelew bankowy<\/label>\n                <div class=\"est-it-help\">Poka\u017cemy dane bankowe i instrukcje.<\/div>\n            <\/div>\n            <div class=\"est-it-field\">\n                <label><input type=\"radio\" name=\"tax_payment_alternative\" value=\"Cash Payment\"> P\u0142atno\u015b\u0107 got\u00f3wk\u0105<\/label>\n                <div class=\"est-it-help\">Poka\u017cemy, jak zap\u0142aci\u0107 got\u00f3wk\u0105.<\/div>\n            <\/div>\n        <\/div>\n    <\/div>\n\n    <div class=\"est-it-actions\">\n        <button type=\"button\" class=\"est-it-btn est-it-btn-ghost est-it-prev\">Powr\u00f3t<\/button>\n        <button type=\"button\" class=\"est-it-btn est-it-btn-primary est-it-next\">Przejd\u017a do p\u0142atno\u015bci<\/button>\n    <\/div>\n<\/section>\n\n<!-- STEP 6 -->\n\n\n                    <section class=\"est-it-section\" data-step=\"6\" style=\"display:none\">\n                        <h3>P\u0142atno\u015bci i konto<\/h3>\n\n                        <div class=\"est-it-summary\">\n                            <div><strong>Op\u0142ata za us\u0142ug\u0119:<\/strong> <span id=\"est_service_label\"><\/span><\/div>\n                            <div><strong>Cena:<\/strong> \u20ac<span id=\"est_service_price\"><\/span><\/div>\n                        <\/div>\n\n                        <div class=\"est-it-actions\">\n                            <button type=\"button\" class=\"est-it-btn est-it-btn-ghost est-it-prev\">Powr\u00f3t<\/button>\n                            <button type=\"submit\" class=\"est-it-btn est-it-btn-primary\">Zap\u0142a\u0107 i prze\u015blij<\/button>\n                        <\/div>\n                    <\/section>\n\n                <input type=\"hidden\" name=\"trp-form-language\" value=\"pl\"\/><\/form>\n            <\/div>\n        <\/div>\n        <\/div>\n\t\t\t\t\t\t<\/div>\n\t\t\t\t\t<\/div>\n\t\t\t\t<\/div>\n\t\t\t\t<\/div>","protected":false},"excerpt":{"rendered":"","protected":false},"author":1,"featured_media":0,"parent":0,"menu_order":0,"comment_status":"closed","ping_status":"closed","template":"elementor_theme","meta":{"footnotes":""},"class_list":["post-5544","page","type-page","status-publish","hentry"],"aioseo_notices":[],"_links":{"self":[{"href":"https:\/\/www.easyspanishtax.com\/pl\/wp-json\/wp\/v2\/pages\/5544","targetHints":{"allow":["GET"]}}],"collection":[{"href":"https:\/\/www.easyspanishtax.com\/pl\/wp-json\/wp\/v2\/pages"}],"about":[{"href":"https:\/\/www.easyspanishtax.com\/pl\/wp-json\/wp\/v2\/types\/page"}],"author":[{"embeddable":true,"href":"https:\/\/www.easyspanishtax.com\/pl\/wp-json\/wp\/v2\/users\/1"}],"replies":[{"embeddable":true,"href":"https:\/\/www.easyspanishtax.com\/pl\/wp-json\/wp\/v2\/comments?post=5544"}],"version-history":[{"count":119,"href":"https:\/\/www.easyspanishtax.com\/pl\/wp-json\/wp\/v2\/pages\/5544\/revisions"}],"predecessor-version":[{"id":6830,"href":"https:\/\/www.easyspanishtax.com\/pl\/wp-json\/wp\/v2\/pages\/5544\/revisions\/6830"}],"wp:attachment":[{"href":"https:\/\/www.easyspanishtax.com\/pl\/wp-json\/wp\/v2\/media?parent=5544"}],"curies":[{"name":"wp","href":"https:\/\/api.w.org\/{rel}","templated":true}]}}