{"id":5544,"date":"2026-01-23T19:57:37","date_gmt":"2026-01-23T19:57:37","guid":{"rendered":"https:\/\/www.easyspanishtax.com\/?page_id=5544"},"modified":"2026-02-20T21:49:10","modified_gmt":"2026-02-20T21:49:10","slug":"tax-form","status":"publish","type":"page","link":"https:\/\/www.easyspanishtax.com\/nb\/tax-form\/","title":{"rendered":"Skatteskjemaer"},"content":{"rendered":"<div data-elementor-type=\"wp-page\" data-elementor-id=\"5544\" class=\"elementor elementor-5544\" data-elementor-post-type=\"page\">\n\t\t\t\t<div class=\"elementor-element elementor-element-bf0dd7e e-flex e-con-boxed e-con e-parent\" data-id=\"bf0dd7e\" data-element_type=\"container\" data-e-type=\"container\" id=\"formmain\">\n\t\t\t\t\t<div class=\"e-con-inner\">\n\t\t\t\t<div class=\"elementor-element elementor-element-3e9c30f elementor-widget elementor-widget-shortcode\" data-id=\"3e9c30f\" data-element_type=\"widget\" data-e-type=\"widget\" id=\"center-section\" data-widget_type=\"shortcode.default\">\n\t\t\t\t\t\t\t<div class=\"elementor-shortcode\">        <div class=\"est-it-wrap\" data-prefill=\"0\" data-prefill-ok=\"0\" data-package=\"0\" data-owners=\"0\">\n            <div class=\"est-it-card\">\n                <h2 class=\"est-it-title\">Skatteskjema<\/h2>\n\n                <div class=\"est-it-stepper\">\n                    <div class=\"est-it-step\" data-step=\"0\"><span>1<\/span> Pakke<\/div>\n                    <div class=\"est-it-step\" data-step=\"1\"><span>2<\/span> Grunnleggende<\/div>\n                    <div class=\"est-it-step\" data-step=\"2\"><span>3<\/span> <span class=\"est-it-step-label-2\">Eiere<\/span><\/div>\n                    <div class=\"est-it-step\" data-step=\"3\"><span>4<\/span> Eiendom<\/div>\n                    <div class=\"est-it-step\" data-step=\"4\"><span>5<\/span> Detaljer<\/div>\n                    <div class=\"est-it-step\" data-step=\"5\"><span>6<\/span> Forh\u00e5ndsvisning<\/div>\n                    <div class=\"est-it-step\" data-step=\"6\"><span>7<\/span> Betaling<\/div>\n                <\/div>\n\n                <div id=\"est-it-messages\" class=\"est-it-messages\" style=\"display:none\"><\/div>\n\n                <form id=\"est-it-form\" novalidate action=\"\">\n                    <input type=\"hidden\" name=\"submission_id\" id=\"est_submission_id\" value=\"0\" \/>\n\n                    <!-- STEP 0 -->\n                    <section class=\"est-it-section\" data-step=\"0\">\n                        <h3>Velg en pakke<\/h3>\n                        <div class=\"est-it-grid\" id=\"est-packages\"><\/div>\n                        <div class=\"est-it-actions\">\n                            <button type=\"button\" class=\"est-it-btn est-it-btn-primary est-it-next\">Neste<\/button>\n                        <\/div>\n                    <\/section>\n\n                    <!-- STEP 1 -->\n                    <section class=\"est-it-section\" data-step=\"1\" style=\"display:none\">\n                        <h3>Skatte\u00e5r og eiere<\/h3>\n                        <div class=\"est-it-field\">\n                            <label>Skatte\u00e5r <span class=\"req\">*<\/span><\/label>\n                            <select name=\"tax_year\" id=\"est_tax_year\" required><\/select>\n                        <\/div>\n                        <div class=\"est-it-field\">\n                            <label>Antall eiere <span class=\"req\">*<\/span><\/label>\n                            <select name=\"owners_count\" id=\"est_owners_count\" required>\n                                <option value=\"\">Velg<\/option>\n                                <option value=\"1\">1<\/option>\n                                <option value=\"2\">2<\/option>\n                                <option value=\"3\">3<\/option>\n                                <option value=\"4\">4<\/option>\n                            <\/select>\n                        <\/div>\n                        <div class=\"est-it-actions\">\n                            <button type=\"button\" class=\"est-it-btn est-it-btn-ghost est-it-prev\">Tilbake<\/button>\n                            <button type=\"button\" class=\"est-it-btn est-it-btn-primary est-it-next\">Neste<\/button>\n                        <\/div>\n                    <\/section>\n\n                    <!-- STEP 2 -->\n<section class=\"est-it-section\" data-step=\"2\" style=\"display:none\">\n    <div id=\"est-step2-owner-block\">\n        <h3>Informasjon om eier<\/h3>\n        <div class=\"est-it-instructions\" data-instr=\"owners\"><\/div>\n\n        <div id=\"est-owners\"><\/div>\n    <\/div>\n\n    <h3 class=\"est-step2-contact-title\" style=\"margin-top:20px;\">Kontaktinformasjon<\/h3>\n    <div class=\"est-it-instructions\" data-instr=\"contact\"><\/div>\n\n    <div class=\"est-it-grid2\">\n        <div class=\"est-it-field\">\n            <label>E-post <span class=\"req\">*<\/span><\/label>\n            <input type=\"email\" name=\"contact_email\" id=\"est_contact_email\" required \/>\n            <div class=\"est-it-muted\">Vi oppretter kontoen din automatisk etter at du har klikket p\u00e5 Neste. Brukernavn = e-post. En sikker lenke til passordoppsett vil bli sendt til e-posten din.<\/div>\n        <\/div>\n        <div class=\"est-it-field\">\n            <label>Telefon<\/label>\n            <input type=\"text\" name=\"contact_phone\" id=\"est_contact_phone\" \/>\n        <\/div>\n    <\/div>\n\n    <div class=\"est-it-actions\">\n        <button type=\"button\" class=\"est-it-btn est-it-btn-ghost est-it-prev\">Tilbake<\/button>\n        <button type=\"button\" class=\"est-it-btn est-it-btn-primary est-it-next\">Neste<\/button>\n    <\/div>\n<\/section>\n\n<!-- STEP 3 -->\n\n<!-- STEP 3 -->\n                    <section class=\"est-it-section\" data-step=\"3\" style=\"display:none\">\n                        <h3>Detaljer om eiendommen<\/h3>\n                        <p class=\"est-it-muted\">Eiendomsopplysningene dine i Spania.<\/p>\n                        <div class=\"est-it-instructions\" data-instr=\"property\"><\/div>\n                        <div class=\"est-it-grid2\">\n                            <div class=\"est-it-field\">\n                                <label>Type eiendom <span class=\"req\">*<\/span><\/label>\n                                <select name=\"property_type\" id=\"est_property_type\" required>\n                                    <option value=\"\">Velg<\/option>\n                                    <option value=\"Apartment\">Leilighet<\/option>\n                                    <option value=\"House\">Hus<\/option>\n                                    <option value=\"Garage\">Garasje<\/option>\n                                    <option value=\"Storage\">Lagring<\/option>\n                                    <option value=\"Plot\">Tomten<\/option>\n                                <\/select>\n                            <\/div>\n                            <div class=\"est-it-field\">\n                                <label>Adresse til eiendommen <span class=\"req\">*<\/span><\/label>\n                                <input type=\"text\" name=\"property_address\" required \/>\n                            <\/div>\n                            <div class=\"est-it-field\">\n                                <label>Postnummer <span class=\"req\">*<\/span><\/label>\n                                <input type=\"text\" name=\"property_postal_code\" required \/>\n                            <\/div>\n                            <div class=\"est-it-field\">\n                                <label>By <span class=\"req\">*<\/span><\/label>\n                                <input type=\"text\" name=\"property_city\" required \/>\n                            <\/div>\n                            <div class=\"est-it-field\">\n                                <label>Provins <span class=\"req\">*<\/span><\/label>\n                                <input type=\"text\" name=\"property_province\" required \/>\n                            <\/div>\n                            <div class=\"est-it-field\">\n                                <label>Matrikkelreferanse <span class=\"req\">*<\/span><\/label>\n                                <input type=\"text\" name=\"cadastral_reference\" required \/>\n                                <div class=\"est-it-help\">Matrikkelreferansen og matrikkelverdien finner du p\u00e5 IBI-skattekvitteringen din.<\/div>\n                            <\/div>\n                            <div class=\"est-it-field\">\n                                <label>Matrikkelverdi (\u20ac)<\/label>\n                                <input type=\"number\" step=\"0.01\" min=\"0\" name=\"cadastral_value\" \/>\n                                <div class=\"est-it-help\">Matrikkelreferansen og matrikkelverdien finner du p\u00e5 IBI-skattekvitteringen din.<\/div>\n                            <\/div>\n                            <div class=\"est-it-field\">\n    <label>Eiendom eid i hele \u00e5ret? <span class=\"req\">*<\/span><\/label>\n    <select name=\"owned_full_year\" id=\"est_owned_full_year\" required>\n        <option value=\"\">Velg<\/option>\n        <option value=\"Yes\">Ja<\/option>\n        <option value=\"No\">Nei<\/option>\n    <\/select>\n<\/div>\n\n<div class=\"est-it-field\">\n    <label>Har du solgt eller kj\u00f8pt denne eiendommen i <span id=\"est_sold_year\"><\/span>? <span class=\"req\">*<\/span><\/label>\n    <select name=\"sold_or_purchased\" id=\"est_sold_or_purchased\" required>\n        <option value=\"\">Velg<\/option>\n        <option value=\"No\">Nei<\/option>\n        <option value=\"Yes\">Ja<\/option>\n    <\/select>\n<\/div>\n<\/div>\n                        <div class=\"est-it-actions\">\n                            <button type=\"button\" class=\"est-it-btn est-it-btn-ghost est-it-prev\">Tilbake<\/button>\n                            <button type=\"button\" class=\"est-it-btn est-it-btn-primary est-it-next\">Neste<\/button>\n                        <\/div>\n                    <\/section>\n\n                    <!-- STEP 4 -->\n                    <section class=\"est-it-section\" data-step=\"4\" style=\"display:none\">\n                        <h3 id=\"est-step4-title\">Detaljer<\/h3>\n\n                        <div id=\"est-days-owned-wrap\" class=\"est-it-field\" style=\"display:none\">\n                                <label>Antall dager eid i l\u00f8pet av skatte\u00e5ret <span class=\"req\">*<\/span><\/label>\n                                <input type=\"number\" min=\"0\" max=\"366\" name=\"days_owned\" \/>\n                            <\/div>\n\n                        <div id=\"est-step4-rental\" style=\"display:none\">\n    <div class=\"est-it-instructions\" data-instr=\"rental\"><\/div>\n\n    <p class=\"est-it-help\"><strong>Hvor mange dager var boligen din utleid i l\u00f8pet av <span id=\"est_rental_year\"><\/span>?<\/strong><\/p>\n\n    <div class=\"est-it-grid2\">\n        <div class=\"est-it-field\">\n            <label>Leide dager <span class=\"req\">*<\/span><\/label>\n            <input type=\"number\" min=\"0\" max=\"366\" name=\"rented_days\" required \/>\n        <\/div>\n\n        <div class=\"est-it-field\">\n            <label>Type utleie <span class=\"req\">*<\/span><\/label>\n            <select name=\"rental_type\" required>\n                <option value=\"\">Velg<\/option>\n                <option value=\"Short term rental\">Korttidsutleie<\/option>\n                <option value=\"Long term rental\">Langtidsleie<\/option>\n            <\/select>\n        <\/div>\n\n        <div class=\"est-it-field\">\n            <label>Leieinntekter (\u20ac) <span class=\"req\">*<\/span><\/label>\n            <input type=\"number\" step=\"0.01\" min=\"0\" name=\"rental_income\" required \/>\n            <div class=\"est-it-help\">Skriv inn den totale leieinntekten du har hatt i l\u00f8pet av \u00e5ret.<\/div>\n        <\/div>\n    <\/div>\n\n    <h4 style=\"margin-top:18px;\">Leiekostnader<\/h4>\n    <div class=\"est-it-muted\">Nedenfor finner du en liste over utgifter som kan v\u00e6re fradragsberettiget i henhold til spanske skattemyndigheter. Vennligst skriv inn bel\u00f8pene kun for de utgiftene du har. Hvis en kategori ikke gjelder for deg, kan du bare la den st\u00e5 tom.<\/div>\n\n    <div class=\"est-it-grid2\" style=\"margin-top:10px;\">\n        <div class=\"est-it-field\">\n            <label>Lokale skatter og avgifter (\u20ac)<\/label>\n            <input type=\"number\" step=\"0.01\" min=\"0\" name=\"cost_local_taxes\" \/>\n            <div class=\"est-it-help\">De lokale avgiftene er IBI og renovasjonsavgift. Ved langtidsleie, legg til den totale IBI-kostnaden for \u00e5ret.<\/div>\n        <\/div>\n\n        <div class=\"est-it-field\">\n            <label>Fellesskapsavgifter (\u20ac)<\/label>\n            <input type=\"number\" step=\"0.01\" min=\"0\" name=\"cost_community_fees\" \/>\n            <div class=\"est-it-help\">Ved langtidsleie legger du til den totale kostnaden for \u00e5ret. Ved korttidsleie beregner du for leid tid.<\/div>\n        <\/div>\n\n        <div class=\"est-it-field\">\n            <label>Forsyningsvirksomhet (\u20ac)<\/label>\n            <input type=\"number\" step=\"0.01\" min=\"0\" name=\"cost_utilities\" \/>\n            <div class=\"est-it-help\">Utgifter til vann, str\u00f8m, internett, alarm osv. Ved korttidsleie, beregn for leid tid.<\/div>\n        <\/div>\n\n        <div class=\"est-it-field\">\n            <label>Renter p\u00e5 boligl\u00e5n (\u20ac)<\/label>\n            <input type=\"number\" step=\"0.01\" min=\"0\" name=\"cost_mortgage_interest\" \/>\n            <div class=\"est-it-help\">Hvis korttidsleie, beregner du for leid tid. Hvis langtidsleie, skriv inn de totale kostnadene for \u00e5ret.<\/div>\n        <\/div>\n\n        <div class=\"est-it-field\">\n            <label>Gebyr for eiendomsforvaltning (\u20ac)<\/label>\n            <input type=\"number\" step=\"0.01\" min=\"0\" name=\"cost_property_management\" \/>\n            <div class=\"est-it-help\">Kostnader for utleieadministrasjon, rengj\u00f8ring, annonsering, internettportaler som VRBO, Booking og Airbnb osv.<\/div>\n        <\/div>\n\n        <div class=\"est-it-field\">\n            <label>Vedlikeholds- og reparasjonskostnader (\u20ac)<\/label>\n            <input type=\"number\" step=\"0.01\" min=\"0\" name=\"cost_maintenance_repair\" \/>\n            <div class=\"est-it-help\">Reparasjonsarbeid, maling og annet vedlikeholdsarbeid.<\/div>\n        <\/div>\n\n        <div class=\"est-it-field\">\n            <label>Innboforsikring (\u20ac)<\/label>\n            <input type=\"number\" step=\"0.01\" min=\"0\" name=\"cost_home_insurance\" \/>\n            <div class=\"est-it-help\">Ved korttidsleie beregner du forsikringskostnaden for den leide tiden. Ved langtidsleie, skriv inn de totale kostnadene for \u00e5ret.<\/div>\n        <\/div>\n\n        <div class=\"est-it-field\">\n            <label>Andre utgifter (\u20ac)<\/label>\n            <input type=\"number\" step=\"0.01\" min=\"0\" name=\"cost_other_expenses\" \/>\n            <div class=\"est-it-help\">Alt som er mindre relatert til utleie.<\/div>\n        <\/div>\n\n        <div class=\"est-it-field\">\n            <label>M\u00f8bler og hvitevarer (\u20ac)<\/label>\n            <input type=\"number\" step=\"0.01\" min=\"0\" name=\"cost_furniture_appliances\" \/>\n            <div class=\"est-it-help\">Du kan trekke fra 10% \u00e5rlig av de totale kostnadene for m\u00f8bler og hvitevarer.<\/div>\n        <\/div>\n\n        <div class=\"est-it-field\">\n            <label>\u00d8nsker du \u00e5 beregne avskrivningskostnaden du kan trekke fra? <span class=\"req\">*<\/span><\/label>\n            <select name=\"want_depreciation\" id=\"est_want_depreciation\" required>\n                <option value=\"\">Velg<\/option>\n                <option value=\"Yes\">Ja<\/option>\n                <option value=\"No\">Nei<\/option>\n            <\/select>\n        <\/div>\n    <\/div>\n\n    <div id=\"est-depr-section\" style=\"display:none; margin-top:18px;\">\n        <h4>Avskrivninger<\/h4>\n        <div class=\"est-it-muted\">Du kan trekke fra avskrivninger p\u00e5 eiendommen. Denne beregnes som 3% per \u00e5r av den h\u00f8yeste verdien mellom kj\u00f8pesummen og matrikkelverdien, unntatt verdien av tomten.<\/div>\n\n        <div class=\"est-it-grid2\" style=\"margin-top:10px;\">\n            <div class=\"est-it-field\">\n                <label>Bygging Matrikkelverdi (\u20ac) <span class=\"req\">*<\/span><\/label>\n                <input type=\"number\" step=\"0.01\" min=\"0\" name=\"dep_construction_cadastral_value\" \/>\n                <div class=\"est-it-help\">Matrikkelverdien er verdien av bygningen alene, unntatt tomten. Den brukes til skatteberegninger og finnes p\u00e5 IBI-skatteseddelen din.<\/div>\n            <\/div>\n\n            <div class=\"est-it-field\">\n                <label>Anskaffelsesverdi (\u20ac) <span class=\"req\">*<\/span><\/label>\n                <input type=\"number\" step=\"0.01\" min=\"0\" name=\"dep_acquisition_value\" \/>\n                <div class=\"est-it-help\">Anskaffelsesverdien er den totale kostnaden ved \u00e5 kj\u00f8pe eiendommen din, inkludert kj\u00f8pesummen og kj\u00f8pskostnader. Den brukes til skatteberegninger.<\/div>\n            <\/div>\n        <\/div>\n    <\/div>\n<\/div>\n\n<div id=\"est-step4-decl\" style=\"display:none\">\n                            <p>Denne pakken bruker en enklere form (ingen eiere\/eiendom).<\/p>\n                            <div class=\"est-it-grid2\">\n                                <div class=\"est-it-field\">\n                                    <label>Fornavn <span class=\"req\">*<\/span><\/label>\n                                    <input type=\"text\" name=\"decl_first_name\" required \/>\n                                <\/div>\n                                <div class=\"est-it-field\">\n                                    <label>Etternavn <span class=\"req\">*<\/span><\/label>\n                                    <input type=\"text\" name=\"decl_last_name\" required \/>\n                                <\/div>\n                                <div class=\"est-it-field\">\n                                    <label>Adresse i hjemlandet <span class=\"req\">*<\/span><\/label>\n                                    <input type=\"text\" name=\"decl_address\" required \/>\n                                <\/div>\n                                <div class=\"est-it-field\">\n                                    <label>Postnummer <span class=\"req\">*<\/span><\/label>\n                                    <input type=\"text\" name=\"decl_postal_code\" required \/>\n                                <\/div>\n                                <div class=\"est-it-field\">\n                                    <label>By <span class=\"req\">*<\/span><\/label>\n                                    <input type=\"text\" name=\"decl_city\" required \/>\n                                <\/div>\n                                <div class=\"est-it-field\">\n                                    <label>Land <span class=\"req\">*<\/span><\/label>\n                                    <input type=\"text\" name=\"decl_country\" required \/>\n                                <\/div>\n                                <div class=\"est-it-field\">\n                                    <label>Skatteidentifikasjonsnummer (NIE \/ pass \/ skatte-ID) <span class=\"req\">*<\/span><\/label>\n                                    <input type=\"text\" name=\"decl_tax_id\" required \/>\n                                <\/div>\n                            <\/div>\n                        <\/div>\n\n                        <div class=\"est-it-actions\">\n                            <button type=\"button\" class=\"est-it-btn est-it-btn-ghost est-it-prev\">Tilbake<\/button>\n                            <button type=\"button\" class=\"est-it-btn est-it-btn-primary est-it-next\">Neste<\/button>\n                        <\/div>\n                    <\/section>\n\n                    <!-- STEP 5 -->\n<section class=\"est-it-section\" data-step=\"5\" style=\"display:none\">\n    <h3>Estimert beregning<\/h3>\n                        <div class=\"est-it-instructions\" data-instr=\"estimate\"><\/div>\n    <p class=\"est-it-muted\">Dette er en estimert beregning basert p\u00e5 dine inndata.<\/p>\n\n    <div id=\"est-calc-missing\" class=\"est-it-info\" style=\"display:none\">\n        Vi kan ikke beregne skatten som skal betales fordi matrikkelverdien mangler.\n    <\/div>\n\n    <div id=\"est-calc-results\" style=\"display:none\">\n        <div class=\"est-it-calcbox\">\n            <div><strong>Skattegrunnlag:<\/strong> <span id=\"est_calc_base\">\u2014<\/span><\/div>\n            <div><strong>Skattesats:<\/strong> <span id=\"est_calc_rate\">\u2014<\/span><\/div>\n            <div><strong>Total skatt som skal betales (\u20ac):<\/strong> <span id=\"est_calc_total\">\u2014<\/span><\/div>\n        <\/div>\n\n        <div id=\"est-calc-extra\" class=\"est-it-calcbox\" style=\"margin-top:12px; display:none;\">\n            <div><strong>Leieinntekter (\u20ac):<\/strong> <span id=\"est_calc_r_income\">\u2014<\/span><\/div>\n            <div><strong>Totale kostnader med egenandel (\u20ac):<\/strong> <span id=\"est_calc_r_costs\">\u2014<\/span><\/div>\n            <div><strong>Avskrivninger (\u20ac):<\/strong> <span id=\"est_calc_r_depr\">\u2014<\/span><\/div>\n            <div><strong>Skattepliktig leieinntekt (\u20ac):<\/strong> <span id=\"est_calc_r_taxable\">\u2014<\/span><\/div>\n        <\/div>\n\n        <h4 style=\"margin-top:16px;\">Skatt per eier<\/h4>\n        <div class=\"est-it-tablewrap\">\n            <table class=\"est-it-table\" id=\"est_calc_per_owner\">\n                <thead>\n                    <tr>\n                        <th>Eier<\/th>\n                        <th>Bostedsland<\/th>\n                        <th>Eierskap %<\/th>\n                        <th>Skattesats<\/th>\n                        <th>Skyldig skatt (\u20ac)<\/th>\n                    <\/tr>\n                <\/thead>\n                <tbody><\/tbody>\n            <\/table>\n        <\/div>\n\n        <h4 style=\"margin-top:16px;\">Betalingsm\u00e5te for skatten<\/h4>\n        <div class=\"est-it-muted\">Select how you prefer to pay the tax.<\/div>\n        <div class=\"est-it-grid2\" style=\"margin-top:10px;\">\n            <div class=\"est-it-field\">\n                <label><input type=\"radio\" name=\"tax_payment_alternative\" value=\"Direct Debit\" required> Direkte debitering<\/label>\n                <div class=\"est-it-help\">Vi hjelper deg med \u00e5 sette opp avtalegiro.<\/div>\n            <\/div>\n            <div class=\"est-it-field\">\n                <label><input type=\"radio\" name=\"tax_payment_alternative\" value=\"Bank Transfer\"> Bankoverf\u00f8ring<\/label>\n                <div class=\"est-it-help\">Vi viser bankopplysningene og instruksjonene.<\/div>\n            <\/div>\n            <div class=\"est-it-field\">\n                <label><input type=\"radio\" name=\"tax_payment_alternative\" value=\"Cash Payment\"> Kontant betaling<\/label>\n                <div class=\"est-it-help\">Vi viser trinnene for \u00e5 betale kontant.<\/div>\n            <\/div>\n        <\/div>\n    <\/div>\n\n    <div class=\"est-it-actions\">\n        <button type=\"button\" class=\"est-it-btn est-it-btn-ghost est-it-prev\">Tilbake<\/button>\n        <button type=\"button\" class=\"est-it-btn est-it-btn-primary est-it-next\">G\u00e5 videre til betaling<\/button>\n    <\/div>\n<\/section>\n\n<!-- STEP 6 -->\n\n\n                    <section class=\"est-it-section\" data-step=\"6\" style=\"display:none\">\n                        <h3>Betaling og konto<\/h3>\n\n                        <div class=\"est-it-summary\">\n                            <div><strong>Servicegebyr:<\/strong> <span id=\"est_service_label\"><\/span><\/div>\n                            <div><strong>Pris:<\/strong> \u20ac<span id=\"est_service_price\"><\/span><\/div>\n                        <\/div>\n\n                        <div class=\"est-it-actions\">\n                            <button type=\"button\" class=\"est-it-btn est-it-btn-ghost est-it-prev\">Tilbake<\/button>\n                            <button type=\"submit\" class=\"est-it-btn est-it-btn-primary\">Betal og send inn<\/button>\n                        <\/div>\n                    <\/section>\n\n                <input type=\"hidden\" name=\"trp-form-language\" value=\"nb\"\/><\/form>\n            <\/div>\n        <\/div>\n        <\/div>\n\t\t\t\t\t\t<\/div>\n\t\t\t\t\t<\/div>\n\t\t\t\t<\/div>\n\t\t\t\t<\/div>","protected":false},"excerpt":{"rendered":"","protected":false},"author":1,"featured_media":0,"parent":0,"menu_order":0,"comment_status":"closed","ping_status":"closed","template":"elementor_theme","meta":{"footnotes":""},"class_list":["post-5544","page","type-page","status-publish","hentry"],"aioseo_notices":[],"_links":{"self":[{"href":"https:\/\/www.easyspanishtax.com\/nb\/wp-json\/wp\/v2\/pages\/5544","targetHints":{"allow":["GET"]}}],"collection":[{"href":"https:\/\/www.easyspanishtax.com\/nb\/wp-json\/wp\/v2\/pages"}],"about":[{"href":"https:\/\/www.easyspanishtax.com\/nb\/wp-json\/wp\/v2\/types\/page"}],"author":[{"embeddable":true,"href":"https:\/\/www.easyspanishtax.com\/nb\/wp-json\/wp\/v2\/users\/1"}],"replies":[{"embeddable":true,"href":"https:\/\/www.easyspanishtax.com\/nb\/wp-json\/wp\/v2\/comments?post=5544"}],"version-history":[{"count":119,"href":"https:\/\/www.easyspanishtax.com\/nb\/wp-json\/wp\/v2\/pages\/5544\/revisions"}],"predecessor-version":[{"id":6830,"href":"https:\/\/www.easyspanishtax.com\/nb\/wp-json\/wp\/v2\/pages\/5544\/revisions\/6830"}],"wp:attachment":[{"href":"https:\/\/www.easyspanishtax.com\/nb\/wp-json\/wp\/v2\/media?parent=5544"}],"curies":[{"name":"wp","href":"https:\/\/api.w.org\/{rel}","templated":true}]}}