{"id":5544,"date":"2026-01-23T19:57:37","date_gmt":"2026-01-23T19:57:37","guid":{"rendered":"https:\/\/www.easyspanishtax.com\/?page_id=5544"},"modified":"2026-02-20T21:49:10","modified_gmt":"2026-02-20T21:49:10","slug":"tax-form","status":"publish","type":"page","link":"https:\/\/www.easyspanishtax.com\/it\/tax-form\/","title":{"rendered":"Moduli fiscali"},"content":{"rendered":"<div data-elementor-type=\"wp-page\" data-elementor-id=\"5544\" class=\"elementor elementor-5544\" data-elementor-post-type=\"page\">\n\t\t\t\t<div class=\"elementor-element elementor-element-bf0dd7e e-flex e-con-boxed e-con e-parent\" data-id=\"bf0dd7e\" data-element_type=\"container\" data-e-type=\"container\" id=\"formmain\">\n\t\t\t\t\t<div class=\"e-con-inner\">\n\t\t\t\t<div class=\"elementor-element elementor-element-3e9c30f elementor-widget elementor-widget-shortcode\" data-id=\"3e9c30f\" data-element_type=\"widget\" data-e-type=\"widget\" id=\"center-section\" data-widget_type=\"shortcode.default\">\n\t\t\t\t\t\t\t<div class=\"elementor-shortcode\">        <div class=\"est-it-wrap\" data-prefill=\"0\" data-prefill-ok=\"0\" data-package=\"0\" data-owners=\"0\">\n            <div class=\"est-it-card\">\n                <h2 class=\"est-it-title\">Modulo fiscale<\/h2>\n\n                <div class=\"est-it-stepper\">\n                    <div class=\"est-it-step\" data-step=\"0\"><span>1<\/span> Pacchetto<\/div>\n                    <div class=\"est-it-step\" data-step=\"1\"><span>2<\/span> Base<\/div>\n                    <div class=\"est-it-step\" data-step=\"2\"><span>3<\/span> <span class=\"est-it-step-label-2\">Proprietari<\/span><\/div>\n                    <div class=\"est-it-step\" data-step=\"3\"><span>4<\/span> Propriet\u00e0<\/div>\n                    <div class=\"est-it-step\" data-step=\"4\"><span>5<\/span> Dettagli<\/div>\n                    <div class=\"est-it-step\" data-step=\"5\"><span>6<\/span> Anteprima<\/div>\n                    <div class=\"est-it-step\" data-step=\"6\"><span>7<\/span> Pagamento<\/div>\n                <\/div>\n\n                <div id=\"est-it-messages\" class=\"est-it-messages\" style=\"display:none\"><\/div>\n\n                <form id=\"est-it-form\" novalidate action=\"\">\n                    <input type=\"hidden\" name=\"submission_id\" id=\"est_submission_id\" value=\"0\" \/>\n\n                    <!-- STEP 0 -->\n                    <section class=\"est-it-section\" data-step=\"0\">\n                        <h3>Scegliere un pacchetto<\/h3>\n                        <div class=\"est-it-grid\" id=\"est-packages\"><\/div>\n                        <div class=\"est-it-actions\">\n                            <button type=\"button\" class=\"est-it-btn est-it-btn-primary est-it-next\">Avanti<\/button>\n                        <\/div>\n                    <\/section>\n\n                    <!-- STEP 1 -->\n                    <section class=\"est-it-section\" data-step=\"1\" style=\"display:none\">\n                        <h3>Anno fiscale e proprietari<\/h3>\n                        <div class=\"est-it-field\">\n                            <label>Anno fiscale <span class=\"req\">*<\/span><\/label>\n                            <select name=\"tax_year\" id=\"est_tax_year\" required><\/select>\n                        <\/div>\n                        <div class=\"est-it-field\">\n                            <label>Numero di proprietari <span class=\"req\">*<\/span><\/label>\n                            <select name=\"owners_count\" id=\"est_owners_count\" required>\n                                <option value=\"\">Selezionare<\/option>\n                                <option value=\"1\">1<\/option>\n                                <option value=\"2\">2<\/option>\n                                <option value=\"3\">3<\/option>\n                                <option value=\"4\">4<\/option>\n                            <\/select>\n                        <\/div>\n                        <div class=\"est-it-actions\">\n                            <button type=\"button\" class=\"est-it-btn est-it-btn-ghost est-it-prev\">Indietro<\/button>\n                            <button type=\"button\" class=\"est-it-btn est-it-btn-primary est-it-next\">Avanti<\/button>\n                        <\/div>\n                    <\/section>\n\n                    <!-- STEP 2 -->\n<section class=\"est-it-section\" data-step=\"2\" style=\"display:none\">\n    <div id=\"est-step2-owner-block\">\n        <h3>Dettagli del proprietario<\/h3>\n        <div class=\"est-it-instructions\" data-instr=\"owners\"><\/div>\n\n        <div id=\"est-owners\"><\/div>\n    <\/div>\n\n    <h3 class=\"est-step2-contact-title\" style=\"margin-top:20px;\">Dettagli di contatto<\/h3>\n    <div class=\"est-it-instructions\" data-instr=\"contact\"><\/div>\n\n    <div class=\"est-it-grid2\">\n        <div class=\"est-it-field\">\n            <label>Email <span class=\"req\">*<\/span><\/label>\n            <input type=\"email\" name=\"contact_email\" id=\"est_contact_email\" required \/>\n            <div class=\"est-it-muted\">Il vostro account verr\u00e0 creato automaticamente dopo che avrete fatto clic su Avanti. Nome utente = e-mail. Un link sicuro per l'impostazione della password verr\u00e0 inviato al vostro indirizzo e-mail.<\/div>\n        <\/div>\n        <div class=\"est-it-field\">\n            <label>Telefono<\/label>\n            <input type=\"text\" name=\"contact_phone\" id=\"est_contact_phone\" \/>\n        <\/div>\n    <\/div>\n\n    <div class=\"est-it-actions\">\n        <button type=\"button\" class=\"est-it-btn est-it-btn-ghost est-it-prev\">Indietro<\/button>\n        <button type=\"button\" class=\"est-it-btn est-it-btn-primary est-it-next\">Avanti<\/button>\n    <\/div>\n<\/section>\n\n<!-- STEP 3 -->\n\n<!-- STEP 3 -->\n                    <section class=\"est-it-section\" data-step=\"3\" style=\"display:none\">\n                        <h3>Dettagli sulla propriet\u00e0<\/h3>\n                        <p class=\"est-it-muted\">I dettagli della vostra propriet\u00e0 in Spagna.<\/p>\n                        <div class=\"est-it-instructions\" data-instr=\"property\"><\/div>\n                        <div class=\"est-it-grid2\">\n                            <div class=\"est-it-field\">\n                                <label>Tipo di propriet\u00e0 <span class=\"req\">*<\/span><\/label>\n                                <select name=\"property_type\" id=\"est_property_type\" required>\n                                    <option value=\"\">Selezionare<\/option>\n                                    <option value=\"Apartment\">Appartamento<\/option>\n                                    <option value=\"House\">Casa<\/option>\n                                    <option value=\"Garage\">Garage<\/option>\n                                    <option value=\"Storage\">Immagazzinamento<\/option>\n                                    <option value=\"Plot\">Trama<\/option>\n                                <\/select>\n                            <\/div>\n                            <div class=\"est-it-field\">\n                                <label>Indirizzo della propriet\u00e0 <span class=\"req\">*<\/span><\/label>\n                                <input type=\"text\" name=\"property_address\" required \/>\n                            <\/div>\n                            <div class=\"est-it-field\">\n                                <label>Codice postale <span class=\"req\">*<\/span><\/label>\n                                <input type=\"text\" name=\"property_postal_code\" required \/>\n                            <\/div>\n                            <div class=\"est-it-field\">\n                                <label>Citt\u00e0 <span class=\"req\">*<\/span><\/label>\n                                <input type=\"text\" name=\"property_city\" required \/>\n                            <\/div>\n                            <div class=\"est-it-field\">\n                                <label>Provincia <span class=\"req\">*<\/span><\/label>\n                                <input type=\"text\" name=\"property_province\" required \/>\n                            <\/div>\n                            <div class=\"est-it-field\">\n                                <label>Riferimento catastale <span class=\"req\">*<\/span><\/label>\n                                <input type=\"text\" name=\"cadastral_reference\" required \/>\n                                <div class=\"est-it-help\">Il riferimento catastale e il valore catastale sono riportati sulla ricevuta fiscale IBI.<\/div>\n                            <\/div>\n                            <div class=\"est-it-field\">\n                                <label>Valore catastale (\u20ac)<\/label>\n                                <input type=\"number\" step=\"0.01\" min=\"0\" name=\"cadastral_value\" \/>\n                                <div class=\"est-it-help\">Il riferimento catastale e il valore catastale sono riportati sulla ricevuta fiscale IBI.<\/div>\n                            <\/div>\n                            <div class=\"est-it-field\">\n    <label>Immobile di propriet\u00e0 per l'intero anno? <span class=\"req\">*<\/span><\/label>\n    <select name=\"owned_full_year\" id=\"est_owned_full_year\" required>\n        <option value=\"\">Selezionare<\/option>\n        <option value=\"Yes\">S\u00ec<\/option>\n        <option value=\"No\">No<\/option>\n    <\/select>\n<\/div>\n\n<div class=\"est-it-field\">\n    <label>Avete venduto o acquistato questa propriet\u00e0 in <span id=\"est_sold_year\"><\/span>? <span class=\"req\">*<\/span><\/label>\n    <select name=\"sold_or_purchased\" id=\"est_sold_or_purchased\" required>\n        <option value=\"\">Selezionare<\/option>\n        <option value=\"No\">No<\/option>\n        <option value=\"Yes\">S\u00ec<\/option>\n    <\/select>\n<\/div>\n<\/div>\n                        <div class=\"est-it-actions\">\n                            <button type=\"button\" class=\"est-it-btn est-it-btn-ghost est-it-prev\">Indietro<\/button>\n                            <button type=\"button\" class=\"est-it-btn est-it-btn-primary est-it-next\">Avanti<\/button>\n                        <\/div>\n                    <\/section>\n\n                    <!-- STEP 4 -->\n                    <section class=\"est-it-section\" data-step=\"4\" style=\"display:none\">\n                        <h3 id=\"est-step4-title\">Dettagli<\/h3>\n\n                        <div id=\"est-days-owned-wrap\" class=\"est-it-field\" style=\"display:none\">\n                                <label>Numero di giorni di propriet\u00e0 durante l'anno fiscale <span class=\"req\">*<\/span><\/label>\n                                <input type=\"number\" min=\"0\" max=\"366\" name=\"days_owned\" \/>\n                            <\/div>\n\n                        <div id=\"est-step4-rental\" style=\"display:none\">\n    <div class=\"est-it-instructions\" data-instr=\"rental\"><\/div>\n\n    <p class=\"est-it-help\"><strong>Per quanti giorni \u00e8 stato affittato il vostro immobile durante <span id=\"est_rental_year\"><\/span>?<\/strong><\/p>\n\n    <div class=\"est-it-grid2\">\n        <div class=\"est-it-field\">\n            <label>Giorni di noleggio <span class=\"req\">*<\/span><\/label>\n            <input type=\"number\" min=\"0\" max=\"366\" name=\"rented_days\" required \/>\n        <\/div>\n\n        <div class=\"est-it-field\">\n            <label>Tipo di noleggio <span class=\"req\">*<\/span><\/label>\n            <select name=\"rental_type\" required>\n                <option value=\"\">Selezionare<\/option>\n                <option value=\"Short term rental\">Affitto a breve termine<\/option>\n                <option value=\"Long term rental\">Noleggio a lungo termine<\/option>\n            <\/select>\n        <\/div>\n\n        <div class=\"est-it-field\">\n            <label>Canoni di locazione (\u20ac) <span class=\"req\">*<\/span><\/label>\n            <input type=\"number\" step=\"0.01\" min=\"0\" name=\"rental_income\" required \/>\n            <div class=\"est-it-help\">Indicare il totale dei redditi da locazione percepiti durante l'anno.<\/div>\n        <\/div>\n    <\/div>\n\n    <h4 style=\"margin-top:18px;\">Costi di noleggio<\/h4>\n    <div class=\"est-it-muted\">Di seguito \u00e8 riportato un elenco di spese che possono essere deducibili secondo le autorit\u00e0 fiscali spagnole. Si prega di inserire gli importi solo per le spese che si hanno. Se una categoria non vi riguarda, lasciatela semplicemente in bianco.<\/div>\n\n    <div class=\"est-it-grid2\" style=\"margin-top:10px;\">\n        <div class=\"est-it-field\">\n            <label>Tasse locali (\u20ac)<\/label>\n            <input type=\"number\" step=\"0.01\" min=\"0\" name=\"cost_local_taxes\" \/>\n            <div class=\"est-it-help\">Le imposte locali sono l'IBI e le tasse per la raccolta dei rifiuti. Se il noleggio \u00e8 a lungo termine, aggiungere il costo totale dell'IBI per l'anno.<\/div>\n        <\/div>\n\n        <div class=\"est-it-field\">\n            <label>Tasse comunitarie (\u20ac)<\/label>\n            <input type=\"number\" step=\"0.01\" min=\"0\" name=\"cost_community_fees\" \/>\n            <div class=\"est-it-help\">In caso di noleggio a lungo termine, aggiungere il costo totale dell'anno. Se si tratta di un noleggio a breve termine, calcolare il tempo di locazione.<\/div>\n        <\/div>\n\n        <div class=\"est-it-field\">\n            <label>Servizi di pubblica utilit\u00e0 (\u20ac)<\/label>\n            <input type=\"number\" step=\"0.01\" min=\"0\" name=\"cost_utilities\" \/>\n            <div class=\"est-it-help\">Spese per acqua, elettricit\u00e0, internet e allarme ecc. In caso di affitto a breve termine, calcolare il tempo di affitto.<\/div>\n        <\/div>\n\n        <div class=\"est-it-field\">\n            <label>Interessi ipotecari (\u20ac)<\/label>\n            <input type=\"number\" step=\"0.01\" min=\"0\" name=\"cost_mortgage_interest\" \/>\n            <div class=\"est-it-help\">Se si tratta di un noleggio a breve termine, calcolare il tempo di locazione. Se si tratta di un noleggio a lungo termine, indicare i costi totali dell'anno.<\/div>\n        <\/div>\n\n        <div class=\"est-it-field\">\n            <label>Spese di gestione immobiliare (\u20ac)<\/label>\n            <input type=\"number\" step=\"0.01\" min=\"0\" name=\"cost_property_management\" \/>\n            <div class=\"est-it-help\">Costi di gestione degli affitti, pulizia, pubblicit\u00e0, portali internet come VRBO, Booking e Airbnb, ecc.<\/div>\n        <\/div>\n\n        <div class=\"est-it-field\">\n            <label>Costi di manutenzione e riparazione (\u20ac)<\/label>\n            <input type=\"number\" step=\"0.01\" min=\"0\" name=\"cost_maintenance_repair\" \/>\n            <div class=\"est-it-help\">Lavori di riparazione, verniciatura e altri lavori di manutenzione.<\/div>\n        <\/div>\n\n        <div class=\"est-it-field\">\n            <label>Assicurazione casa (\u20ac)<\/label>\n            <input type=\"number\" step=\"0.01\" min=\"0\" name=\"cost_home_insurance\" \/>\n            <div class=\"est-it-help\">In caso di noleggio a breve termine, calcolare il costo dell'assicurazione per il periodo di locazione. Se si tratta di un noleggio a lungo termine, indicare i costi totali dell'anno.<\/div>\n        <\/div>\n\n        <div class=\"est-it-field\">\n            <label>Altre spese (\u20ac)<\/label>\n            <input type=\"number\" step=\"0.01\" min=\"0\" name=\"cost_other_expenses\" \/>\n            <div class=\"est-it-help\">Tutto ci\u00f2 che \u00e8 meno legato al noleggio.<\/div>\n        <\/div>\n\n        <div class=\"est-it-field\">\n            <label>Mobili ed elettrodomestici (\u20ac)<\/label>\n            <input type=\"number\" step=\"0.01\" min=\"0\" name=\"cost_furniture_appliances\" \/>\n            <div class=\"est-it-help\">\u00c8 possibile detrarre 10% all'anno del costo totale di mobili ed elettrodomestici.<\/div>\n        <\/div>\n\n        <div class=\"est-it-field\">\n            <label>Volete calcolare il costo di ammortamento da dedurre? <span class=\"req\">*<\/span><\/label>\n            <select name=\"want_depreciation\" id=\"est_want_depreciation\" required>\n                <option value=\"\">Selezionare<\/option>\n                <option value=\"Yes\">S\u00ec<\/option>\n                <option value=\"No\">No<\/option>\n            <\/select>\n        <\/div>\n    <\/div>\n\n    <div id=\"est-depr-section\" style=\"display:none; margin-top:18px;\">\n        <h4>Ammortamento<\/h4>\n        <div class=\"est-it-muted\">\u00c8 possibile dedurre l'ammortamento degli immobili. Questo \u00e8 calcolato come 3% all'anno del valore pi\u00f9 alto tra il prezzo di acquisto e il valore catastale, escluso il valore del terreno.<\/div>\n\n        <div class=\"est-it-grid2\" style=\"margin-top:10px;\">\n            <div class=\"est-it-field\">\n                <label>Valore catastale della costruzione (\u20ac) <span class=\"req\">*<\/span><\/label>\n                <input type=\"number\" step=\"0.01\" min=\"0\" name=\"dep_construction_cadastral_value\" \/>\n                <div class=\"est-it-help\">Il valore catastale della costruzione \u00e8 il valore del solo edificio, escluso il terreno. Viene utilizzato per il calcolo delle imposte e si trova sulla fattura fiscale IBI.<\/div>\n            <\/div>\n\n            <div class=\"est-it-field\">\n                <label>Valore di acquisizione (\u20ac) <span class=\"req\">*<\/span><\/label>\n                <input type=\"number\" step=\"0.01\" min=\"0\" name=\"dep_acquisition_value\" \/>\n                <div class=\"est-it-help\">Il valore di acquisizione \u00e8 il costo totale dell'acquisto dell'immobile, compresi il prezzo di acquisto e i costi di acquisto. Viene utilizzato per il calcolo delle imposte.<\/div>\n            <\/div>\n        <\/div>\n    <\/div>\n<\/div>\n\n<div id=\"est-step4-decl\" style=\"display:none\">\n                            <p>Questo pacchetto utilizza una forma pi\u00f9 semplice (senza proprietari\/propriet\u00e0).<\/p>\n                            <div class=\"est-it-grid2\">\n                                <div class=\"est-it-field\">\n                                    <label>Nome <span class=\"req\">*<\/span><\/label>\n                                    <input type=\"text\" name=\"decl_first_name\" required \/>\n                                <\/div>\n                                <div class=\"est-it-field\">\n                                    <label>Cognome <span class=\"req\">*<\/span><\/label>\n                                    <input type=\"text\" name=\"decl_last_name\" required \/>\n                                <\/div>\n                                <div class=\"est-it-field\">\n                                    <label>Indirizzo del paese d'origine <span class=\"req\">*<\/span><\/label>\n                                    <input type=\"text\" name=\"decl_address\" required \/>\n                                <\/div>\n                                <div class=\"est-it-field\">\n                                    <label>Codice postale <span class=\"req\">*<\/span><\/label>\n                                    <input type=\"text\" name=\"decl_postal_code\" required \/>\n                                <\/div>\n                                <div class=\"est-it-field\">\n                                    <label>Citt\u00e0 <span class=\"req\">*<\/span><\/label>\n                                    <input type=\"text\" name=\"decl_city\" required \/>\n                                <\/div>\n                                <div class=\"est-it-field\">\n                                    <label>Paese <span class=\"req\">*<\/span><\/label>\n                                    <input type=\"text\" name=\"decl_country\" required \/>\n                                <\/div>\n                                <div class=\"est-it-field\">\n                                    <label>Numero di identificazione fiscale (NIE \/ Passaporto \/ Codice fiscale) <span class=\"req\">*<\/span><\/label>\n                                    <input type=\"text\" name=\"decl_tax_id\" required \/>\n                                <\/div>\n                            <\/div>\n                        <\/div>\n\n                        <div class=\"est-it-actions\">\n                            <button type=\"button\" class=\"est-it-btn est-it-btn-ghost est-it-prev\">Indietro<\/button>\n                            <button type=\"button\" class=\"est-it-btn est-it-btn-primary est-it-next\">Avanti<\/button>\n                        <\/div>\n                    <\/section>\n\n                    <!-- STEP 5 -->\n<section class=\"est-it-section\" data-step=\"5\" style=\"display:none\">\n    <h3>Calcolo stimato<\/h3>\n                        <div class=\"est-it-instructions\" data-instr=\"estimate\"><\/div>\n    <p class=\"est-it-muted\">Si tratta di un calcolo stimato in base ai vostri input.<\/p>\n\n    <div id=\"est-calc-missing\" class=\"est-it-info\" style=\"display:none\">\n        Non possiamo calcolare l'imposta dovuta perch\u00e9 manca il valore catastale.\n    <\/div>\n\n    <div id=\"est-calc-results\" style=\"display:none\">\n        <div class=\"est-it-calcbox\">\n            <div><strong>Base imponibile:<\/strong> <span id=\"est_calc_base\">\u2014<\/span><\/div>\n            <div><strong>Aliquota fiscale:<\/strong> <span id=\"est_calc_rate\">\u2014<\/span><\/div>\n            <div><strong>Totale imposta dovuta (\u20ac):<\/strong> <span id=\"est_calc_total\">\u2014<\/span><\/div>\n        <\/div>\n\n        <div id=\"est-calc-extra\" class=\"est-it-calcbox\" style=\"margin-top:12px; display:none;\">\n            <div><strong>Redditi da locazione (\u20ac):<\/strong> <span id=\"est_calc_r_income\">\u2014<\/span><\/div>\n            <div><strong>Costi totali deducibili (\u20ac):<\/strong> <span id=\"est_calc_r_costs\">\u2014<\/span><\/div>\n            <div><strong>Ammortamento (\u20ac):<\/strong> <span id=\"est_calc_r_depr\">\u2014<\/span><\/div>\n            <div><strong>Reddito da locazione imponibile (\u20ac):<\/strong> <span id=\"est_calc_r_taxable\">\u2014<\/span><\/div>\n        <\/div>\n\n        <h4 style=\"margin-top:16px;\">Imposta per proprietario<\/h4>\n        <div class=\"est-it-tablewrap\">\n            <table class=\"est-it-table\" id=\"est_calc_per_owner\">\n                <thead>\n                    <tr>\n                        <th>Proprietario<\/th>\n                        <th>Paese di residenza<\/th>\n                        <th>Propriet\u00e0 %<\/th>\n                        <th>Aliquota fiscale<\/th>\n                        <th>Imposta dovuta (\u20ac)<\/th>\n                    <\/tr>\n                <\/thead>\n                <tbody><\/tbody>\n            <\/table>\n        <\/div>\n\n        <h4 style=\"margin-top:16px;\">Modalit\u00e0 di pagamento dell'imposta<\/h4>\n        <div class=\"est-it-muted\">Select how you prefer to pay the tax.<\/div>\n        <div class=\"est-it-grid2\" style=\"margin-top:10px;\">\n            <div class=\"est-it-field\">\n                <label><input type=\"radio\" name=\"tax_payment_alternative\" value=\"Direct Debit\" required> Addebito diretto<\/label>\n                <div class=\"est-it-help\">Vi guideremo nell'impostazione dell'addebito diretto.<\/div>\n            <\/div>\n            <div class=\"est-it-field\">\n                <label><input type=\"radio\" name=\"tax_payment_alternative\" value=\"Bank Transfer\"> Bonifico bancario<\/label>\n                <div class=\"est-it-help\">Vi mostreremo le coordinate bancarie e le istruzioni.<\/div>\n            <\/div>\n            <div class=\"est-it-field\">\n                <label><input type=\"radio\" name=\"tax_payment_alternative\" value=\"Cash Payment\"> Pagamento in contanti<\/label>\n                <div class=\"est-it-help\">Vi mostreremo i passaggi per pagare in contanti.<\/div>\n            <\/div>\n        <\/div>\n    <\/div>\n\n    <div class=\"est-it-actions\">\n        <button type=\"button\" class=\"est-it-btn est-it-btn-ghost est-it-prev\">Indietro<\/button>\n        <button type=\"button\" class=\"est-it-btn est-it-btn-primary est-it-next\">Procedere al pagamento<\/button>\n    <\/div>\n<\/section>\n\n<!-- STEP 6 -->\n\n\n                    <section class=\"est-it-section\" data-step=\"6\" style=\"display:none\">\n                        <h3>Pagamento e conto<\/h3>\n\n                        <div class=\"est-it-summary\">\n                            <div><strong>Tassa di servizio:<\/strong> <span id=\"est_service_label\"><\/span><\/div>\n                            <div><strong>Prezzo:<\/strong> \u20ac<span id=\"est_service_price\"><\/span><\/div>\n                        <\/div>\n\n                        <div class=\"est-it-actions\">\n                            <button type=\"button\" class=\"est-it-btn est-it-btn-ghost est-it-prev\">Indietro<\/button>\n                            <button type=\"submit\" class=\"est-it-btn est-it-btn-primary\">Pagare e inviare<\/button>\n                        <\/div>\n                    <\/section>\n\n                <input type=\"hidden\" name=\"trp-form-language\" value=\"it\"\/><\/form>\n            <\/div>\n        <\/div>\n        <\/div>\n\t\t\t\t\t\t<\/div>\n\t\t\t\t\t<\/div>\n\t\t\t\t<\/div>\n\t\t\t\t<\/div>","protected":false},"excerpt":{"rendered":"","protected":false},"author":1,"featured_media":0,"parent":0,"menu_order":0,"comment_status":"closed","ping_status":"closed","template":"elementor_theme","meta":{"footnotes":""},"class_list":["post-5544","page","type-page","status-publish","hentry"],"aioseo_notices":[],"_links":{"self":[{"href":"https:\/\/www.easyspanishtax.com\/it\/wp-json\/wp\/v2\/pages\/5544","targetHints":{"allow":["GET"]}}],"collection":[{"href":"https:\/\/www.easyspanishtax.com\/it\/wp-json\/wp\/v2\/pages"}],"about":[{"href":"https:\/\/www.easyspanishtax.com\/it\/wp-json\/wp\/v2\/types\/page"}],"author":[{"embeddable":true,"href":"https:\/\/www.easyspanishtax.com\/it\/wp-json\/wp\/v2\/users\/1"}],"replies":[{"embeddable":true,"href":"https:\/\/www.easyspanishtax.com\/it\/wp-json\/wp\/v2\/comments?post=5544"}],"version-history":[{"count":119,"href":"https:\/\/www.easyspanishtax.com\/it\/wp-json\/wp\/v2\/pages\/5544\/revisions"}],"predecessor-version":[{"id":6830,"href":"https:\/\/www.easyspanishtax.com\/it\/wp-json\/wp\/v2\/pages\/5544\/revisions\/6830"}],"wp:attachment":[{"href":"https:\/\/www.easyspanishtax.com\/it\/wp-json\/wp\/v2\/media?parent=5544"}],"curies":[{"name":"wp","href":"https:\/\/api.w.org\/{rel}","templated":true}]}}