{"id":5544,"date":"2026-01-23T19:57:37","date_gmt":"2026-01-23T19:57:37","guid":{"rendered":"https:\/\/www.easyspanishtax.com\/?page_id=5544"},"modified":"2026-02-20T21:49:10","modified_gmt":"2026-02-20T21:49:10","slug":"tax-form","status":"publish","type":"page","link":"https:\/\/www.easyspanishtax.com\/fr\/tax-form\/","title":{"rendered":"Formulaires fiscaux"},"content":{"rendered":"<div data-elementor-type=\"wp-page\" data-elementor-id=\"5544\" class=\"elementor elementor-5544\" data-elementor-post-type=\"page\">\n\t\t\t\t<div class=\"elementor-element elementor-element-bf0dd7e e-flex e-con-boxed e-con e-parent\" data-id=\"bf0dd7e\" data-element_type=\"container\" data-e-type=\"container\" id=\"formmain\">\n\t\t\t\t\t<div class=\"e-con-inner\">\n\t\t\t\t<div class=\"elementor-element elementor-element-3e9c30f elementor-widget elementor-widget-shortcode\" data-id=\"3e9c30f\" data-element_type=\"widget\" data-e-type=\"widget\" id=\"center-section\" data-widget_type=\"shortcode.default\">\n\t\t\t\t\t\t\t<div class=\"elementor-shortcode\">        <div class=\"est-it-wrap\" data-prefill=\"0\" data-prefill-ok=\"0\" data-package=\"0\" data-owners=\"0\">\n            <div class=\"est-it-card\">\n                <h2 class=\"est-it-title\">Formulaire fiscal<\/h2>\n\n                <div class=\"est-it-stepper\">\n                    <div class=\"est-it-step\" data-step=\"0\"><span>1<\/span> Paquet<\/div>\n                    <div class=\"est-it-step\" data-step=\"1\"><span>2<\/span> De base<\/div>\n                    <div class=\"est-it-step\" data-step=\"2\"><span>3<\/span> <span class=\"est-it-step-label-2\">Propri\u00e9taires<\/span><\/div>\n                    <div class=\"est-it-step\" data-step=\"3\"><span>4<\/span> Propri\u00e9t\u00e9<\/div>\n                    <div class=\"est-it-step\" data-step=\"4\"><span>5<\/span> D\u00e9tails<\/div>\n                    <div class=\"est-it-step\" data-step=\"5\"><span>6<\/span> Avant-premi\u00e8re<\/div>\n                    <div class=\"est-it-step\" data-step=\"6\"><span>7<\/span> Paiement<\/div>\n                <\/div>\n\n                <div id=\"est-it-messages\" class=\"est-it-messages\" style=\"display:none\"><\/div>\n\n                <form id=\"est-it-form\" novalidate action=\"\">\n                    <input type=\"hidden\" name=\"submission_id\" id=\"est_submission_id\" value=\"0\" \/>\n\n                    <!-- STEP 0 -->\n                    <section class=\"est-it-section\" data-step=\"0\">\n                        <h3>Choisir un forfait<\/h3>\n                        <div class=\"est-it-grid\" id=\"est-packages\"><\/div>\n                        <div class=\"est-it-actions\">\n                            <button type=\"button\" class=\"est-it-btn est-it-btn-primary est-it-next\">Suivant<\/button>\n                        <\/div>\n                    <\/section>\n\n                    <!-- STEP 1 -->\n                    <section class=\"est-it-section\" data-step=\"1\" style=\"display:none\">\n                        <h3>Ann\u00e9e fiscale et propri\u00e9taires<\/h3>\n                        <div class=\"est-it-field\">\n                            <label>Ann\u00e9e fiscale <span class=\"req\">*<\/span><\/label>\n                            <select name=\"tax_year\" id=\"est_tax_year\" required><\/select>\n                        <\/div>\n                        <div class=\"est-it-field\">\n                            <label>Nombre de propri\u00e9taires <span class=\"req\">*<\/span><\/label>\n                            <select name=\"owners_count\" id=\"est_owners_count\" required>\n                                <option value=\"\">S\u00e9lectionner<\/option>\n                                <option value=\"1\">1<\/option>\n                                <option value=\"2\">2<\/option>\n                                <option value=\"3\">3<\/option>\n                                <option value=\"4\">4<\/option>\n                            <\/select>\n                        <\/div>\n                        <div class=\"est-it-actions\">\n                            <button type=\"button\" class=\"est-it-btn est-it-btn-ghost est-it-prev\">Retour<\/button>\n                            <button type=\"button\" class=\"est-it-btn est-it-btn-primary est-it-next\">Suivant<\/button>\n                        <\/div>\n                    <\/section>\n\n                    <!-- STEP 2 -->\n<section class=\"est-it-section\" data-step=\"2\" style=\"display:none\">\n    <div id=\"est-step2-owner-block\">\n        <h3>Coordonn\u00e9es du propri\u00e9taire<\/h3>\n        <div class=\"est-it-instructions\" data-instr=\"owners\"><\/div>\n\n        <div id=\"est-owners\"><\/div>\n    <\/div>\n\n    <h3 class=\"est-step2-contact-title\" style=\"margin-top:20px;\">Coordonn\u00e9es de la personne \u00e0 contacter<\/h3>\n    <div class=\"est-it-instructions\" data-instr=\"contact\"><\/div>\n\n    <div class=\"est-it-grid2\">\n        <div class=\"est-it-field\">\n            <label>Courriel <span class=\"req\">*<\/span><\/label>\n            <input type=\"email\" name=\"contact_email\" id=\"est_contact_email\" required \/>\n            <div class=\"est-it-muted\">Nous cr\u00e9erons votre compte automatiquement apr\u00e8s que vous ayez cliqu\u00e9 sur Suivant. Nom d'utilisateur = email. Un lien de configuration de mot de passe s\u00e9curis\u00e9 vous sera envoy\u00e9 par e-mail.<\/div>\n        <\/div>\n        <div class=\"est-it-field\">\n            <label>T\u00e9l\u00e9phone<\/label>\n            <input type=\"text\" name=\"contact_phone\" id=\"est_contact_phone\" \/>\n        <\/div>\n    <\/div>\n\n    <div class=\"est-it-actions\">\n        <button type=\"button\" class=\"est-it-btn est-it-btn-ghost est-it-prev\">Retour<\/button>\n        <button type=\"button\" class=\"est-it-btn est-it-btn-primary est-it-next\">Suivant<\/button>\n    <\/div>\n<\/section>\n\n<!-- STEP 3 -->\n\n<!-- STEP 3 -->\n                    <section class=\"est-it-section\" data-step=\"3\" style=\"display:none\">\n                        <h3>D\u00e9tails de la propri\u00e9t\u00e9<\/h3>\n                        <p class=\"est-it-muted\">Les d\u00e9tails de votre propri\u00e9t\u00e9 en Espagne.<\/p>\n                        <div class=\"est-it-instructions\" data-instr=\"property\"><\/div>\n                        <div class=\"est-it-grid2\">\n                            <div class=\"est-it-field\">\n                                <label>Type de bien <span class=\"req\">*<\/span><\/label>\n                                <select name=\"property_type\" id=\"est_property_type\" required>\n                                    <option value=\"\">S\u00e9lectionner<\/option>\n                                    <option value=\"Apartment\">Appartement<\/option>\n                                    <option value=\"House\">Maison<\/option>\n                                    <option value=\"Garage\">Garage<\/option>\n                                    <option value=\"Storage\">Stockage<\/option>\n                                    <option value=\"Plot\">Trac\u00e9<\/option>\n                                <\/select>\n                            <\/div>\n                            <div class=\"est-it-field\">\n                                <label>Adresse de la propri\u00e9t\u00e9 <span class=\"req\">*<\/span><\/label>\n                                <input type=\"text\" name=\"property_address\" required \/>\n                            <\/div>\n                            <div class=\"est-it-field\">\n                                <label>Code postal <span class=\"req\">*<\/span><\/label>\n                                <input type=\"text\" name=\"property_postal_code\" required \/>\n                            <\/div>\n                            <div class=\"est-it-field\">\n                                <label>Ville <span class=\"req\">*<\/span><\/label>\n                                <input type=\"text\" name=\"property_city\" required \/>\n                            <\/div>\n                            <div class=\"est-it-field\">\n                                <label>Province <span class=\"req\">*<\/span><\/label>\n                                <input type=\"text\" name=\"property_province\" required \/>\n                            <\/div>\n                            <div class=\"est-it-field\">\n                                <label>R\u00e9f\u00e9rence cadastrale <span class=\"req\">*<\/span><\/label>\n                                <input type=\"text\" name=\"cadastral_reference\" required \/>\n                                <div class=\"est-it-help\">La r\u00e9f\u00e9rence cadastrale et la valeur cadastrale figurent sur votre re\u00e7u fiscal IBI.<\/div>\n                            <\/div>\n                            <div class=\"est-it-field\">\n                                <label>Valeur cadastrale (\u20ac)<\/label>\n                                <input type=\"number\" step=\"0.01\" min=\"0\" name=\"cadastral_value\" \/>\n                                <div class=\"est-it-help\">La r\u00e9f\u00e9rence cadastrale et la valeur cadastrale figurent sur votre re\u00e7u fiscal IBI.<\/div>\n                            <\/div>\n                            <div class=\"est-it-field\">\n    <label>Propri\u00e9t\u00e9 d\u00e9tenue pendant toute l'ann\u00e9e ? <span class=\"req\">*<\/span><\/label>\n    <select name=\"owned_full_year\" id=\"est_owned_full_year\" required>\n        <option value=\"\">S\u00e9lectionner<\/option>\n        <option value=\"Yes\">Oui<\/option>\n        <option value=\"No\">Non<\/option>\n    <\/select>\n<\/div>\n\n<div class=\"est-it-field\">\n    <label>Avez-vous vendu ou achet\u00e9 ce bien en <span id=\"est_sold_year\"><\/span>? <span class=\"req\">*<\/span><\/label>\n    <select name=\"sold_or_purchased\" id=\"est_sold_or_purchased\" required>\n        <option value=\"\">S\u00e9lectionner<\/option>\n        <option value=\"No\">Non<\/option>\n        <option value=\"Yes\">Oui<\/option>\n    <\/select>\n<\/div>\n<\/div>\n                        <div class=\"est-it-actions\">\n                            <button type=\"button\" class=\"est-it-btn est-it-btn-ghost est-it-prev\">Retour<\/button>\n                            <button type=\"button\" class=\"est-it-btn est-it-btn-primary est-it-next\">Suivant<\/button>\n                        <\/div>\n                    <\/section>\n\n                    <!-- STEP 4 -->\n                    <section class=\"est-it-section\" data-step=\"4\" style=\"display:none\">\n                        <h3 id=\"est-step4-title\">D\u00e9tails<\/h3>\n\n                        <div id=\"est-days-owned-wrap\" class=\"est-it-field\" style=\"display:none\">\n                                <label>Nombre de jours de d\u00e9tention pendant l'ann\u00e9e fiscale <span class=\"req\">*<\/span><\/label>\n                                <input type=\"number\" min=\"0\" max=\"366\" name=\"days_owned\" \/>\n                            <\/div>\n\n                        <div id=\"est-step4-rental\" style=\"display:none\">\n    <div class=\"est-it-instructions\" data-instr=\"rental\"><\/div>\n\n    <p class=\"est-it-help\"><strong>Combien de jours votre bien a-t-il \u00e9t\u00e9 lou\u00e9 pendant <span id=\"est_rental_year\"><\/span>?<\/strong><\/p>\n\n    <div class=\"est-it-grid2\">\n        <div class=\"est-it-field\">\n            <label>Jours de location <span class=\"req\">*<\/span><\/label>\n            <input type=\"number\" min=\"0\" max=\"366\" name=\"rented_days\" required \/>\n        <\/div>\n\n        <div class=\"est-it-field\">\n            <label>Type de location <span class=\"req\">*<\/span><\/label>\n            <select name=\"rental_type\" required>\n                <option value=\"\">S\u00e9lectionner<\/option>\n                <option value=\"Short term rental\">Location \u00e0 court terme<\/option>\n                <option value=\"Long term rental\">Location \u00e0 long terme<\/option>\n            <\/select>\n        <\/div>\n\n        <div class=\"est-it-field\">\n            <label>Revenus locatifs (\u20ac) <span class=\"req\">*<\/span><\/label>\n            <input type=\"number\" step=\"0.01\" min=\"0\" name=\"rental_income\" required \/>\n            <div class=\"est-it-help\">Indiquez le total des revenus locatifs que vous avez per\u00e7us au cours de l'ann\u00e9e.<\/div>\n        <\/div>\n    <\/div>\n\n    <h4 style=\"margin-top:18px;\">Frais de location<\/h4>\n    <div class=\"est-it-muted\">Vous trouverez ci-dessous une liste de d\u00e9penses qui peuvent \u00eatre d\u00e9duites selon les autorit\u00e9s fiscales espagnoles. Veuillez n'indiquer que les montants correspondant aux d\u00e9penses que vous avez engag\u00e9es. Si une cat\u00e9gorie ne s'applique pas \u00e0 vous, laissez-la simplement vide.<\/div>\n\n    <div class=\"est-it-grid2\" style=\"margin-top:10px;\">\n        <div class=\"est-it-field\">\n            <label>Taxes locales (\u20ac)<\/label>\n            <input type=\"number\" step=\"0.01\" min=\"0\" name=\"cost_local_taxes\" \/>\n            <div class=\"est-it-help\">Les taxes locales sont l'IBI et la taxe d'enl\u00e8vement des ordures m\u00e9nag\u00e8res. En cas de location \u00e0 long terme, ajoutez le co\u00fbt total de l'IBI pour l'ann\u00e9e.<\/div>\n        <\/div>\n\n        <div class=\"est-it-field\">\n            <label>Frais communautaires (\u20ac)<\/label>\n            <input type=\"number\" step=\"0.01\" min=\"0\" name=\"cost_community_fees\" \/>\n            <div class=\"est-it-help\">Dans le cas d'une location \u00e0 long terme, ajouter le co\u00fbt total de l'ann\u00e9e. Dans le cas d'une location \u00e0 court terme, calculez la dur\u00e9e de la location.<\/div>\n        <\/div>\n\n        <div class=\"est-it-field\">\n            <label>Services publics (\u20ac)<\/label>\n            <input type=\"number\" step=\"0.01\" min=\"0\" name=\"cost_utilities\" \/>\n            <div class=\"est-it-help\">D\u00e9penses pour l'eau, l'\u00e9lectricit\u00e9, l'internet, l'alarme, etc. En cas de location \u00e0 court terme, calculer la dur\u00e9e de la location.<\/div>\n        <\/div>\n\n        <div class=\"est-it-field\">\n            <label>Int\u00e9r\u00eats hypoth\u00e9caires (\u20ac)<\/label>\n            <input type=\"number\" step=\"0.01\" min=\"0\" name=\"cost_mortgage_interest\" \/>\n            <div class=\"est-it-help\">Dans le cas d'une location \u00e0 court terme, calculez la dur\u00e9e de la location. S'il s'agit d'une location \u00e0 long terme, indiquez les co\u00fbts totaux de l'ann\u00e9e.<\/div>\n        <\/div>\n\n        <div class=\"est-it-field\">\n            <label>Frais de gestion immobili\u00e8re (\u20ac)<\/label>\n            <input type=\"number\" step=\"0.01\" min=\"0\" name=\"cost_property_management\" \/>\n            <div class=\"est-it-help\">Frais de gestion locative, de nettoyage, de publicit\u00e9, de portails internet comme VRBO, Booking et Airbnb, etc.<\/div>\n        <\/div>\n\n        <div class=\"est-it-field\">\n            <label>Frais d'entretien et de r\u00e9paration (\u20ac)<\/label>\n            <input type=\"number\" step=\"0.01\" min=\"0\" name=\"cost_maintenance_repair\" \/>\n            <div class=\"est-it-help\">Travaux de r\u00e9paration, de peinture et autres travaux d'entretien.<\/div>\n        <\/div>\n\n        <div class=\"est-it-field\">\n            <label>Assurance habitation (\u20ac)<\/label>\n            <input type=\"number\" step=\"0.01\" min=\"0\" name=\"cost_home_insurance\" \/>\n            <div class=\"est-it-help\">En cas de location \u00e0 court terme, calculez le co\u00fbt de l'assurance pour la dur\u00e9e de la location. Dans le cas d'une location \u00e0 long terme, indiquez les co\u00fbts totaux pour l'ann\u00e9e.<\/div>\n        <\/div>\n\n        <div class=\"est-it-field\">\n            <label>Autres d\u00e9penses (\u20ac)<\/label>\n            <input type=\"number\" step=\"0.01\" min=\"0\" name=\"cost_other_expenses\" \/>\n            <div class=\"est-it-help\">Tout ce qui n'est pas li\u00e9 \u00e0 la location.<\/div>\n        <\/div>\n\n        <div class=\"est-it-field\">\n            <label>Meubles et appareils (\u20ac)<\/label>\n            <input type=\"number\" step=\"0.01\" min=\"0\" name=\"cost_furniture_appliances\" \/>\n            <div class=\"est-it-help\">Vous pouvez d\u00e9duire 10% chaque ann\u00e9e du co\u00fbt total du mobilier et des appareils.<\/div>\n        <\/div>\n\n        <div class=\"est-it-field\">\n            <label>Vous souhaitez calculer le co\u00fbt de l'amortissement \u00e0 d\u00e9duire ? <span class=\"req\">*<\/span><\/label>\n            <select name=\"want_depreciation\" id=\"est_want_depreciation\" required>\n                <option value=\"\">S\u00e9lectionner<\/option>\n                <option value=\"Yes\">Oui<\/option>\n                <option value=\"No\">Non<\/option>\n            <\/select>\n        <\/div>\n    <\/div>\n\n    <div id=\"est-depr-section\" style=\"display:none; margin-top:18px;\">\n        <h4>Amortissement<\/h4>\n        <div class=\"est-it-muted\">Vous pouvez d\u00e9duire l'amortissement du bien. Celui-ci est calcul\u00e9 \u00e0 raison de 3% par an de la valeur la plus \u00e9lev\u00e9e entre le prix d'achat et la valeur cadastrale, \u00e0 l'exclusion de la valeur du terrain.<\/div>\n\n        <div class=\"est-it-grid2\" style=\"margin-top:10px;\">\n            <div class=\"est-it-field\">\n                <label>Valeur cadastrale de la construction (\u20ac) <span class=\"req\">*<\/span><\/label>\n                <input type=\"number\" step=\"0.01\" min=\"0\" name=\"dep_construction_cadastral_value\" \/>\n                <div class=\"est-it-help\">La valeur cadastrale de la construction est la valeur du b\u00e2timent uniquement, \u00e0 l'exclusion du terrain. Elle est utilis\u00e9e pour le calcul de l'imp\u00f4t et figure sur votre facture d'imp\u00f4t IBI.<\/div>\n            <\/div>\n\n            <div class=\"est-it-field\">\n                <label>Valeur d'acquisition (\u20ac) <span class=\"req\">*<\/span><\/label>\n                <input type=\"number\" step=\"0.01\" min=\"0\" name=\"dep_acquisition_value\" \/>\n                <div class=\"est-it-help\">La valeur d'acquisition est le co\u00fbt total de l'achat de votre bien, y compris le prix d'achat et les frais d'acquisition. Elle est utilis\u00e9e pour le calcul de l'imp\u00f4t.<\/div>\n            <\/div>\n        <\/div>\n    <\/div>\n<\/div>\n\n<div id=\"est-step4-decl\" style=\"display:none\">\n                            <p>Ce paquet utilise une forme plus simple (pas de propri\u00e9taires).<\/p>\n                            <div class=\"est-it-grid2\">\n                                <div class=\"est-it-field\">\n                                    <label>Pr\u00e9nom <span class=\"req\">*<\/span><\/label>\n                                    <input type=\"text\" name=\"decl_first_name\" required \/>\n                                <\/div>\n                                <div class=\"est-it-field\">\n                                    <label>Nom de famille <span class=\"req\">*<\/span><\/label>\n                                    <input type=\"text\" name=\"decl_last_name\" required \/>\n                                <\/div>\n                                <div class=\"est-it-field\">\n                                    <label>Adresse du pays d'origine <span class=\"req\">*<\/span><\/label>\n                                    <input type=\"text\" name=\"decl_address\" required \/>\n                                <\/div>\n                                <div class=\"est-it-field\">\n                                    <label>Code postal <span class=\"req\">*<\/span><\/label>\n                                    <input type=\"text\" name=\"decl_postal_code\" required \/>\n                                <\/div>\n                                <div class=\"est-it-field\">\n                                    <label>Ville <span class=\"req\">*<\/span><\/label>\n                                    <input type=\"text\" name=\"decl_city\" required \/>\n                                <\/div>\n                                <div class=\"est-it-field\">\n                                    <label>Pays <span class=\"req\">*<\/span><\/label>\n                                    <input type=\"text\" name=\"decl_country\" required \/>\n                                <\/div>\n                                <div class=\"est-it-field\">\n                                    <label>Num\u00e9ro d'identification fiscale (NIE \/ Passeport \/ Tax ID) <span class=\"req\">*<\/span><\/label>\n                                    <input type=\"text\" name=\"decl_tax_id\" required \/>\n                                <\/div>\n                            <\/div>\n                        <\/div>\n\n                        <div class=\"est-it-actions\">\n                            <button type=\"button\" class=\"est-it-btn est-it-btn-ghost est-it-prev\">Retour<\/button>\n                            <button type=\"button\" class=\"est-it-btn est-it-btn-primary est-it-next\">Suivant<\/button>\n                        <\/div>\n                    <\/section>\n\n                    <!-- STEP 5 -->\n<section class=\"est-it-section\" data-step=\"5\" style=\"display:none\">\n    <h3>Calcul estim\u00e9<\/h3>\n                        <div class=\"est-it-instructions\" data-instr=\"estimate\"><\/div>\n    <p class=\"est-it-muted\">Il s'agit d'un calcul estimatif bas\u00e9 sur vos donn\u00e9es.<\/p>\n\n    <div id=\"est-calc-missing\" class=\"est-it-info\" style=\"display:none\">\n        Nous ne pouvons pas calculer la taxe due car la valeur cadastrale est manquante.\n    <\/div>\n\n    <div id=\"est-calc-results\" style=\"display:none\">\n        <div class=\"est-it-calcbox\">\n            <div><strong>Base d'imposition :<\/strong> <span id=\"est_calc_base\">\u2014<\/span><\/div>\n            <div><strong>Taux d'imposition :<\/strong> <span id=\"est_calc_rate\">\u2014<\/span><\/div>\n            <div><strong>Total de la taxe due (\u20ac) :<\/strong> <span id=\"est_calc_total\">\u2014<\/span><\/div>\n        <\/div>\n\n        <div id=\"est-calc-extra\" class=\"est-it-calcbox\" style=\"margin-top:12px; display:none;\">\n            <div><strong>Revenus locatifs (\u20ac) :<\/strong> <span id=\"est_calc_r_income\">\u2014<\/span><\/div>\n            <div><strong>Total des co\u00fbts d\u00e9ductibles (\u20ac) :<\/strong> <span id=\"est_calc_r_costs\">\u2014<\/span><\/div>\n            <div><strong>Amortissement (\u20ac) :<\/strong> <span id=\"est_calc_r_depr\">\u2014<\/span><\/div>\n            <div><strong>Revenu locatif imposable (\u20ac) :<\/strong> <span id=\"est_calc_r_taxable\">\u2014<\/span><\/div>\n        <\/div>\n\n        <h4 style=\"margin-top:16px;\">Taxe par propri\u00e9taire<\/h4>\n        <div class=\"est-it-tablewrap\">\n            <table class=\"est-it-table\" id=\"est_calc_per_owner\">\n                <thead>\n                    <tr>\n                        <th>Propri\u00e9taire<\/th>\n                        <th>Pays de r\u00e9sidence<\/th>\n                        <th>Propri\u00e9t\u00e9 %<\/th>\n                        <th>Taux d'imposition<\/th>\n                        <th>Taxe due (\u20ac)<\/th>\n                    <\/tr>\n                <\/thead>\n                <tbody><\/tbody>\n            <\/table>\n        <\/div>\n\n        <h4 style=\"margin-top:16px;\">Mode de paiement de la taxe<\/h4>\n        <div class=\"est-it-muted\">Select how you prefer to pay the tax.<\/div>\n        <div class=\"est-it-grid2\" style=\"margin-top:10px;\">\n            <div class=\"est-it-field\">\n                <label><input type=\"radio\" name=\"tax_payment_alternative\" value=\"Direct Debit\" required> D\u00e9bit direct<\/label>\n                <div class=\"est-it-help\">Nous vous guiderons dans la mise en place du pr\u00e9l\u00e8vement automatique.<\/div>\n            <\/div>\n            <div class=\"est-it-field\">\n                <label><input type=\"radio\" name=\"tax_payment_alternative\" value=\"Bank Transfer\"> Virement bancaire<\/label>\n                <div class=\"est-it-help\">Nous vous indiquerons les coordonn\u00e9es bancaires et les instructions.<\/div>\n            <\/div>\n            <div class=\"est-it-field\">\n                <label><input type=\"radio\" name=\"tax_payment_alternative\" value=\"Cash Payment\"> Paiement en esp\u00e8ces<\/label>\n                <div class=\"est-it-help\">Nous vous indiquons la marche \u00e0 suivre pour payer en esp\u00e8ces.<\/div>\n            <\/div>\n        <\/div>\n    <\/div>\n\n    <div class=\"est-it-actions\">\n        <button type=\"button\" class=\"est-it-btn est-it-btn-ghost est-it-prev\">Retour<\/button>\n        <button type=\"button\" class=\"est-it-btn est-it-btn-primary est-it-next\">Proc\u00e9der au paiement<\/button>\n    <\/div>\n<\/section>\n\n<!-- STEP 6 -->\n\n\n                    <section class=\"est-it-section\" data-step=\"6\" style=\"display:none\">\n                        <h3>Paiement et compte<\/h3>\n\n                        <div class=\"est-it-summary\">\n                            <div><strong>Frais de service :<\/strong> <span id=\"est_service_label\"><\/span><\/div>\n                            <div><strong>Prix :<\/strong> \u20ac<span id=\"est_service_price\"><\/span><\/div>\n                        <\/div>\n\n                        <div class=\"est-it-actions\">\n                            <button type=\"button\" class=\"est-it-btn est-it-btn-ghost est-it-prev\">Retour<\/button>\n                            <button type=\"submit\" class=\"est-it-btn est-it-btn-primary\">Payer et soumettre<\/button>\n                        <\/div>\n                    <\/section>\n\n                <input type=\"hidden\" name=\"trp-form-language\" value=\"fr\"\/><\/form>\n            <\/div>\n        <\/div>\n        <\/div>\n\t\t\t\t\t\t<\/div>\n\t\t\t\t\t<\/div>\n\t\t\t\t<\/div>\n\t\t\t\t<\/div>","protected":false},"excerpt":{"rendered":"","protected":false},"author":1,"featured_media":0,"parent":0,"menu_order":0,"comment_status":"closed","ping_status":"closed","template":"elementor_theme","meta":{"footnotes":""},"class_list":["post-5544","page","type-page","status-publish","hentry"],"aioseo_notices":[],"_links":{"self":[{"href":"https:\/\/www.easyspanishtax.com\/fr\/wp-json\/wp\/v2\/pages\/5544","targetHints":{"allow":["GET"]}}],"collection":[{"href":"https:\/\/www.easyspanishtax.com\/fr\/wp-json\/wp\/v2\/pages"}],"about":[{"href":"https:\/\/www.easyspanishtax.com\/fr\/wp-json\/wp\/v2\/types\/page"}],"author":[{"embeddable":true,"href":"https:\/\/www.easyspanishtax.com\/fr\/wp-json\/wp\/v2\/users\/1"}],"replies":[{"embeddable":true,"href":"https:\/\/www.easyspanishtax.com\/fr\/wp-json\/wp\/v2\/comments?post=5544"}],"version-history":[{"count":119,"href":"https:\/\/www.easyspanishtax.com\/fr\/wp-json\/wp\/v2\/pages\/5544\/revisions"}],"predecessor-version":[{"id":6830,"href":"https:\/\/www.easyspanishtax.com\/fr\/wp-json\/wp\/v2\/pages\/5544\/revisions\/6830"}],"wp:attachment":[{"href":"https:\/\/www.easyspanishtax.com\/fr\/wp-json\/wp\/v2\/media?parent=5544"}],"curies":[{"name":"wp","href":"https:\/\/api.w.org\/{rel}","templated":true}]}}