{"id":5544,"date":"2026-01-23T19:57:37","date_gmt":"2026-01-23T19:57:37","guid":{"rendered":"https:\/\/www.easyspanishtax.com\/?page_id=5544"},"modified":"2026-02-20T21:49:10","modified_gmt":"2026-02-20T21:49:10","slug":"tax-form","status":"publish","type":"page","link":"https:\/\/www.easyspanishtax.com\/fi\/tax-form\/","title":{"rendered":"Verolomakkeet"},"content":{"rendered":"<div data-elementor-type=\"wp-page\" data-elementor-id=\"5544\" class=\"elementor elementor-5544\" data-elementor-post-type=\"page\">\n\t\t\t\t<div class=\"elementor-element elementor-element-bf0dd7e e-flex e-con-boxed e-con e-parent\" data-id=\"bf0dd7e\" data-element_type=\"container\" data-e-type=\"container\" id=\"formmain\">\n\t\t\t\t\t<div class=\"e-con-inner\">\n\t\t\t\t<div class=\"elementor-element elementor-element-3e9c30f elementor-widget elementor-widget-shortcode\" data-id=\"3e9c30f\" data-element_type=\"widget\" data-e-type=\"widget\" id=\"center-section\" data-widget_type=\"shortcode.default\">\n\t\t\t\t\t\t\t<div class=\"elementor-shortcode\">        <div class=\"est-it-wrap\" data-prefill=\"0\" data-prefill-ok=\"0\" data-package=\"0\" data-owners=\"0\">\n            <div class=\"est-it-card\">\n                <h2 class=\"est-it-title\">Verolomake<\/h2>\n\n                <div class=\"est-it-stepper\">\n                    <div class=\"est-it-step\" data-step=\"0\"><span>1<\/span> Paketti<\/div>\n                    <div class=\"est-it-step\" data-step=\"1\"><span>2<\/span> Basic<\/div>\n                    <div class=\"est-it-step\" data-step=\"2\"><span>3<\/span> <span class=\"est-it-step-label-2\">Omistajat<\/span><\/div>\n                    <div class=\"est-it-step\" data-step=\"3\"><span>4<\/span> Kiinteist\u00f6<\/div>\n                    <div class=\"est-it-step\" data-step=\"4\"><span>5<\/span> Yksityiskohdat<\/div>\n                    <div class=\"est-it-step\" data-step=\"5\"><span>6<\/span> Esikatselu<\/div>\n                    <div class=\"est-it-step\" data-step=\"6\"><span>7<\/span> Maksu<\/div>\n                <\/div>\n\n                <div id=\"est-it-messages\" class=\"est-it-messages\" style=\"display:none\"><\/div>\n\n                <form id=\"est-it-form\" novalidate action=\"\">\n                    <input type=\"hidden\" name=\"submission_id\" id=\"est_submission_id\" value=\"0\" \/>\n\n                    <!-- STEP 0 -->\n                    <section class=\"est-it-section\" data-step=\"0\">\n                        <h3>Valitse paketti<\/h3>\n                        <div class=\"est-it-grid\" id=\"est-packages\"><\/div>\n                        <div class=\"est-it-actions\">\n                            <button type=\"button\" class=\"est-it-btn est-it-btn-primary est-it-next\">Seuraava<\/button>\n                        <\/div>\n                    <\/section>\n\n                    <!-- STEP 1 -->\n                    <section class=\"est-it-section\" data-step=\"1\" style=\"display:none\">\n                        <h3>Verovuosi ja omistajat<\/h3>\n                        <div class=\"est-it-field\">\n                            <label>Verovuosi <span class=\"req\">*<\/span><\/label>\n                            <select name=\"tax_year\" id=\"est_tax_year\" required><\/select>\n                        <\/div>\n                        <div class=\"est-it-field\">\n                            <label>Omistajien lukum\u00e4\u00e4r\u00e4 <span class=\"req\">*<\/span><\/label>\n                            <select name=\"owners_count\" id=\"est_owners_count\" required>\n                                <option value=\"\">Valitse<\/option>\n                                <option value=\"1\">1<\/option>\n                                <option value=\"2\">2<\/option>\n                                <option value=\"3\">3<\/option>\n                                <option value=\"4\">4<\/option>\n                            <\/select>\n                        <\/div>\n                        <div class=\"est-it-actions\">\n                            <button type=\"button\" class=\"est-it-btn est-it-btn-ghost est-it-prev\">Takaisin<\/button>\n                            <button type=\"button\" class=\"est-it-btn est-it-btn-primary est-it-next\">Seuraava<\/button>\n                        <\/div>\n                    <\/section>\n\n                    <!-- STEP 2 -->\n<section class=\"est-it-section\" data-step=\"2\" style=\"display:none\">\n    <div id=\"est-step2-owner-block\">\n        <h3>Omistajan tiedot<\/h3>\n        <div class=\"est-it-instructions\" data-instr=\"owners\"><\/div>\n\n        <div id=\"est-owners\"><\/div>\n    <\/div>\n\n    <h3 class=\"est-step2-contact-title\" style=\"margin-top:20px;\">Yhteystiedot<\/h3>\n    <div class=\"est-it-instructions\" data-instr=\"contact\"><\/div>\n\n    <div class=\"est-it-grid2\">\n        <div class=\"est-it-field\">\n            <label>S\u00e4hk\u00f6posti <span class=\"req\">*<\/span><\/label>\n            <input type=\"email\" name=\"contact_email\" id=\"est_contact_email\" required \/>\n            <div class=\"est-it-muted\">Luomme tilisi automaattisesti, kun valitset Seuraava. K\u00e4ytt\u00e4j\u00e4tunnus = s\u00e4hk\u00f6postiosoite. S\u00e4hk\u00f6postiisi l\u00e4hetet\u00e4\u00e4n suojattu salasanan asennuslinkki.<\/div>\n        <\/div>\n        <div class=\"est-it-field\">\n            <label>Puhelin<\/label>\n            <input type=\"text\" name=\"contact_phone\" id=\"est_contact_phone\" \/>\n        <\/div>\n    <\/div>\n\n    <div class=\"est-it-actions\">\n        <button type=\"button\" class=\"est-it-btn est-it-btn-ghost est-it-prev\">Takaisin<\/button>\n        <button type=\"button\" class=\"est-it-btn est-it-btn-primary est-it-next\">Seuraava<\/button>\n    <\/div>\n<\/section>\n\n<!-- STEP 3 -->\n\n<!-- STEP 3 -->\n                    <section class=\"est-it-section\" data-step=\"3\" style=\"display:none\">\n                        <h3>Kiinteist\u00f6n tiedot<\/h3>\n                        <p class=\"est-it-muted\">Kiinteist\u00f6si tiedot Espanjassa.<\/p>\n                        <div class=\"est-it-instructions\" data-instr=\"property\"><\/div>\n                        <div class=\"est-it-grid2\">\n                            <div class=\"est-it-field\">\n                                <label>Kiinteist\u00f6n tyyppi <span class=\"req\">*<\/span><\/label>\n                                <select name=\"property_type\" id=\"est_property_type\" required>\n                                    <option value=\"\">Valitse<\/option>\n                                    <option value=\"Apartment\">Asunto<\/option>\n                                    <option value=\"House\">Talo<\/option>\n                                    <option value=\"Garage\">Autotalli<\/option>\n                                    <option value=\"Storage\">Varastointi<\/option>\n                                    <option value=\"Plot\">Juoni<\/option>\n                                <\/select>\n                            <\/div>\n                            <div class=\"est-it-field\">\n                                <label>Kiinteist\u00f6n osoite <span class=\"req\">*<\/span><\/label>\n                                <input type=\"text\" name=\"property_address\" required \/>\n                            <\/div>\n                            <div class=\"est-it-field\">\n                                <label>Postinumero <span class=\"req\">*<\/span><\/label>\n                                <input type=\"text\" name=\"property_postal_code\" required \/>\n                            <\/div>\n                            <div class=\"est-it-field\">\n                                <label>Kaupunki <span class=\"req\">*<\/span><\/label>\n                                <input type=\"text\" name=\"property_city\" required \/>\n                            <\/div>\n                            <div class=\"est-it-field\">\n                                <label>Maakunta <span class=\"req\">*<\/span><\/label>\n                                <input type=\"text\" name=\"property_province\" required \/>\n                            <\/div>\n                            <div class=\"est-it-field\">\n                                <label>Maanmittauslaitoksen viite <span class=\"req\">*<\/span><\/label>\n                                <input type=\"text\" name=\"cadastral_reference\" required \/>\n                                <div class=\"est-it-help\">Maanmittausviite ja maanmittausarvo l\u00f6ytyv\u00e4t IBI-verokuitista.<\/div>\n                            <\/div>\n                            <div class=\"est-it-field\">\n                                <label>Katasterarvo (\u20ac)<\/label>\n                                <input type=\"number\" step=\"0.01\" min=\"0\" name=\"cadastral_value\" \/>\n                                <div class=\"est-it-help\">Maanmittausviite ja maanmittausarvo l\u00f6ytyv\u00e4t IBI-verokuitista.<\/div>\n                            <\/div>\n                            <div class=\"est-it-field\">\n    <label>Omistettu kiinteist\u00f6 koko vuoden ajan? <span class=\"req\">*<\/span><\/label>\n    <select name=\"owned_full_year\" id=\"est_owned_full_year\" required>\n        <option value=\"\">Valitse<\/option>\n        <option value=\"Yes\">Kyll\u00e4<\/option>\n        <option value=\"No\">Ei<\/option>\n    <\/select>\n<\/div>\n\n<div class=\"est-it-field\">\n    <label>Myitk\u00f6 vai ostitko t\u00e4m\u00e4n kiinteist\u00f6n vuonna <span id=\"est_sold_year\"><\/span>? <span class=\"req\">*<\/span><\/label>\n    <select name=\"sold_or_purchased\" id=\"est_sold_or_purchased\" required>\n        <option value=\"\">Valitse<\/option>\n        <option value=\"No\">Ei<\/option>\n        <option value=\"Yes\">Kyll\u00e4<\/option>\n    <\/select>\n<\/div>\n<\/div>\n                        <div class=\"est-it-actions\">\n                            <button type=\"button\" class=\"est-it-btn est-it-btn-ghost est-it-prev\">Takaisin<\/button>\n                            <button type=\"button\" class=\"est-it-btn est-it-btn-primary est-it-next\">Seuraava<\/button>\n                        <\/div>\n                    <\/section>\n\n                    <!-- STEP 4 -->\n                    <section class=\"est-it-section\" data-step=\"4\" style=\"display:none\">\n                        <h3 id=\"est-step4-title\">Yksityiskohdat<\/h3>\n\n                        <div id=\"est-days-owned-wrap\" class=\"est-it-field\" style=\"display:none\">\n                                <label>Verovuoden aikana omistettujen p\u00e4ivien lukum\u00e4\u00e4r\u00e4 <span class=\"req\">*<\/span><\/label>\n                                <input type=\"number\" min=\"0\" max=\"366\" name=\"days_owned\" \/>\n                            <\/div>\n\n                        <div id=\"est-step4-rental\" style=\"display:none\">\n    <div class=\"est-it-instructions\" data-instr=\"rental\"><\/div>\n\n    <p class=\"est-it-help\"><strong>Kuinka monta p\u00e4iv\u00e4\u00e4 kiinteist\u00f6nne oli vuokrattuna <span id=\"est_rental_year\"><\/span>?<\/strong><\/p>\n\n    <div class=\"est-it-grid2\">\n        <div class=\"est-it-field\">\n            <label>Vuokrattuina p\u00e4ivin\u00e4 <span class=\"req\">*<\/span><\/label>\n            <input type=\"number\" min=\"0\" max=\"366\" name=\"rented_days\" required \/>\n        <\/div>\n\n        <div class=\"est-it-field\">\n            <label>Vuokratyyppi <span class=\"req\">*<\/span><\/label>\n            <select name=\"rental_type\" required>\n                <option value=\"\">Valitse<\/option>\n                <option value=\"Short term rental\">Lyhytaikainen vuokraus<\/option>\n                <option value=\"Long term rental\">Pitk\u00e4aikainen vuokraus<\/option>\n            <\/select>\n        <\/div>\n\n        <div class=\"est-it-field\">\n            <label>Vuokratulot (\u20ac) <span class=\"req\">*<\/span><\/label>\n            <input type=\"number\" step=\"0.01\" min=\"0\" name=\"rental_income\" required \/>\n            <div class=\"est-it-help\">Kirjoita vuoden aikana saamiesi vuokratulojen kokonaism\u00e4\u00e4r\u00e4.<\/div>\n        <\/div>\n    <\/div>\n\n    <h4 style=\"margin-top:18px;\">Vuokrakustannukset<\/h4>\n    <div class=\"est-it-muted\">Alla on luettelo kuluista, jotka Espanjan veroviranomaisten mukaan voivat olla v\u00e4hennyskelpoisia. Kirjoita vain niiden kulujen m\u00e4\u00e4r\u00e4t, jotka sinulla on. Jos jokin luokka ei koske sinua, j\u00e4t\u00e4 se tyhj\u00e4ksi.<\/div>\n\n    <div class=\"est-it-grid2\" style=\"margin-top:10px;\">\n        <div class=\"est-it-field\">\n            <label>Paikalliset verot (\u20ac)<\/label>\n            <input type=\"number\" step=\"0.01\" min=\"0\" name=\"cost_local_taxes\" \/>\n            <div class=\"est-it-help\">Paikallisveroja ovat IBI-vero ja j\u00e4tehuoltomaksut. Jos kyseess\u00e4 on pitk\u00e4aikainen vuokraus, lis\u00e4\u00e4 vuoden IBI-kustannukset.<\/div>\n        <\/div>\n\n        <div class=\"est-it-field\">\n            <label>Yhteis\u00f6n maksut (\u20ac)<\/label>\n            <input type=\"number\" step=\"0.01\" min=\"0\" name=\"cost_community_fees\" \/>\n            <div class=\"est-it-help\">Jos kyseess\u00e4 on pitk\u00e4aikainen vuokraus, lis\u00e4\u00e4 vuoden kokonaiskustannukset. Jos kyseess\u00e4 on lyhytaikainen vuokraus, laske vuokrattu aika.<\/div>\n        <\/div>\n\n        <div class=\"est-it-field\">\n            <label>Yleishy\u00f6dylliset palvelut (\u20ac)<\/label>\n            <input type=\"number\" step=\"0.01\" min=\"0\" name=\"cost_utilities\" \/>\n            <div class=\"est-it-help\">Vesi-, s\u00e4hk\u00f6-, internet- ja h\u00e4lytyskulut jne... Jos kyseess\u00e4 on lyhytaikainen vuokraus, laske vuokrattu aika.<\/div>\n        <\/div>\n\n        <div class=\"est-it-field\">\n            <label>Asuntolainan korko (\u20ac)<\/label>\n            <input type=\"number\" step=\"0.01\" min=\"0\" name=\"cost_mortgage_interest\" \/>\n            <div class=\"est-it-help\">Jos kyseess\u00e4 on lyhytaikainen vuokraus, laske vuokrattu aika. Jos kyseess\u00e4 on pitk\u00e4aikainen vuokraus, kirjoita vuoden kokonaiskustannukset.<\/div>\n        <\/div>\n\n        <div class=\"est-it-field\">\n            <label>Kiinteist\u00f6nhoitomaksut (\u20ac)<\/label>\n            <input type=\"number\" step=\"0.01\" min=\"0\" name=\"cost_property_management\" \/>\n            <div class=\"est-it-help\">Vuokrauksen hallinnoinnista, siivouksesta, mainonnasta, Internet-portaaleista kuten VRBO, Booking ja Airbnb jne. aiheutuvat kustannukset.<\/div>\n        <\/div>\n\n        <div class=\"est-it-field\">\n            <label>Huolto- ja korjauskustannukset (\u20ac)<\/label>\n            <input type=\"number\" step=\"0.01\" min=\"0\" name=\"cost_maintenance_repair\" \/>\n            <div class=\"est-it-help\">Korjaus-, maalaus- ja muut huoltoty\u00f6t.<\/div>\n        <\/div>\n\n        <div class=\"est-it-field\">\n            <label>Kotivakuutus (\u20ac)<\/label>\n            <input type=\"number\" step=\"0.01\" min=\"0\" name=\"cost_home_insurance\" \/>\n            <div class=\"est-it-help\">Jos kyseess\u00e4 on lyhytaikainen vuokraus, laske vakuutuskustannukset vuokra-ajalta. Jos kyseess\u00e4 on pitk\u00e4aikainen vuokraus, kirjoita vuoden kokonaiskustannukset.<\/div>\n        <\/div>\n\n        <div class=\"est-it-field\">\n            <label>Muut kulut (\u20ac)<\/label>\n            <input type=\"number\" step=\"0.01\" min=\"0\" name=\"cost_other_expenses\" \/>\n            <div class=\"est-it-help\">Kaikki v\u00e4hemm\u00e4n vuokraukseen liittyv\u00e4.<\/div>\n        <\/div>\n\n        <div class=\"est-it-field\">\n            <label>Huonekalut ja kodinkoneet (\u20ac)<\/label>\n            <input type=\"number\" step=\"0.01\" min=\"0\" name=\"cost_furniture_appliances\" \/>\n            <div class=\"est-it-help\">Voit v\u00e4hent\u00e4\u00e4 10% vuodessa kalusteiden ja laitteiden kokonaiskustannuksista.<\/div>\n        <\/div>\n\n        <div class=\"est-it-field\">\n            <label>Haluatko laskea v\u00e4hennett\u00e4v\u00e4t poistokustannukset? <span class=\"req\">*<\/span><\/label>\n            <select name=\"want_depreciation\" id=\"est_want_depreciation\" required>\n                <option value=\"\">Valitse<\/option>\n                <option value=\"Yes\">Kyll\u00e4<\/option>\n                <option value=\"No\">Ei<\/option>\n            <\/select>\n        <\/div>\n    <\/div>\n\n    <div id=\"est-depr-section\" style=\"display:none; margin-top:18px;\">\n        <h4>Poistot<\/h4>\n        <div class=\"est-it-muted\">Voit v\u00e4hent\u00e4\u00e4 omaisuuden poistot. T\u00e4m\u00e4 lasketaan 3% vuodessa ostohinnan tai kiinteist\u00f6rekisterin mukaisen arvon v\u00e4lisest\u00e4 korkeammasta arvosta, lukuun ottamatta maan arvoa.<\/div>\n\n        <div class=\"est-it-grid2\" style=\"margin-top:10px;\">\n            <div class=\"est-it-field\">\n                <label>Rakennuskatasterin arvo (\u20ac) <span class=\"req\">*<\/span><\/label>\n                <input type=\"number\" step=\"0.01\" min=\"0\" name=\"dep_construction_cadastral_value\" \/>\n                <div class=\"est-it-help\">Rakennusrekisterin arvo on ainoastaan rakennuksen arvo, ei kuitenkaan maa-alueen arvo. Sit\u00e4 k\u00e4ytet\u00e4\u00e4n verolaskelmissa, ja se l\u00f6ytyy IBI-verolaskusta.<\/div>\n            <\/div>\n\n            <div class=\"est-it-field\">\n                <label>Hankinnan arvo (\u20ac) <span class=\"req\">*<\/span><\/label>\n                <input type=\"number\" step=\"0.01\" min=\"0\" name=\"dep_acquisition_value\" \/>\n                <div class=\"est-it-help\">Hankinta-arvo on kiinteist\u00f6si ostamisesta aiheutuneet kokonaiskustannukset, mukaan lukien ostohinta ja ostokustannukset. Sit\u00e4 k\u00e4ytet\u00e4\u00e4n verolaskelmissa.<\/div>\n            <\/div>\n        <\/div>\n    <\/div>\n<\/div>\n\n<div id=\"est-step4-decl\" style=\"display:none\">\n                            <p>T\u00e4ss\u00e4 paketissa k\u00e4ytet\u00e4\u00e4n yksinkertaisempaa muotoa (ei owners\/property).<\/p>\n                            <div class=\"est-it-grid2\">\n                                <div class=\"est-it-field\">\n                                    <label>Etunimi <span class=\"req\">*<\/span><\/label>\n                                    <input type=\"text\" name=\"decl_first_name\" required \/>\n                                <\/div>\n                                <div class=\"est-it-field\">\n                                    <label>Sukunimi <span class=\"req\">*<\/span><\/label>\n                                    <input type=\"text\" name=\"decl_last_name\" required \/>\n                                <\/div>\n                                <div class=\"est-it-field\">\n                                    <label>Kotimaan osoite <span class=\"req\">*<\/span><\/label>\n                                    <input type=\"text\" name=\"decl_address\" required \/>\n                                <\/div>\n                                <div class=\"est-it-field\">\n                                    <label>Postinumero <span class=\"req\">*<\/span><\/label>\n                                    <input type=\"text\" name=\"decl_postal_code\" required \/>\n                                <\/div>\n                                <div class=\"est-it-field\">\n                                    <label>Kaupunki <span class=\"req\">*<\/span><\/label>\n                                    <input type=\"text\" name=\"decl_city\" required \/>\n                                <\/div>\n                                <div class=\"est-it-field\">\n                                    <label>Maa <span class=\"req\">*<\/span><\/label>\n                                    <input type=\"text\" name=\"decl_country\" required \/>\n                                <\/div>\n                                <div class=\"est-it-field\">\n                                    <label>Verotunniste (NIE \/ passi \/ verotunniste) <span class=\"req\">*<\/span><\/label>\n                                    <input type=\"text\" name=\"decl_tax_id\" required \/>\n                                <\/div>\n                            <\/div>\n                        <\/div>\n\n                        <div class=\"est-it-actions\">\n                            <button type=\"button\" class=\"est-it-btn est-it-btn-ghost est-it-prev\">Takaisin<\/button>\n                            <button type=\"button\" class=\"est-it-btn est-it-btn-primary est-it-next\">Seuraava<\/button>\n                        <\/div>\n                    <\/section>\n\n                    <!-- STEP 5 -->\n<section class=\"est-it-section\" data-step=\"5\" style=\"display:none\">\n    <h3>Arvioitu laskelma<\/h3>\n                        <div class=\"est-it-instructions\" data-instr=\"estimate\"><\/div>\n    <p class=\"est-it-muted\">T\u00e4m\u00e4 on arvioitu laskelma, joka perustuu sy\u00f6tteisiisi.<\/p>\n\n    <div id=\"est-calc-missing\" class=\"est-it-info\" style=\"display:none\">\n        Emme voi laskea maksettavaa veroa, koska kiinteist\u00f6tieto puuttuu.\n    <\/div>\n\n    <div id=\"est-calc-results\" style=\"display:none\">\n        <div class=\"est-it-calcbox\">\n            <div><strong>Veropohja:<\/strong> <span id=\"est_calc_base\">\u2014<\/span><\/div>\n            <div><strong>Verokanta:<\/strong> <span id=\"est_calc_rate\">\u2014<\/span><\/div>\n            <div><strong>Maksettava vero yhteens\u00e4 (\u20ac):<\/strong> <span id=\"est_calc_total\">\u2014<\/span><\/div>\n        <\/div>\n\n        <div id=\"est-calc-extra\" class=\"est-it-calcbox\" style=\"margin-top:12px; display:none;\">\n            <div><strong>Vuokratulot (\u20ac):<\/strong> <span id=\"est_calc_r_income\">\u2014<\/span><\/div>\n            <div><strong>V\u00e4hennyskelpoiset kustannukset yhteens\u00e4 (\u20ac):<\/strong> <span id=\"est_calc_r_costs\">\u2014<\/span><\/div>\n            <div><strong>Poistot (\u20ac):<\/strong> <span id=\"est_calc_r_depr\">\u2014<\/span><\/div>\n            <div><strong>Veronalaiset vuokratulot (\u20ac):<\/strong> <span id=\"est_calc_r_taxable\">\u2014<\/span><\/div>\n        <\/div>\n\n        <h4 style=\"margin-top:16px;\">Omistajakohtainen vero<\/h4>\n        <div class=\"est-it-tablewrap\">\n            <table class=\"est-it-table\" id=\"est_calc_per_owner\">\n                <thead>\n                    <tr>\n                        <th>Omistaja<\/th>\n                        <th>Asuinmaa<\/th>\n                        <th>Omistus %<\/th>\n                        <th>Verokanta<\/th>\n                        <th>Maksettava vero (\u20ac)<\/th>\n                    <\/tr>\n                <\/thead>\n                <tbody><\/tbody>\n            <\/table>\n        <\/div>\n\n        <h4 style=\"margin-top:16px;\">Veron maksutapa<\/h4>\n        <div class=\"est-it-muted\">Select how you prefer to pay the tax.<\/div>\n        <div class=\"est-it-grid2\" style=\"margin-top:10px;\">\n            <div class=\"est-it-field\">\n                <label><input type=\"radio\" name=\"tax_payment_alternative\" value=\"Direct Debit\" required> Suoraveloitus<\/label>\n                <div class=\"est-it-help\">Opastamme sinua suoraveloituksen perustamisessa.<\/div>\n            <\/div>\n            <div class=\"est-it-field\">\n                <label><input type=\"radio\" name=\"tax_payment_alternative\" value=\"Bank Transfer\"> Pankkisiirto<\/label>\n                <div class=\"est-it-help\">N\u00e4yt\u00e4mme pankkitiedot ja ohjeet.<\/div>\n            <\/div>\n            <div class=\"est-it-field\">\n                <label><input type=\"radio\" name=\"tax_payment_alternative\" value=\"Cash Payment\"> K\u00e4teismaksu<\/label>\n                <div class=\"est-it-help\">N\u00e4yt\u00e4mme vaiheet k\u00e4teismaksun suorittamiseksi.<\/div>\n            <\/div>\n        <\/div>\n    <\/div>\n\n    <div class=\"est-it-actions\">\n        <button type=\"button\" class=\"est-it-btn est-it-btn-ghost est-it-prev\">Takaisin<\/button>\n        <button type=\"button\" class=\"est-it-btn est-it-btn-primary est-it-next\">Siirry maksuun<\/button>\n    <\/div>\n<\/section>\n\n<!-- STEP 6 -->\n\n\n                    <section class=\"est-it-section\" data-step=\"6\" style=\"display:none\">\n                        <h3>Maksaminen &amp; tili<\/h3>\n\n                        <div class=\"est-it-summary\">\n                            <div><strong>Palvelumaksu:<\/strong> <span id=\"est_service_label\"><\/span><\/div>\n                            <div><strong>Hinta:<\/strong> \u20ac<span id=\"est_service_price\"><\/span><\/div>\n                        <\/div>\n\n                        <div class=\"est-it-actions\">\n                            <button type=\"button\" class=\"est-it-btn est-it-btn-ghost est-it-prev\">Takaisin<\/button>\n                            <button type=\"submit\" class=\"est-it-btn est-it-btn-primary\">Maksa ja l\u00e4het\u00e4<\/button>\n                        <\/div>\n                    <\/section>\n\n                <input type=\"hidden\" name=\"trp-form-language\" value=\"fi\"\/><\/form>\n            <\/div>\n        <\/div>\n        <\/div>\n\t\t\t\t\t\t<\/div>\n\t\t\t\t\t<\/div>\n\t\t\t\t<\/div>\n\t\t\t\t<\/div>","protected":false},"excerpt":{"rendered":"","protected":false},"author":1,"featured_media":0,"parent":0,"menu_order":0,"comment_status":"closed","ping_status":"closed","template":"elementor_theme","meta":{"footnotes":""},"class_list":["post-5544","page","type-page","status-publish","hentry"],"aioseo_notices":[],"_links":{"self":[{"href":"https:\/\/www.easyspanishtax.com\/fi\/wp-json\/wp\/v2\/pages\/5544","targetHints":{"allow":["GET"]}}],"collection":[{"href":"https:\/\/www.easyspanishtax.com\/fi\/wp-json\/wp\/v2\/pages"}],"about":[{"href":"https:\/\/www.easyspanishtax.com\/fi\/wp-json\/wp\/v2\/types\/page"}],"author":[{"embeddable":true,"href":"https:\/\/www.easyspanishtax.com\/fi\/wp-json\/wp\/v2\/users\/1"}],"replies":[{"embeddable":true,"href":"https:\/\/www.easyspanishtax.com\/fi\/wp-json\/wp\/v2\/comments?post=5544"}],"version-history":[{"count":119,"href":"https:\/\/www.easyspanishtax.com\/fi\/wp-json\/wp\/v2\/pages\/5544\/revisions"}],"predecessor-version":[{"id":6830,"href":"https:\/\/www.easyspanishtax.com\/fi\/wp-json\/wp\/v2\/pages\/5544\/revisions\/6830"}],"wp:attachment":[{"href":"https:\/\/www.easyspanishtax.com\/fi\/wp-json\/wp\/v2\/media?parent=5544"}],"curies":[{"name":"wp","href":"https:\/\/api.w.org\/{rel}","templated":true}]}}