{"id":5544,"date":"2026-01-23T19:57:37","date_gmt":"2026-01-23T19:57:37","guid":{"rendered":"https:\/\/www.easyspanishtax.com\/?page_id=5544"},"modified":"2026-02-20T21:49:10","modified_gmt":"2026-02-20T21:49:10","slug":"tax-form","status":"publish","type":"page","link":"https:\/\/www.easyspanishtax.com\/de\/tax-form\/","title":{"rendered":"Steuerformulare"},"content":{"rendered":"<div data-elementor-type=\"wp-page\" data-elementor-id=\"5544\" class=\"elementor elementor-5544\" data-elementor-post-type=\"page\">\n\t\t\t\t<div class=\"elementor-element elementor-element-bf0dd7e e-flex e-con-boxed e-con e-parent\" data-id=\"bf0dd7e\" data-element_type=\"container\" data-e-type=\"container\" id=\"formmain\">\n\t\t\t\t\t<div class=\"e-con-inner\">\n\t\t\t\t<div class=\"elementor-element elementor-element-3e9c30f elementor-widget elementor-widget-shortcode\" data-id=\"3e9c30f\" data-element_type=\"widget\" data-e-type=\"widget\" id=\"center-section\" data-widget_type=\"shortcode.default\">\n\t\t\t\t\t\t\t<div class=\"elementor-shortcode\">        <div class=\"est-it-wrap\" data-prefill=\"0\" data-prefill-ok=\"0\" data-package=\"0\" data-owners=\"0\">\n            <div class=\"est-it-card\">\n                <h2 class=\"est-it-title\">Steuerformular<\/h2>\n\n                <div class=\"est-it-stepper\">\n                    <div class=\"est-it-step\" data-step=\"0\"><span>1<\/span> Paket<\/div>\n                    <div class=\"est-it-step\" data-step=\"1\"><span>2<\/span> Grundlegend<\/div>\n                    <div class=\"est-it-step\" data-step=\"2\"><span>3<\/span> <span class=\"est-it-step-label-2\">Eigent\u00fcmer<\/span><\/div>\n                    <div class=\"est-it-step\" data-step=\"3\"><span>4<\/span> Eigentum<\/div>\n                    <div class=\"est-it-step\" data-step=\"4\"><span>5<\/span> Einzelheiten<\/div>\n                    <div class=\"est-it-step\" data-step=\"5\"><span>6<\/span> Vorschau<\/div>\n                    <div class=\"est-it-step\" data-step=\"6\"><span>7<\/span> Zahlung<\/div>\n                <\/div>\n\n                <div id=\"est-it-messages\" class=\"est-it-messages\" style=\"display:none\"><\/div>\n\n                <form id=\"est-it-form\" novalidate action=\"\">\n                    <input type=\"hidden\" name=\"submission_id\" id=\"est_submission_id\" value=\"0\" \/>\n\n                    <!-- STEP 0 -->\n                    <section class=\"est-it-section\" data-step=\"0\">\n                        <h3>W\u00e4hlen Sie ein Paket<\/h3>\n                        <div class=\"est-it-grid\" id=\"est-packages\"><\/div>\n                        <div class=\"est-it-actions\">\n                            <button type=\"button\" class=\"est-it-btn est-it-btn-primary est-it-next\">Weiter<\/button>\n                        <\/div>\n                    <\/section>\n\n                    <!-- STEP 1 -->\n                    <section class=\"est-it-section\" data-step=\"1\" style=\"display:none\">\n                        <h3>Steuerjahr &amp; Eigent\u00fcmer<\/h3>\n                        <div class=\"est-it-field\">\n                            <label>Steuerjahr <span class=\"req\">*<\/span><\/label>\n                            <select name=\"tax_year\" id=\"est_tax_year\" required><\/select>\n                        <\/div>\n                        <div class=\"est-it-field\">\n                            <label>Anzahl der Eigent\u00fcmer <span class=\"req\">*<\/span><\/label>\n                            <select name=\"owners_count\" id=\"est_owners_count\" required>\n                                <option value=\"\">W\u00e4hlen Sie<\/option>\n                                <option value=\"1\">1<\/option>\n                                <option value=\"2\">2<\/option>\n                                <option value=\"3\">3<\/option>\n                                <option value=\"4\">4<\/option>\n                            <\/select>\n                        <\/div>\n                        <div class=\"est-it-actions\">\n                            <button type=\"button\" class=\"est-it-btn est-it-btn-ghost est-it-prev\">Zur\u00fcck<\/button>\n                            <button type=\"button\" class=\"est-it-btn est-it-btn-primary est-it-next\">Weiter<\/button>\n                        <\/div>\n                    <\/section>\n\n                    <!-- STEP 2 -->\n<section class=\"est-it-section\" data-step=\"2\" style=\"display:none\">\n    <div id=\"est-step2-owner-block\">\n        <h3>Angaben zum Eigent\u00fcmer<\/h3>\n        <div class=\"est-it-instructions\" data-instr=\"owners\"><\/div>\n\n        <div id=\"est-owners\"><\/div>\n    <\/div>\n\n    <h3 class=\"est-step2-contact-title\" style=\"margin-top:20px;\">Kontaktangaben<\/h3>\n    <div class=\"est-it-instructions\" data-instr=\"contact\"><\/div>\n\n    <div class=\"est-it-grid2\">\n        <div class=\"est-it-field\">\n            <label>E-Mail <span class=\"req\">*<\/span><\/label>\n            <input type=\"email\" name=\"contact_email\" id=\"est_contact_email\" required \/>\n            <div class=\"est-it-muted\">Wir erstellen Ihr Konto automatisch, nachdem Sie auf Weiter geklickt haben. Benutzername = E-Mail. Ein Link zur Einrichtung eines sicheren Passworts wird an Ihre E-Mail gesendet.<\/div>\n        <\/div>\n        <div class=\"est-it-field\">\n            <label>Telefon<\/label>\n            <input type=\"text\" name=\"contact_phone\" id=\"est_contact_phone\" \/>\n        <\/div>\n    <\/div>\n\n    <div class=\"est-it-actions\">\n        <button type=\"button\" class=\"est-it-btn est-it-btn-ghost est-it-prev\">Zur\u00fcck<\/button>\n        <button type=\"button\" class=\"est-it-btn est-it-btn-primary est-it-next\">Weiter<\/button>\n    <\/div>\n<\/section>\n\n<!-- STEP 3 -->\n\n<!-- STEP 3 -->\n                    <section class=\"est-it-section\" data-step=\"3\" style=\"display:none\">\n                        <h3>Details zur Immobilie<\/h3>\n                        <p class=\"est-it-muted\">Details zu Ihrer Immobilie in Spanien.<\/p>\n                        <div class=\"est-it-instructions\" data-instr=\"property\"><\/div>\n                        <div class=\"est-it-grid2\">\n                            <div class=\"est-it-field\">\n                                <label>Art der Immobilie <span class=\"req\">*<\/span><\/label>\n                                <select name=\"property_type\" id=\"est_property_type\" required>\n                                    <option value=\"\">W\u00e4hlen Sie<\/option>\n                                    <option value=\"Apartment\">Wohnung<\/option>\n                                    <option value=\"House\">Haus<\/option>\n                                    <option value=\"Garage\">Garage<\/option>\n                                    <option value=\"Storage\">Lagerung<\/option>\n                                    <option value=\"Plot\">Grundst\u00fccke<\/option>\n                                <\/select>\n                            <\/div>\n                            <div class=\"est-it-field\">\n                                <label>Adresse der Immobilie <span class=\"req\">*<\/span><\/label>\n                                <input type=\"text\" name=\"property_address\" required \/>\n                            <\/div>\n                            <div class=\"est-it-field\">\n                                <label>Postleitzahl <span class=\"req\">*<\/span><\/label>\n                                <input type=\"text\" name=\"property_postal_code\" required \/>\n                            <\/div>\n                            <div class=\"est-it-field\">\n                                <label>Stadt <span class=\"req\">*<\/span><\/label>\n                                <input type=\"text\" name=\"property_city\" required \/>\n                            <\/div>\n                            <div class=\"est-it-field\">\n                                <label>Provinz <span class=\"req\">*<\/span><\/label>\n                                <input type=\"text\" name=\"property_province\" required \/>\n                            <\/div>\n                            <div class=\"est-it-field\">\n                                <label>Katasteramtliche Referenz <span class=\"req\">*<\/span><\/label>\n                                <input type=\"text\" name=\"cadastral_reference\" required \/>\n                                <div class=\"est-it-help\">Die Katasterreferenz und der Katasterwert sind auf Ihrer IBI-Steuerquittung zu finden.<\/div>\n                            <\/div>\n                            <div class=\"est-it-field\">\n                                <label>Katasterwert (\u20ac)<\/label>\n                                <input type=\"number\" step=\"0.01\" min=\"0\" name=\"cadastral_value\" \/>\n                                <div class=\"est-it-help\">Die Katasterreferenz und der Katasterwert sind auf Ihrer IBI-Steuerquittung zu finden.<\/div>\n                            <\/div>\n                            <div class=\"est-it-field\">\n    <label>Immobilienbesitz f\u00fcr ein ganzes Jahr? <span class=\"req\">*<\/span><\/label>\n    <select name=\"owned_full_year\" id=\"est_owned_full_year\" required>\n        <option value=\"\">W\u00e4hlen Sie<\/option>\n        <option value=\"Yes\">Ja<\/option>\n        <option value=\"No\">Nein<\/option>\n    <\/select>\n<\/div>\n\n<div class=\"est-it-field\">\n    <label>Haben Sie diese Immobilie verkauft oder gekauft in <span id=\"est_sold_year\"><\/span>? <span class=\"req\">*<\/span><\/label>\n    <select name=\"sold_or_purchased\" id=\"est_sold_or_purchased\" required>\n        <option value=\"\">W\u00e4hlen Sie<\/option>\n        <option value=\"No\">Nein<\/option>\n        <option value=\"Yes\">Ja<\/option>\n    <\/select>\n<\/div>\n<\/div>\n                        <div class=\"est-it-actions\">\n                            <button type=\"button\" class=\"est-it-btn est-it-btn-ghost est-it-prev\">Zur\u00fcck<\/button>\n                            <button type=\"button\" class=\"est-it-btn est-it-btn-primary est-it-next\">Weiter<\/button>\n                        <\/div>\n                    <\/section>\n\n                    <!-- STEP 4 -->\n                    <section class=\"est-it-section\" data-step=\"4\" style=\"display:none\">\n                        <h3 id=\"est-step4-title\">Einzelheiten<\/h3>\n\n                        <div id=\"est-days-owned-wrap\" class=\"est-it-field\" style=\"display:none\">\n                                <label>Anzahl der Tage im Besitz w\u00e4hrend des Steuerjahres <span class=\"req\">*<\/span><\/label>\n                                <input type=\"number\" min=\"0\" max=\"366\" name=\"days_owned\" \/>\n                            <\/div>\n\n                        <div id=\"est-step4-rental\" style=\"display:none\">\n    <div class=\"est-it-instructions\" data-instr=\"rental\"><\/div>\n\n    <p class=\"est-it-help\"><strong>Wie viele Tage war Ihre Immobilie in den folgenden Zeitr\u00e4umen vermietet <span id=\"est_rental_year\"><\/span>?<\/strong><\/p>\n\n    <div class=\"est-it-grid2\">\n        <div class=\"est-it-field\">\n            <label>Vermietete Tage <span class=\"req\">*<\/span><\/label>\n            <input type=\"number\" min=\"0\" max=\"366\" name=\"rented_days\" required \/>\n        <\/div>\n\n        <div class=\"est-it-field\">\n            <label>Art der Vermietung <span class=\"req\">*<\/span><\/label>\n            <select name=\"rental_type\" required>\n                <option value=\"\">W\u00e4hlen Sie<\/option>\n                <option value=\"Short term rental\">Kurzfristige Vermietung<\/option>\n                <option value=\"Long term rental\">Langfristige Vermietung<\/option>\n            <\/select>\n        <\/div>\n\n        <div class=\"est-it-field\">\n            <label>Mieteinnahmen (\u20ac) <span class=\"req\">*<\/span><\/label>\n            <input type=\"number\" step=\"0.01\" min=\"0\" name=\"rental_income\" required \/>\n            <div class=\"est-it-help\">Geben Sie die gesamten Mieteinnahmen an, die Sie im Laufe des Jahres erzielt haben.<\/div>\n        <\/div>\n    <\/div>\n\n    <h4 style=\"margin-top:18px;\">Mietkosten<\/h4>\n    <div class=\"est-it-muted\">Nachfolgend finden Sie eine Liste der Ausgaben, die nach Ansicht der spanischen Steuerbeh\u00f6rden abzugsf\u00e4hig sind. Bitte tragen Sie nur die Betr\u00e4ge f\u00fcr die Ausgaben ein, die Sie haben. Wenn eine Kategorie nicht auf Sie zutrifft, lassen Sie sie einfach leer.<\/div>\n\n    <div class=\"est-it-grid2\" style=\"margin-top:10px;\">\n        <div class=\"est-it-field\">\n            <label>Lokale Steuern (\u20ac)<\/label>\n            <input type=\"number\" step=\"0.01\" min=\"0\" name=\"cost_local_taxes\" \/>\n            <div class=\"est-it-help\">Die lokalen Steuern sind die IBI und die M\u00fcllabfuhrgeb\u00fchren. Bei Langzeitvermietung addieren Sie die gesamten IBI-Kosten f\u00fcr das Jahr.<\/div>\n        <\/div>\n\n        <div class=\"est-it-field\">\n            <label>Gemeinschaftsgeb\u00fchren (\u20ac)<\/label>\n            <input type=\"number\" step=\"0.01\" min=\"0\" name=\"cost_community_fees\" \/>\n            <div class=\"est-it-help\">Bei langfristiger Anmietung addieren Sie die Gesamtkosten f\u00fcr das Jahr. Bei Kurzzeitmiete berechnen Sie die Kosten f\u00fcr die gemietete Zeit.<\/div>\n        <\/div>\n\n        <div class=\"est-it-field\">\n            <label>Versorgungsunternehmen (\u20ac)<\/label>\n            <input type=\"number\" step=\"0.01\" min=\"0\" name=\"cost_utilities\" \/>\n            <div class=\"est-it-help\">Kosten f\u00fcr Wasser, Strom, Internet, Alarmanlage usw.. Bei Kurzzeitvermietung f\u00fcr die gemietete Zeit berechnen.<\/div>\n        <\/div>\n\n        <div class=\"est-it-field\">\n            <label>Hypothekenzinsen (\u20ac)<\/label>\n            <input type=\"number\" step=\"0.01\" min=\"0\" name=\"cost_mortgage_interest\" \/>\n            <div class=\"est-it-help\">Bei kurzfristiger Anmietung berechnen Sie die Kosten f\u00fcr die gemietete Zeit. Bei langfristiger Anmietung geben Sie die Gesamtkosten f\u00fcr das Jahr ein.<\/div>\n        <\/div>\n\n        <div class=\"est-it-field\">\n            <label>Geb\u00fchren f\u00fcr die Hausverwaltung (\u20ac)<\/label>\n            <input type=\"number\" step=\"0.01\" min=\"0\" name=\"cost_property_management\" \/>\n            <div class=\"est-it-help\">Kosten f\u00fcr Mietverwaltung, Reinigung, Werbung, Internetportale wie VRBO, Booking und Airbnb etc.<\/div>\n        <\/div>\n\n        <div class=\"est-it-field\">\n            <label>Wartungs- und Reparaturkosten (\u20ac)<\/label>\n            <input type=\"number\" step=\"0.01\" min=\"0\" name=\"cost_maintenance_repair\" \/>\n            <div class=\"est-it-help\">Reparaturarbeiten, Malerarbeiten und andere Wartungsarbeiten.<\/div>\n        <\/div>\n\n        <div class=\"est-it-field\">\n            <label>Hausratversicherung (\u20ac)<\/label>\n            <input type=\"number\" step=\"0.01\" min=\"0\" name=\"cost_home_insurance\" \/>\n            <div class=\"est-it-help\">Bei kurzfristiger Vermietung berechnen Sie die Versicherungskosten f\u00fcr die gemietete Zeit. Bei langfristiger Anmietung geben Sie die Gesamtkosten f\u00fcr das Jahr ein.<\/div>\n        <\/div>\n\n        <div class=\"est-it-field\">\n            <label>Sonstige Ausgaben (\u20ac)<\/label>\n            <input type=\"number\" step=\"0.01\" min=\"0\" name=\"cost_other_expenses\" \/>\n            <div class=\"est-it-help\">Alles, was weniger mit Vermietung zu tun hat.<\/div>\n        <\/div>\n\n        <div class=\"est-it-field\">\n            <label>M\u00f6bel und Haushaltsger\u00e4te (\u20ac)<\/label>\n            <input type=\"number\" step=\"0.01\" min=\"0\" name=\"cost_furniture_appliances\" \/>\n            <div class=\"est-it-help\">Sie k\u00f6nnen j\u00e4hrlich 10% der Gesamtkosten f\u00fcr M\u00f6bel und Ger\u00e4te absetzen.<\/div>\n        <\/div>\n\n        <div class=\"est-it-field\">\n            <label>M\u00f6chten Sie die Abschreibungskosten berechnen, die Sie absetzen k\u00f6nnen? <span class=\"req\">*<\/span><\/label>\n            <select name=\"want_depreciation\" id=\"est_want_depreciation\" required>\n                <option value=\"\">W\u00e4hlen Sie<\/option>\n                <option value=\"Yes\">Ja<\/option>\n                <option value=\"No\">Nein<\/option>\n            <\/select>\n        <\/div>\n    <\/div>\n\n    <div id=\"est-depr-section\" style=\"display:none; margin-top:18px;\">\n        <h4>Abschreibung<\/h4>\n        <div class=\"est-it-muted\">Sie k\u00f6nnen die Abschreibung von Immobilien absetzen. Diese wird berechnet als 3% pro Jahr des h\u00f6heren Wertes zwischen dem Kaufpreis oder dem Katasterwert, ohne den Wert des Grundst\u00fccks.<\/div>\n\n        <div class=\"est-it-grid2\" style=\"margin-top:10px;\">\n            <div class=\"est-it-field\">\n                <label>Baukatasterwert (\u20ac) <span class=\"req\">*<\/span><\/label>\n                <input type=\"number\" step=\"0.01\" min=\"0\" name=\"dep_construction_cadastral_value\" \/>\n                <div class=\"est-it-help\">Der Katasterwert ist nur der Wert des Geb\u00e4udes, nicht aber des Grundst\u00fccks. Er wird f\u00fcr die Steuerberechnung verwendet und ist auf Ihrer IBI-Steuerrechnung zu finden.<\/div>\n            <\/div>\n\n            <div class=\"est-it-field\">\n                <label>Anschaffungswert (\u20ac) <span class=\"req\">*<\/span><\/label>\n                <input type=\"number\" step=\"0.01\" min=\"0\" name=\"dep_acquisition_value\" \/>\n                <div class=\"est-it-help\">Der Anschaffungswert ist der Gesamtbetrag der Kosten f\u00fcr den Erwerb Ihrer Immobilie, einschlie\u00dflich des Kaufpreises und der Erwerbskosten. Er wird f\u00fcr die Steuerberechnung verwendet.<\/div>\n            <\/div>\n        <\/div>\n    <\/div>\n<\/div>\n\n<div id=\"est-step4-decl\" style=\"display:none\">\n                            <p>Dieses Paket verwendet eine einfachere Form (keine Eigent\u00fcmer\/Eigentum).<\/p>\n                            <div class=\"est-it-grid2\">\n                                <div class=\"est-it-field\">\n                                    <label>Vornamen <span class=\"req\">*<\/span><\/label>\n                                    <input type=\"text\" name=\"decl_first_name\" required \/>\n                                <\/div>\n                                <div class=\"est-it-field\">\n                                    <label>Nachname <span class=\"req\">*<\/span><\/label>\n                                    <input type=\"text\" name=\"decl_last_name\" required \/>\n                                <\/div>\n                                <div class=\"est-it-field\">\n                                    <label>Adresse im Heimatland <span class=\"req\">*<\/span><\/label>\n                                    <input type=\"text\" name=\"decl_address\" required \/>\n                                <\/div>\n                                <div class=\"est-it-field\">\n                                    <label>Postleitzahl <span class=\"req\">*<\/span><\/label>\n                                    <input type=\"text\" name=\"decl_postal_code\" required \/>\n                                <\/div>\n                                <div class=\"est-it-field\">\n                                    <label>Stadt <span class=\"req\">*<\/span><\/label>\n                                    <input type=\"text\" name=\"decl_city\" required \/>\n                                <\/div>\n                                <div class=\"est-it-field\">\n                                    <label>Land <span class=\"req\">*<\/span><\/label>\n                                    <input type=\"text\" name=\"decl_country\" required \/>\n                                <\/div>\n                                <div class=\"est-it-field\">\n                                    <label>Steueridentifikationsnummer (NIE \/ Reisepass \/ Steuer-ID) <span class=\"req\">*<\/span><\/label>\n                                    <input type=\"text\" name=\"decl_tax_id\" required \/>\n                                <\/div>\n                            <\/div>\n                        <\/div>\n\n                        <div class=\"est-it-actions\">\n                            <button type=\"button\" class=\"est-it-btn est-it-btn-ghost est-it-prev\">Zur\u00fcck<\/button>\n                            <button type=\"button\" class=\"est-it-btn est-it-btn-primary est-it-next\">Weiter<\/button>\n                        <\/div>\n                    <\/section>\n\n                    <!-- STEP 5 -->\n<section class=\"est-it-section\" data-step=\"5\" style=\"display:none\">\n    <h3>Gesch\u00e4tzte Berechnung<\/h3>\n                        <div class=\"est-it-instructions\" data-instr=\"estimate\"><\/div>\n    <p class=\"est-it-muted\">Dies ist eine gesch\u00e4tzte Berechnung auf der Grundlage Ihrer Eingaben.<\/p>\n\n    <div id=\"est-calc-missing\" class=\"est-it-info\" style=\"display:none\">\n        Wir k\u00f6nnen die f\u00e4llige Steuer nicht berechnen, weil der Katasterwert fehlt.\n    <\/div>\n\n    <div id=\"est-calc-results\" style=\"display:none\">\n        <div class=\"est-it-calcbox\">\n            <div><strong>Bemessungsgrundlage:<\/strong> <span id=\"est_calc_base\">\u2014<\/span><\/div>\n            <div><strong>Steuersatz:<\/strong> <span id=\"est_calc_rate\">\u2014<\/span><\/div>\n            <div><strong>F\u00e4llige Gesamtsteuer (\u20ac):<\/strong> <span id=\"est_calc_total\">\u2014<\/span><\/div>\n        <\/div>\n\n        <div id=\"est-calc-extra\" class=\"est-it-calcbox\" style=\"margin-top:12px; display:none;\">\n            <div><strong>Mieteinnahmen (\u20ac):<\/strong> <span id=\"est_calc_r_income\">\u2014<\/span><\/div>\n            <div><strong>Abzugsf\u00e4hige Kosten insgesamt (\u20ac):<\/strong> <span id=\"est_calc_r_costs\">\u2014<\/span><\/div>\n            <div><strong>Abschreibung (\u20ac):<\/strong> <span id=\"est_calc_r_depr\">\u2014<\/span><\/div>\n            <div><strong>Steuerpflichtige Mieteinnahmen (\u20ac):<\/strong> <span id=\"est_calc_r_taxable\">\u2014<\/span><\/div>\n        <\/div>\n\n        <h4 style=\"margin-top:16px;\">Steuer pro Eigent\u00fcmer<\/h4>\n        <div class=\"est-it-tablewrap\">\n            <table class=\"est-it-table\" id=\"est_calc_per_owner\">\n                <thead>\n                    <tr>\n                        <th>Eigent\u00fcmer<\/th>\n                        <th>Wohnsitzland<\/th>\n                        <th>Eigentumsverh\u00e4ltnisse %<\/th>\n                        <th>Steuersatz<\/th>\n                        <th>F\u00e4llige Steuer (\u20ac)<\/th>\n                    <\/tr>\n                <\/thead>\n                <tbody><\/tbody>\n            <\/table>\n        <\/div>\n\n        <h4 style=\"margin-top:16px;\">Zahlungsweise der Steuer<\/h4>\n        <div class=\"est-it-muted\">Select how you prefer to pay the tax.<\/div>\n        <div class=\"est-it-grid2\" style=\"margin-top:10px;\">\n            <div class=\"est-it-field\">\n                <label><input type=\"radio\" name=\"tax_payment_alternative\" value=\"Direct Debit\" required> Lastschriftverfahren<\/label>\n                <div class=\"est-it-help\">Wir werden Sie bei der Einrichtung des Lastschriftverfahrens unterst\u00fctzen.<\/div>\n            <\/div>\n            <div class=\"est-it-field\">\n                <label><input type=\"radio\" name=\"tax_payment_alternative\" value=\"Bank Transfer\"> Bank\u00fcberweisung<\/label>\n                <div class=\"est-it-help\">Wir werden Ihnen die Bankverbindung und die Anweisungen mitteilen.<\/div>\n            <\/div>\n            <div class=\"est-it-field\">\n                <label><input type=\"radio\" name=\"tax_payment_alternative\" value=\"Cash Payment\"> Barzahlung<\/label>\n                <div class=\"est-it-help\">Wir zeigen Ihnen, wie Sie in bar bezahlen k\u00f6nnen.<\/div>\n            <\/div>\n        <\/div>\n    <\/div>\n\n    <div class=\"est-it-actions\">\n        <button type=\"button\" class=\"est-it-btn est-it-btn-ghost est-it-prev\">Zur\u00fcck<\/button>\n        <button type=\"button\" class=\"est-it-btn est-it-btn-primary est-it-next\">Weiter zur Zahlung<\/button>\n    <\/div>\n<\/section>\n\n<!-- STEP 6 -->\n\n\n                    <section class=\"est-it-section\" data-step=\"6\" style=\"display:none\">\n                        <h3>Bezahlung &amp; Konto<\/h3>\n\n                        <div class=\"est-it-summary\">\n                            <div><strong>Geb\u00fchr f\u00fcr Dienstleistungen:<\/strong> <span id=\"est_service_label\"><\/span><\/div>\n                            <div><strong>Preis:<\/strong> \u20ac<span id=\"est_service_price\"><\/span><\/div>\n                        <\/div>\n\n                        <div class=\"est-it-actions\">\n                            <button type=\"button\" class=\"est-it-btn est-it-btn-ghost est-it-prev\">Zur\u00fcck<\/button>\n                            <button type=\"submit\" class=\"est-it-btn est-it-btn-primary\">Bezahlen &amp; Einreichen<\/button>\n                        <\/div>\n                    <\/section>\n\n                <input type=\"hidden\" name=\"trp-form-language\" value=\"de\"\/><\/form>\n            <\/div>\n        <\/div>\n        <\/div>\n\t\t\t\t\t\t<\/div>\n\t\t\t\t\t<\/div>\n\t\t\t\t<\/div>\n\t\t\t\t<\/div>","protected":false},"excerpt":{"rendered":"","protected":false},"author":1,"featured_media":0,"parent":0,"menu_order":0,"comment_status":"closed","ping_status":"closed","template":"elementor_theme","meta":{"footnotes":""},"class_list":["post-5544","page","type-page","status-publish","hentry"],"aioseo_notices":[],"_links":{"self":[{"href":"https:\/\/www.easyspanishtax.com\/de\/wp-json\/wp\/v2\/pages\/5544","targetHints":{"allow":["GET"]}}],"collection":[{"href":"https:\/\/www.easyspanishtax.com\/de\/wp-json\/wp\/v2\/pages"}],"about":[{"href":"https:\/\/www.easyspanishtax.com\/de\/wp-json\/wp\/v2\/types\/page"}],"author":[{"embeddable":true,"href":"https:\/\/www.easyspanishtax.com\/de\/wp-json\/wp\/v2\/users\/1"}],"replies":[{"embeddable":true,"href":"https:\/\/www.easyspanishtax.com\/de\/wp-json\/wp\/v2\/comments?post=5544"}],"version-history":[{"count":119,"href":"https:\/\/www.easyspanishtax.com\/de\/wp-json\/wp\/v2\/pages\/5544\/revisions"}],"predecessor-version":[{"id":6830,"href":"https:\/\/www.easyspanishtax.com\/de\/wp-json\/wp\/v2\/pages\/5544\/revisions\/6830"}],"wp:attachment":[{"href":"https:\/\/www.easyspanishtax.com\/de\/wp-json\/wp\/v2\/media?parent=5544"}],"curies":[{"name":"wp","href":"https:\/\/api.w.org\/{rel}","templated":true}]}}