{"id":5544,"date":"2026-01-23T19:57:37","date_gmt":"2026-01-23T19:57:37","guid":{"rendered":"https:\/\/www.easyspanishtax.com\/?page_id=5544"},"modified":"2026-02-20T21:49:10","modified_gmt":"2026-02-20T21:49:10","slug":"tax-form","status":"publish","type":"page","link":"https:\/\/www.easyspanishtax.com\/da\/tax-form\/","title":{"rendered":"Skatteformularer"},"content":{"rendered":"<div data-elementor-type=\"wp-page\" data-elementor-id=\"5544\" class=\"elementor elementor-5544\" data-elementor-post-type=\"page\">\n\t\t\t\t<div class=\"elementor-element elementor-element-bf0dd7e e-flex e-con-boxed e-con e-parent\" data-id=\"bf0dd7e\" data-element_type=\"container\" data-e-type=\"container\" id=\"formmain\">\n\t\t\t\t\t<div class=\"e-con-inner\">\n\t\t\t\t<div class=\"elementor-element elementor-element-3e9c30f elementor-widget elementor-widget-shortcode\" data-id=\"3e9c30f\" data-element_type=\"widget\" data-e-type=\"widget\" id=\"center-section\" data-widget_type=\"shortcode.default\">\n\t\t\t\t\t\t\t<div class=\"elementor-shortcode\">        <div class=\"est-it-wrap\" data-prefill=\"0\" data-prefill-ok=\"0\" data-package=\"0\" data-owners=\"0\">\n            <div class=\"est-it-card\">\n                <h2 class=\"est-it-title\">Skatteformular<\/h2>\n\n                <div class=\"est-it-stepper\">\n                    <div class=\"est-it-step\" data-step=\"0\"><span>1<\/span> Pakke<\/div>\n                    <div class=\"est-it-step\" data-step=\"1\"><span>2<\/span> Grundl\u00e6ggende<\/div>\n                    <div class=\"est-it-step\" data-step=\"2\"><span>3<\/span> <span class=\"est-it-step-label-2\">Ejere<\/span><\/div>\n                    <div class=\"est-it-step\" data-step=\"3\"><span>4<\/span> Ejendom<\/div>\n                    <div class=\"est-it-step\" data-step=\"4\"><span>5<\/span> Detaljer<\/div>\n                    <div class=\"est-it-step\" data-step=\"5\"><span>6<\/span> Forh\u00e5ndsvisning<\/div>\n                    <div class=\"est-it-step\" data-step=\"6\"><span>7<\/span> Betaling<\/div>\n                <\/div>\n\n                <div id=\"est-it-messages\" class=\"est-it-messages\" style=\"display:none\"><\/div>\n\n                <form id=\"est-it-form\" novalidate action=\"\">\n                    <input type=\"hidden\" name=\"submission_id\" id=\"est_submission_id\" value=\"0\" \/>\n\n                    <!-- STEP 0 -->\n                    <section class=\"est-it-section\" data-step=\"0\">\n                        <h3>V\u00e6lg en pakke<\/h3>\n                        <div class=\"est-it-grid\" id=\"est-packages\"><\/div>\n                        <div class=\"est-it-actions\">\n                            <button type=\"button\" class=\"est-it-btn est-it-btn-primary est-it-next\">N\u00e6ste<\/button>\n                        <\/div>\n                    <\/section>\n\n                    <!-- STEP 1 -->\n                    <section class=\"est-it-section\" data-step=\"1\" style=\"display:none\">\n                        <h3>Skatte\u00e5r og ejere<\/h3>\n                        <div class=\"est-it-field\">\n                            <label>Skatte\u00e5r <span class=\"req\">*<\/span><\/label>\n                            <select name=\"tax_year\" id=\"est_tax_year\" required><\/select>\n                        <\/div>\n                        <div class=\"est-it-field\">\n                            <label>Antal ejere <span class=\"req\">*<\/span><\/label>\n                            <select name=\"owners_count\" id=\"est_owners_count\" required>\n                                <option value=\"\">V\u00e6lg<\/option>\n                                <option value=\"1\">1<\/option>\n                                <option value=\"2\">2<\/option>\n                                <option value=\"3\">3<\/option>\n                                <option value=\"4\">4<\/option>\n                            <\/select>\n                        <\/div>\n                        <div class=\"est-it-actions\">\n                            <button type=\"button\" class=\"est-it-btn est-it-btn-ghost est-it-prev\">Tilbage<\/button>\n                            <button type=\"button\" class=\"est-it-btn est-it-btn-primary est-it-next\">N\u00e6ste<\/button>\n                        <\/div>\n                    <\/section>\n\n                    <!-- STEP 2 -->\n<section class=\"est-it-section\" data-step=\"2\" style=\"display:none\">\n    <div id=\"est-step2-owner-block\">\n        <h3>Detaljer om ejeren<\/h3>\n        <div class=\"est-it-instructions\" data-instr=\"owners\"><\/div>\n\n        <div id=\"est-owners\"><\/div>\n    <\/div>\n\n    <h3 class=\"est-step2-contact-title\" style=\"margin-top:20px;\">Kontaktoplysninger<\/h3>\n    <div class=\"est-it-instructions\" data-instr=\"contact\"><\/div>\n\n    <div class=\"est-it-grid2\">\n        <div class=\"est-it-field\">\n            <label>E-mail <span class=\"req\">*<\/span><\/label>\n            <input type=\"email\" name=\"contact_email\" id=\"est_contact_email\" required \/>\n            <div class=\"est-it-muted\">Vi opretter automatisk din konto, n\u00e5r du klikker p\u00e5 N\u00e6ste. Brugernavn = e-mail. Et link til ops\u00e6tning af en sikker adgangskode sendes til din e-mail.<\/div>\n        <\/div>\n        <div class=\"est-it-field\">\n            <label>Telefon<\/label>\n            <input type=\"text\" name=\"contact_phone\" id=\"est_contact_phone\" \/>\n        <\/div>\n    <\/div>\n\n    <div class=\"est-it-actions\">\n        <button type=\"button\" class=\"est-it-btn est-it-btn-ghost est-it-prev\">Tilbage<\/button>\n        <button type=\"button\" class=\"est-it-btn est-it-btn-primary est-it-next\">N\u00e6ste<\/button>\n    <\/div>\n<\/section>\n\n<!-- STEP 3 -->\n\n<!-- STEP 3 -->\n                    <section class=\"est-it-section\" data-step=\"3\" style=\"display:none\">\n                        <h3>Detaljer om ejendommen<\/h3>\n                        <p class=\"est-it-muted\">Oplysninger om din ejendom i Spanien.<\/p>\n                        <div class=\"est-it-instructions\" data-instr=\"property\"><\/div>\n                        <div class=\"est-it-grid2\">\n                            <div class=\"est-it-field\">\n                                <label>Ejendomstype <span class=\"req\">*<\/span><\/label>\n                                <select name=\"property_type\" id=\"est_property_type\" required>\n                                    <option value=\"\">V\u00e6lg<\/option>\n                                    <option value=\"Apartment\">Lejlighed<\/option>\n                                    <option value=\"House\">Hus<\/option>\n                                    <option value=\"Garage\">Garage<\/option>\n                                    <option value=\"Storage\">Opbevaring<\/option>\n                                    <option value=\"Plot\">Plot<\/option>\n                                <\/select>\n                            <\/div>\n                            <div class=\"est-it-field\">\n                                <label>Adresse p\u00e5 ejendommen <span class=\"req\">*<\/span><\/label>\n                                <input type=\"text\" name=\"property_address\" required \/>\n                            <\/div>\n                            <div class=\"est-it-field\">\n                                <label>Postnummer <span class=\"req\">*<\/span><\/label>\n                                <input type=\"text\" name=\"property_postal_code\" required \/>\n                            <\/div>\n                            <div class=\"est-it-field\">\n                                <label>By <span class=\"req\">*<\/span><\/label>\n                                <input type=\"text\" name=\"property_city\" required \/>\n                            <\/div>\n                            <div class=\"est-it-field\">\n                                <label>Provinsen <span class=\"req\">*<\/span><\/label>\n                                <input type=\"text\" name=\"property_province\" required \/>\n                            <\/div>\n                            <div class=\"est-it-field\">\n                                <label>Matrikelreference <span class=\"req\">*<\/span><\/label>\n                                <input type=\"text\" name=\"cadastral_reference\" required \/>\n                                <div class=\"est-it-help\">Matrikelreferencen og matrikelv\u00e6rdien kan findes p\u00e5 din IBI-skattekvittering.<\/div>\n                            <\/div>\n                            <div class=\"est-it-field\">\n                                <label>Matrikul\u00e6r v\u00e6rdi (\u20ac)<\/label>\n                                <input type=\"number\" step=\"0.01\" min=\"0\" name=\"cadastral_value\" \/>\n                                <div class=\"est-it-help\">Matrikelreferencen og matrikelv\u00e6rdien kan findes p\u00e5 din IBI-skattekvittering.<\/div>\n                            <\/div>\n                            <div class=\"est-it-field\">\n    <label>Ejendom ejet i et helt \u00e5r? <span class=\"req\">*<\/span><\/label>\n    <select name=\"owned_full_year\" id=\"est_owned_full_year\" required>\n        <option value=\"\">V\u00e6lg<\/option>\n        <option value=\"Yes\">Ja<\/option>\n        <option value=\"No\">Nej<\/option>\n    <\/select>\n<\/div>\n\n<div class=\"est-it-field\">\n    <label>Har du solgt eller k\u00f8bt denne ejendom i <span id=\"est_sold_year\"><\/span>? <span class=\"req\">*<\/span><\/label>\n    <select name=\"sold_or_purchased\" id=\"est_sold_or_purchased\" required>\n        <option value=\"\">V\u00e6lg<\/option>\n        <option value=\"No\">Nej<\/option>\n        <option value=\"Yes\">Ja<\/option>\n    <\/select>\n<\/div>\n<\/div>\n                        <div class=\"est-it-actions\">\n                            <button type=\"button\" class=\"est-it-btn est-it-btn-ghost est-it-prev\">Tilbage<\/button>\n                            <button type=\"button\" class=\"est-it-btn est-it-btn-primary est-it-next\">N\u00e6ste<\/button>\n                        <\/div>\n                    <\/section>\n\n                    <!-- STEP 4 -->\n                    <section class=\"est-it-section\" data-step=\"4\" style=\"display:none\">\n                        <h3 id=\"est-step4-title\">Detaljer<\/h3>\n\n                        <div id=\"est-days-owned-wrap\" class=\"est-it-field\" style=\"display:none\">\n                                <label>Antal dage ejet i l\u00f8bet af skatte\u00e5ret <span class=\"req\">*<\/span><\/label>\n                                <input type=\"number\" min=\"0\" max=\"366\" name=\"days_owned\" \/>\n                            <\/div>\n\n                        <div id=\"est-step4-rental\" style=\"display:none\">\n    <div class=\"est-it-instructions\" data-instr=\"rental\"><\/div>\n\n    <p class=\"est-it-help\"><strong>Hvor mange dage var din bolig udlejet i l\u00f8bet af <span id=\"est_rental_year\"><\/span>?<\/strong><\/p>\n\n    <div class=\"est-it-grid2\">\n        <div class=\"est-it-field\">\n            <label>Lejede dage <span class=\"req\">*<\/span><\/label>\n            <input type=\"number\" min=\"0\" max=\"366\" name=\"rented_days\" required \/>\n        <\/div>\n\n        <div class=\"est-it-field\">\n            <label>Type af udlejning <span class=\"req\">*<\/span><\/label>\n            <select name=\"rental_type\" required>\n                <option value=\"\">V\u00e6lg<\/option>\n                <option value=\"Short term rental\">Korttidsudlejning<\/option>\n                <option value=\"Long term rental\">Langtidsleje<\/option>\n            <\/select>\n        <\/div>\n\n        <div class=\"est-it-field\">\n            <label>Lejeindt\u00e6gter (\u20ac) <span class=\"req\">*<\/span><\/label>\n            <input type=\"number\" step=\"0.01\" min=\"0\" name=\"rental_income\" required \/>\n            <div class=\"est-it-help\">Skriv den samlede lejeindt\u00e6gt, du har haft i l\u00f8bet af \u00e5ret.<\/div>\n        <\/div>\n    <\/div>\n\n    <h4 style=\"margin-top:18px;\">Lejeomkostninger<\/h4>\n    <div class=\"est-it-muted\">Nedenfor er en liste over udgifter, der kan v\u00e6re fradragsberettigede if\u00f8lge de spanske skattemyndigheder. Indtast venligst kun bel\u00f8bene for de udgifter, du har. Hvis en kategori ikke g\u00e6lder for dig, skal du blot lade den v\u00e6re tom.<\/div>\n\n    <div class=\"est-it-grid2\" style=\"margin-top:10px;\">\n        <div class=\"est-it-field\">\n            <label>Lokale skatter (\u20ac)<\/label>\n            <input type=\"number\" step=\"0.01\" min=\"0\" name=\"cost_local_taxes\" \/>\n            <div class=\"est-it-help\">De lokale skatter er IBI og gebyrer for affaldsindsamling. Hvis der er tale om langtidsleje, skal du tilf\u00f8je de samlede IBI-omkostninger for \u00e5ret.<\/div>\n        <\/div>\n\n        <div class=\"est-it-field\">\n            <label>F\u00e6llesskabsgebyrer (\u20ac)<\/label>\n            <input type=\"number\" step=\"0.01\" min=\"0\" name=\"cost_community_fees\" \/>\n            <div class=\"est-it-help\">Ved langtidsleje l\u00e6gges de samlede omkostninger for \u00e5ret til. Ved korttidsleje beregnes for den lejede tid.<\/div>\n        <\/div>\n\n        <div class=\"est-it-field\">\n            <label>Forsyningsselskaber (\u20ac)<\/label>\n            <input type=\"number\" step=\"0.01\" min=\"0\" name=\"cost_utilities\" \/>\n            <div class=\"est-it-help\">Udgifter til vand, elektricitet, internet og alarm osv. Ved korttidsudlejning beregnes for den lejede tid.<\/div>\n        <\/div>\n\n        <div class=\"est-it-field\">\n            <label>Renter p\u00e5 realkreditl\u00e5n (\u20ac)<\/label>\n            <input type=\"number\" step=\"0.01\" min=\"0\" name=\"cost_mortgage_interest\" \/>\n            <div class=\"est-it-help\">Hvis det er korttidsleje, skal du beregne for den lejede tid. Hvis det er langtidsleje, skal du skrive de samlede omkostninger for \u00e5ret.<\/div>\n        <\/div>\n\n        <div class=\"est-it-field\">\n            <label>Gebyrer for ejendomsadministration (\u20ac)<\/label>\n            <input type=\"number\" step=\"0.01\" min=\"0\" name=\"cost_property_management\" \/>\n            <div class=\"est-it-help\">Omkostninger til udlejningsadministration, reng\u00f8ring, annoncering, internetportaler som VRBO, Booking og Airbnb osv.<\/div>\n        <\/div>\n\n        <div class=\"est-it-field\">\n            <label>Vedligeholdelses- og reparationsomkostninger (\u20ac)<\/label>\n            <input type=\"number\" step=\"0.01\" min=\"0\" name=\"cost_maintenance_repair\" \/>\n            <div class=\"est-it-help\">Reparationsarbejde, maling og andet vedligeholdelsesarbejde.<\/div>\n        <\/div>\n\n        <div class=\"est-it-field\">\n            <label>Indboforsikring (\u20ac)<\/label>\n            <input type=\"number\" step=\"0.01\" min=\"0\" name=\"cost_home_insurance\" \/>\n            <div class=\"est-it-help\">Hvis der er tale om korttidsudlejning, skal du beregne forsikringsomkostningerne for den lejede tid. Hvis det er langtidsleje, skal du skrive de samlede omkostninger for \u00e5ret.<\/div>\n        <\/div>\n\n        <div class=\"est-it-field\">\n            <label>Andre udgifter (\u20ac)<\/label>\n            <input type=\"number\" step=\"0.01\" min=\"0\" name=\"cost_other_expenses\" \/>\n            <div class=\"est-it-help\">Alt, hvad der er mindre relateret til udlejning.<\/div>\n        <\/div>\n\n        <div class=\"est-it-field\">\n            <label>M\u00f8bler og h\u00e5rde hvidevarer (\u20ac)<\/label>\n            <input type=\"number\" step=\"0.01\" min=\"0\" name=\"cost_furniture_appliances\" \/>\n            <div class=\"est-it-help\">Du kan tr\u00e6kke 10% fra \u00e5rligt af de samlede udgifter til m\u00f8bler og h\u00e5rde hvidevarer.<\/div>\n        <\/div>\n\n        <div class=\"est-it-field\">\n            <label>Vil du beregne de afskrivningsomkostninger, du kan tr\u00e6kke fra? <span class=\"req\">*<\/span><\/label>\n            <select name=\"want_depreciation\" id=\"est_want_depreciation\" required>\n                <option value=\"\">V\u00e6lg<\/option>\n                <option value=\"Yes\">Ja<\/option>\n                <option value=\"No\">Nej<\/option>\n            <\/select>\n        <\/div>\n    <\/div>\n\n    <div id=\"est-depr-section\" style=\"display:none; margin-top:18px;\">\n        <h4>Afskrivning<\/h4>\n        <div class=\"est-it-muted\">Du kan tr\u00e6kke afskrivningen p\u00e5 ejendommen fra. Den beregnes som 3% pr. \u00e5r af den h\u00f8jeste v\u00e6rdi mellem k\u00f8bsprisen og den matrikul\u00e6re v\u00e6rdi, eksklusive v\u00e6rdien af jorden.<\/div>\n\n        <div class=\"est-it-grid2\" style=\"margin-top:10px;\">\n            <div class=\"est-it-field\">\n                <label>Byggeriets matrikelv\u00e6rdi (\u20ac) <span class=\"req\">*<\/span><\/label>\n                <input type=\"number\" step=\"0.01\" min=\"0\" name=\"dep_construction_cadastral_value\" \/>\n                <div class=\"est-it-help\">Byggematrikelv\u00e6rdien er kun v\u00e6rdien af bygningen, men ikke af jorden. Den bruges til skatteberegninger og kan findes p\u00e5 din IBI-skatteopg\u00f8relse.<\/div>\n            <\/div>\n\n            <div class=\"est-it-field\">\n                <label>Anskaffelsesv\u00e6rdi (\u20ac) <span class=\"req\">*<\/span><\/label>\n                <input type=\"number\" step=\"0.01\" min=\"0\" name=\"dep_acquisition_value\" \/>\n                <div class=\"est-it-help\">Anskaffelsesv\u00e6rdien er de samlede omkostninger ved at k\u00f8be din ejendom, inklusive k\u00f8bsprisen og k\u00f8bsomkostningerne. Den bruges til skatteberegninger.<\/div>\n            <\/div>\n        <\/div>\n    <\/div>\n<\/div>\n\n<div id=\"est-step4-decl\" style=\"display:none\">\n                            <p>Denne pakke bruger en enklere form (ingen ejere\/ejendom).<\/p>\n                            <div class=\"est-it-grid2\">\n                                <div class=\"est-it-field\">\n                                    <label>Fornavn <span class=\"req\">*<\/span><\/label>\n                                    <input type=\"text\" name=\"decl_first_name\" required \/>\n                                <\/div>\n                                <div class=\"est-it-field\">\n                                    <label>Efternavn <span class=\"req\">*<\/span><\/label>\n                                    <input type=\"text\" name=\"decl_last_name\" required \/>\n                                <\/div>\n                                <div class=\"est-it-field\">\n                                    <label>Adresse i hjemlandet <span class=\"req\">*<\/span><\/label>\n                                    <input type=\"text\" name=\"decl_address\" required \/>\n                                <\/div>\n                                <div class=\"est-it-field\">\n                                    <label>Postnummer <span class=\"req\">*<\/span><\/label>\n                                    <input type=\"text\" name=\"decl_postal_code\" required \/>\n                                <\/div>\n                                <div class=\"est-it-field\">\n                                    <label>By <span class=\"req\">*<\/span><\/label>\n                                    <input type=\"text\" name=\"decl_city\" required \/>\n                                <\/div>\n                                <div class=\"est-it-field\">\n                                    <label>Land <span class=\"req\">*<\/span><\/label>\n                                    <input type=\"text\" name=\"decl_country\" required \/>\n                                <\/div>\n                                <div class=\"est-it-field\">\n                                    <label>Skatteidentifikationsnummer (NIE \/ pas \/ skatte-ID) <span class=\"req\">*<\/span><\/label>\n                                    <input type=\"text\" name=\"decl_tax_id\" required \/>\n                                <\/div>\n                            <\/div>\n                        <\/div>\n\n                        <div class=\"est-it-actions\">\n                            <button type=\"button\" class=\"est-it-btn est-it-btn-ghost est-it-prev\">Tilbage<\/button>\n                            <button type=\"button\" class=\"est-it-btn est-it-btn-primary est-it-next\">N\u00e6ste<\/button>\n                        <\/div>\n                    <\/section>\n\n                    <!-- STEP 5 -->\n<section class=\"est-it-section\" data-step=\"5\" style=\"display:none\">\n    <h3>Ansl\u00e5et beregning<\/h3>\n                        <div class=\"est-it-instructions\" data-instr=\"estimate\"><\/div>\n    <p class=\"est-it-muted\">Dette er en ansl\u00e5et beregning baseret p\u00e5 dine input.<\/p>\n\n    <div id=\"est-calc-missing\" class=\"est-it-info\" style=\"display:none\">\n        Vi kan ikke beregne den skyldige skat, fordi matrikelv\u00e6rdien mangler.\n    <\/div>\n\n    <div id=\"est-calc-results\" style=\"display:none\">\n        <div class=\"est-it-calcbox\">\n            <div><strong>Skattegrundlag:<\/strong> <span id=\"est_calc_base\">\u2014<\/span><\/div>\n            <div><strong>Skatteprocent:<\/strong> <span id=\"est_calc_rate\">\u2014<\/span><\/div>\n            <div><strong>Samlet skyldig skat (\u20ac):<\/strong> <span id=\"est_calc_total\">\u2014<\/span><\/div>\n        <\/div>\n\n        <div id=\"est-calc-extra\" class=\"est-it-calcbox\" style=\"margin-top:12px; display:none;\">\n            <div><strong>Lejeindt\u00e6gter (\u20ac):<\/strong> <span id=\"est_calc_r_income\">\u2014<\/span><\/div>\n            <div><strong>Samlede fradragsberettigede omkostninger (\u20ac):<\/strong> <span id=\"est_calc_r_costs\">\u2014<\/span><\/div>\n            <div><strong>Afskrivninger (\u20ac):<\/strong> <span id=\"est_calc_r_depr\">\u2014<\/span><\/div>\n            <div><strong>Skattepligtig lejeindt\u00e6gt (\u20ac):<\/strong> <span id=\"est_calc_r_taxable\">\u2014<\/span><\/div>\n        <\/div>\n\n        <h4 style=\"margin-top:16px;\">Skat pr. ejer<\/h4>\n        <div class=\"est-it-tablewrap\">\n            <table class=\"est-it-table\" id=\"est_calc_per_owner\">\n                <thead>\n                    <tr>\n                        <th>Ejer<\/th>\n                        <th>Bop\u00e6lsland<\/th>\n                        <th>Ejerskab %<\/th>\n                        <th>Skattesats<\/th>\n                        <th>Skyldig skat (\u20ac)<\/th>\n                    <\/tr>\n                <\/thead>\n                <tbody><\/tbody>\n            <\/table>\n        <\/div>\n\n        <h4 style=\"margin-top:16px;\">Betalingsm\u00e5de for skatten<\/h4>\n        <div class=\"est-it-muted\">Select how you prefer to pay the tax.<\/div>\n        <div class=\"est-it-grid2\" style=\"margin-top:10px;\">\n            <div class=\"est-it-field\">\n                <label><input type=\"radio\" name=\"tax_payment_alternative\" value=\"Direct Debit\" required> Direkte debitering<\/label>\n                <div class=\"est-it-help\">Vi hj\u00e6lper dig med at oprette en direkte debitering.<\/div>\n            <\/div>\n            <div class=\"est-it-field\">\n                <label><input type=\"radio\" name=\"tax_payment_alternative\" value=\"Bank Transfer\"> Bankoverf\u00f8rsel<\/label>\n                <div class=\"est-it-help\">Vi viser bankoplysninger og instruktioner.<\/div>\n            <\/div>\n            <div class=\"est-it-field\">\n                <label><input type=\"radio\" name=\"tax_payment_alternative\" value=\"Cash Payment\"> Kontant betaling<\/label>\n                <div class=\"est-it-help\">Vi viser trinene til at betale kontant.<\/div>\n            <\/div>\n        <\/div>\n    <\/div>\n\n    <div class=\"est-it-actions\">\n        <button type=\"button\" class=\"est-it-btn est-it-btn-ghost est-it-prev\">Tilbage<\/button>\n        <button type=\"button\" class=\"est-it-btn est-it-btn-primary est-it-next\">Forts\u00e6t til betaling<\/button>\n    <\/div>\n<\/section>\n\n<!-- STEP 6 -->\n\n\n                    <section class=\"est-it-section\" data-step=\"6\" style=\"display:none\">\n                        <h3>Betaling og konto<\/h3>\n\n                        <div class=\"est-it-summary\">\n                            <div><strong>Servicegebyr:<\/strong> <span id=\"est_service_label\"><\/span><\/div>\n                            <div><strong>Pris:<\/strong> \u20ac<span id=\"est_service_price\"><\/span><\/div>\n                        <\/div>\n\n                        <div class=\"est-it-actions\">\n                            <button type=\"button\" class=\"est-it-btn est-it-btn-ghost est-it-prev\">Tilbage<\/button>\n                            <button type=\"submit\" class=\"est-it-btn est-it-btn-primary\">Betal og indsend<\/button>\n                        <\/div>\n                    <\/section>\n\n                <input type=\"hidden\" name=\"trp-form-language\" value=\"da\"\/><\/form>\n            <\/div>\n        <\/div>\n        <\/div>\n\t\t\t\t\t\t<\/div>\n\t\t\t\t\t<\/div>\n\t\t\t\t<\/div>\n\t\t\t\t<\/div>","protected":false},"excerpt":{"rendered":"","protected":false},"author":1,"featured_media":0,"parent":0,"menu_order":0,"comment_status":"closed","ping_status":"closed","template":"elementor_theme","meta":{"footnotes":""},"class_list":["post-5544","page","type-page","status-publish","hentry"],"aioseo_notices":[],"_links":{"self":[{"href":"https:\/\/www.easyspanishtax.com\/da\/wp-json\/wp\/v2\/pages\/5544","targetHints":{"allow":["GET"]}}],"collection":[{"href":"https:\/\/www.easyspanishtax.com\/da\/wp-json\/wp\/v2\/pages"}],"about":[{"href":"https:\/\/www.easyspanishtax.com\/da\/wp-json\/wp\/v2\/types\/page"}],"author":[{"embeddable":true,"href":"https:\/\/www.easyspanishtax.com\/da\/wp-json\/wp\/v2\/users\/1"}],"replies":[{"embeddable":true,"href":"https:\/\/www.easyspanishtax.com\/da\/wp-json\/wp\/v2\/comments?post=5544"}],"version-history":[{"count":119,"href":"https:\/\/www.easyspanishtax.com\/da\/wp-json\/wp\/v2\/pages\/5544\/revisions"}],"predecessor-version":[{"id":6830,"href":"https:\/\/www.easyspanishtax.com\/da\/wp-json\/wp\/v2\/pages\/5544\/revisions\/6830"}],"wp:attachment":[{"href":"https:\/\/www.easyspanishtax.com\/da\/wp-json\/wp\/v2\/media?parent=5544"}],"curies":[{"name":"wp","href":"https:\/\/api.w.org\/{rel}","templated":true}]}}